{"id":44386,"date":"2020-09-17T00:02:00","date_gmt":"2020-09-16T22:02:00","guid":{"rendered":"https:\/\/www.specialscentshop.com\/product\/diffuseur-de-parfum-s600\/"},"modified":"2025-02-23T20:11:56","modified_gmt":"2025-02-23T19:11:56","slug":"diffuseur-de-parfum-s600","status":"publish","type":"product","link":"https:\/\/www.specialscentshop.com\/fr\/produit\/diffuseur-de-parfum-s600\/","title":{"rendered":"Diffuseur de parfum S600"},"content":{"rendered":"<section class=\"av_textblock_section \">\n<div class=\"avia_textblock \">\n<h2>S 600 Parfumeur d&#8217;int\u00e9rieur de luxe<\/h2>\n<ul>\n<li>Son <strong>design \u00e9l\u00e9gant<\/strong> lui permet de s&#8217;adapter \u00e0 tout type d&#8217;environnement exclusif et de se marier parfaitement avec des meubles modernes.<\/li>\n<li>Le <strong>Parfumeur d&#8217;int\u00e9rieur de luxe<\/strong> <strong>S600<\/strong> convient aux magasins, aux bureaux, aux salles d&#8217;attente et, \u00e0 la maison, son \u00e9l\u00e9gance ne passe pas inaper\u00e7ue.<\/li>\n<li>Le<strong> Parfumeur d&#8217;int\u00e9rieur de luxe\u00a0S600<\/strong> est tr\u00e8s facile \u00e0 utiliser, vous pouvez l&#8217;acheter en configuration t\u00e9l\u00e9commande, ou avec l&#8217;application Bluetooth pour smartphones Ios\/Android.<\/li>\n<li>Son silence lui permet d&#8217;\u00eatre utilis\u00e9 dans des environnements silencieux.<\/li>\n<li>Programmation horaire du fonctionnement, 4-6-8 heures, puis arr\u00eat automatique, et possibilit\u00e9 de r\u00e9gler l&#8217;<strong>intensit\u00e9 du parfum<\/strong> en 4 variantes.<\/li>\n<\/ul>\n<h2><strong>Caract\u00e9ristiques techniques :<\/strong><\/h2>\n<ul>\n<li>Mat\u00e9riau : Aluminium<\/li>\n<li>Dimensions : Hauteur=980 mm | Diam\u00e8tre= 70 cm<\/li>\n<li>Couleur : disponible en deux couleurs : Noir satin\u00e9 et Acier inoxydable<\/li>\n<li>Alimentation : transformateur 220\/12 V<\/li>\n<li>Puissance : 10 Watts<\/li>\n<li>Alimentation de la pompe : 12 V<\/li>\n<li>Niveau sonore : inf\u00e9rieur \u00e0 20 Db<\/li>\n<li>R\u00e9cipient de recharge : 130 ml<\/li>\n<li>Consommation maximale d&#8217;huile : 1-2 ml\/heure<\/li>\n<li>Couverture maximale : 280 m\u00b3<\/li>\n<li>Poids : 2,8 kg<\/li>\n<li>Installation : Positionnement au sol<\/li>\n<li>Fonctionnement pour la commutation et la programmation : T\u00e9l\u00e9commande pour la version noire, Bluetooth APP pour la version en acier inoxydable<\/li>\n<\/ul>\n<p><em><span style=\"color: #ff0000;\">\u2217 Les sp\u00e9cifications du produit restent inchang\u00e9es pour les versions Bluetooth et t\u00e9l\u00e9commande.<\/span><\/em><\/p>\n<h2><strong>Quel parfum utiliser sur le diffuseur \u00e9lectrique Special Scent design ?<\/strong><\/h2>\n<ul>\n<li>Special Scent dispose d&#8217;une large gamme de <strong>parfums d&#8217;ambiance<\/strong> huileux certifi\u00e9s et enregistr\u00e9s pour parfumer n&#8217;importe quel environnement, en cr\u00e9ant un impact attrayant et relaxant destin\u00e9 \u00e0 votre bien-\u00eatre personnel et au confort de vos clients.<\/li>\n<li>Special Scent n&#8217;oblige pas \u00e0 acheter des parfums, mais recommande de ne pas utiliser d&#8217;huiles solubles dans l&#8217;eau, ni d&#8217;huiles utilis\u00e9es dans les diffuseurs \u00e0 bois.<\/li>\n<li>Special Scent est votre partenaire id\u00e9al pour parfumer votre espace. Sur notre site, vous trouverez la meilleure solution pour <a href=\"https:\/\/www.specialscentshop.com\/fr\/parfum-dambiance\/\">votre environnement<\/a>, des fragrances aux <strong>diffuseurs de parfum<\/strong>.<\/li>\n<\/ul>\n<p><em><strong>lire la suite : <a href=\"https:\/\/www.specialscentshop.com\/fr\/produit\/diffuseur-de-parfum-s400\/\">S 400<\/a><\/strong><\/em><\/p>\n<\/div>\n<\/section>\n","protected":false},"excerpt":{"rendered":"<div class=\"woocommerce-product-details__short-description\">\n<p>Le <strong>parfumeur d&#8217;ambiance de luxe S600<\/strong> est une machine incroyablement silencieuse et, gr\u00e2ce \u00e0 son application, vous pouvez ajuster la <strong>diffusion de la senteur<\/strong> \u00e0 votre convenance.<\/p>\n<\/div>\n<p><strong>Vous pouvez trouver le parfum qui vous convient le mieux en consultant notre catalogue sur <a href=\"https:\/\/www.specialscentshop.com\/fr\/parfums-et-fragrances\/\">CE lien<\/a><\/strong><br \/>\n<a href=\"https:\/\/www.specialscentshop.com\/fr\/parfums-dambiance-drinkfood\/\"><strong>ou trouvez les parfums d&#8217;ambiance Drink&amp;Food sur CE lien<\/strong><\/a><\/p>\n","protected":false},"featured_media":44387,"template":"","meta":{"_acf_changed":false},"product_brand":[],"product_cat":[783],"product_tag":[784,785],"class_list":{"0":"post-44386","1":"product","2":"type-product","3":"status-publish","4":"has-post-thumbnail","6":"product_cat-diffuseur-de-parfum-desodorisants-dambiance","7":"product_tag-domicile","8":"product_tag-bureau","10":"first","11":"instock","12":"taxable","13":"shipping-taxable","14":"purchasable","15":"product-type-variable"},"acf":[],"_links":{"self":[{"href":"https:\/\/www.specialscentshop.com\/fr\/wp-json\/wp\/v2\/product\/44386","targetHints":{"allow":["GET"]}}],"collection":[{"href":"https:\/\/www.specialscentshop.com\/fr\/wp-json\/wp\/v2\/product"}],"about":[{"href":"https:\/\/www.specialscentshop.com\/fr\/wp-json\/wp\/v2\/types\/product"}],"wp:featuredmedia":[{"embeddable":true,"href":"https:\/\/www.specialscentshop.com\/fr\/wp-json\/wp\/v2\/media\/44387"}],"wp:attachment":[{"href":"https:\/\/www.specialscentshop.com\/fr\/wp-json\/wp\/v2\/media?parent=44386"}],"wp:term":[{"taxonomy":"product_brand","embeddable":true,"href":"https:\/\/www.specialscentshop.com\/fr\/wp-json\/wp\/v2\/product_brand?post=44386"},{"taxonomy":"product_cat","embeddable":true,"href":"https:\/\/www.specialscentshop.com\/fr\/wp-json\/wp\/v2\/product_cat?post=44386"},{"taxonomy":"product_tag","embeddable":true,"href":"https:\/\/www.specialscentshop.com\/fr\/wp-json\/wp\/v2\/product_tag?post=44386"}],"curies":[{"name":"wp","href":"https:\/\/api.w.org\/{rel}","templated":true}]}}