{"id":44395,"date":"2020-09-15T00:01:00","date_gmt":"2020-09-14T22:01:00","guid":{"rendered":"https:\/\/www.specialscentshop.com\/product\/diffuseur-de-parfum-s650\/"},"modified":"2025-06-15T09:01:39","modified_gmt":"2025-06-15T07:01:39","slug":"diffuseur-de-parfum-s650","status":"publish","type":"product","link":"https:\/\/www.specialscentshop.com\/fr\/produit\/diffuseur-de-parfum-s650\/","title":{"rendered":"Diffuseur de parfum S650"},"content":{"rendered":"<div id=\"m_6089332781491418943gmail-m_8932035346261131965replybody1\">\n<div id=\"m_6089332781491418943gmail-m_8932035346261131965v1replybody1\">\n<h2>O\u00f9 utiliser le diffuseur de parfum d&#8217;ambiance S650 Large ?<\/h2>\n<ul>\n<li>Sa <a href=\"https:\/\/it.wikipedia.org\/wiki\/Design\" target=\"_blank\" rel=\"noopener\">forme cylindrique<\/a> lui permet d&#8217;\u00eatre plac\u00e9 \u00e0 plusieurs endroits dans la <strong>pi\u00e8ce \u00e0 parfumer<\/strong>.<\/li>\n<li>Le <strong>diffuseur de parfum S650 Large Room<\/strong> est une solution optimale pour parfumer les boutiques, les salles d&#8217;attente et les cabinets m\u00e9dicaux.<\/li>\n<li>Ses fonctions de programmation le rendent indispensable dans les r\u00e9ceptions d&#8217;h\u00f4tels et les grands immeubles d&#8217;habitation.<\/li>\n<li>Excellent positionnement dans les environnements humides, les spas, les centres de bien-\u00eatre.<\/li>\n<li>Diffuseur de parfum mobile parfait, pour cr\u00e9er un environnement parfum\u00e9 sur les stands de foire.<\/li>\n<li>Programmation horaire du fonctionnement quotidien, r\u00e9glage personnalis\u00e9 de l&#8217;intensit\u00e9 du parfum.<\/li>\n<\/ul>\n<h2><strong>Caract\u00e9ristiques techniques du diffuseur de parfum \u00e9lectrique S650 Large Ambience<\/strong><\/h2>\n<section class=\"av_textblock_section \">\n<div class=\"avia_textblock \">\n<ul>\n<li>Mat\u00e9riau : plastique<\/li>\n<li>Dimensions : hauteur 630 mm, longueur 180 mm, diam\u00e8tre 180 mm,<\/li>\n<li>Poids net : 5,5 kg<\/li>\n<li>Couleurs : blanc, noir<\/li>\n<li>Puissance : 11 W<\/li>\n<li>Tension nominale : DC 12 V transformateur dans l&#8217;emballage.<\/li>\n<li>Niveau sonore : 40 dba<\/li>\n<li>Consommation de parfum : 3,3 ml\/heure<\/li>\n<li>Capacit\u00e9 de la bouteille : 1000 ml<\/li>\n<li>Pulv\u00e9risation \u00e0 froid autonome<\/li>\n<li>Couverture 2000 M3<\/li>\n<li><span style=\"color: #000000;\"><strong>D\u00e9sormais disponible avec les applications Bluetooth et Wi-Fi incluses<\/strong><\/span><\/li>\n<\/ul>\n<p><em><span style=\"color: #ff0000;\">\u2217 Les caract\u00e9ristiques techniques du produit restent inchang\u00e9es pour toutes les versions : Bluetooth, WI FI T\u00e9l\u00e9commande.<\/span><\/em><\/p>\n<\/div>\n<\/section>\n<h2><strong>Quel parfum utiliser sur les diffuseurs d&#8217;ambiance Special Scent ?<\/strong><\/h2>\n<ul>\n<li>Special Scent dispose d&#8217;une large gamme de<strong> parfums d&#8217;ambiance<\/strong> huileux certifi\u00e9s et enregistr\u00e9s pour parfumer n&#8217;importe quel environnement et pour cr\u00e9er un impact attrayant sur la client\u00e8le gr\u00e2ce \u00e0 la technique du <a title=\"marketing olfactif\" href=\"https:\/\/www.specialscentshop.com\/fr\/marketing-olfactif\/\" data-internallinksmanager029f6b8e52c=\"5\">marketing olfactif<\/a>.<\/li>\n<li>Special Scent n&#8217;oblige pas \u00e0 acheter des parfums, mais <strong>recommande de ne pas utiliser d&#8217;huiles solubles dans l&#8217;eau, ni d&#8217;huiles utilis\u00e9es dans les diffuseurs \u00e0 bois.<\/strong><\/li>\n<li>Special Scent est votre partenaire id\u00e9al pour parfumer votre espace. Sur notre site, vous trouverez la meilleure solution pour votre environnement, des fragrances aux <strong>diffuseurs de parfum<\/strong>.<\/li>\n<\/ul>\n<p><em><strong>Lire la suite : Diffuseur electrique de parfum pour grands espaces <a href=\"https:\/\/www.specialscentshop.com\/fr\/produit\/diffuseur-intelligent-s-660\/\">S 660<\/a><\/strong><\/em><\/p>\n<p>&nbsp;<\/p>\n<\/div>\n<\/div>\n","protected":false},"excerpt":{"rendered":"<p>Le Diffuseur de parfum \u00e9lectrique pour grands espaces S650 n&#8217;a pas besoin d&#8217;un grand espace pour \u00eatre plac\u00e9 l\u00e0 o\u00f9 il peut strat\u00e9giquement diffuser un plus grand nombre de parfums.<\/p>\n<p><span style=\"color: #ff0000;\"><strong>Maintenant aussi disponible avec Bluetooth APP ou WI FI !<\/strong><\/span><\/p>\n<p><strong>Vous pouvez trouver le parfum qui vous convient le mieux en consultant notre catalogue sur <\/strong><br \/>\n<a href=\"https:\/\/www.specialscentshop.com\/fr\/parfums-dambiance-drinkfood\/\"><strong>ou trouvez les parfums d&#8217;ambiance Drink&amp;Food sur CE lien<\/strong><\/a><\/p>\n","protected":false},"featured_media":44396,"template":"","meta":{"_acf_changed":false},"product_brand":[],"product_cat":[783],"product_tag":[870,904,906,785,786,787,1117,788,867],"class_list":{"0":"post-44395","1":"product","2":"type-product","3":"status-publish","4":"has-post-thumbnail","6":"product_cat-diffuseur-de-parfum-desodorisants-dambiance","7":"product_tag-cabinets-medicaux-cliniques","8":"product_tag-foires-et-evenements","9":"product_tag-mariages","10":"product_tag-bureau","11":"product_tag-hotel-bb-fr","12":"product_tag-magasins-shopping","13":"product_tag-diffuseurs-pour-grands-environnements","14":"product_tag-restaurants-et-bars","15":"product_tag-salles-de-jeux","17":"first","18":"instock","19":"taxable","20":"shipping-taxable","21":"purchasable","22":"product-type-variable"},"acf":[],"_links":{"self":[{"href":"https:\/\/www.specialscentshop.com\/fr\/wp-json\/wp\/v2\/product\/44395","targetHints":{"allow":["GET"]}}],"collection":[{"href":"https:\/\/www.specialscentshop.com\/fr\/wp-json\/wp\/v2\/product"}],"about":[{"href":"https:\/\/www.specialscentshop.com\/fr\/wp-json\/wp\/v2\/types\/product"}],"wp:featuredmedia":[{"embeddable":true,"href":"https:\/\/www.specialscentshop.com\/fr\/wp-json\/wp\/v2\/media\/44396"}],"wp:attachment":[{"href":"https:\/\/www.specialscentshop.com\/fr\/wp-json\/wp\/v2\/media?parent=44395"}],"wp:term":[{"taxonomy":"product_brand","embeddable":true,"href":"https:\/\/www.specialscentshop.com\/fr\/wp-json\/wp\/v2\/product_brand?post=44395"},{"taxonomy":"product_cat","embeddable":true,"href":"https:\/\/www.specialscentshop.com\/fr\/wp-json\/wp\/v2\/product_cat?post=44395"},{"taxonomy":"product_tag","embeddable":true,"href":"https:\/\/www.specialscentshop.com\/fr\/wp-json\/wp\/v2\/product_tag?post=44395"}],"curies":[{"name":"wp","href":"https:\/\/api.w.org\/{rel}","templated":true}]}}