{"id":44482,"date":"2020-09-26T00:02:00","date_gmt":"2020-09-25T22:02:00","guid":{"rendered":"https:\/\/www.specialscentshop.com\/product\/diffuseur-de-parfum-s200\/"},"modified":"2026-02-08T18:00:02","modified_gmt":"2026-02-08T17:00:02","slug":"diffuseur-de-parfum-s200","status":"publish","type":"product","link":"https:\/\/www.specialscentshop.com\/fr\/produit\/diffuseur-de-parfum-s200\/","title":{"rendered":"Diffuseur de parfum S 200"},"content":{"rendered":"<h2><b>O\u00f9 utiliser le diffuseur d&#8217;ambiance \u00e9lectrique S200 ?<\/b><\/h2>\n<ul>\n<li>Diffuseur d&#8217;ambiance \u00e9lectrique universel pour prise \u00e9lectrique Schuko, angle de 45<\/li>\n<li>Diffusion de parfums dans les petits environnements commerciaux et domestiques<\/li>\n<li>Id\u00e9al pour les <strong>couloirs d&#8217;h\u00f4tels<\/strong>, les <strong>petits magasins<\/strong>, les <strong>petits bureaux<\/strong> et tout environnement domestique.<\/li>\n<li>Parfumez la pi\u00e8ce avec une gestion intelligente du diffuseur de parfum, gr\u00e2ce \u00e0 son application Bluetooth, qui peut \u00eatre t\u00e9l\u00e9charg\u00e9e en ligne.<\/li>\n<li>Programmation quotidienne et hebdomadaire du parfumeur Scent 2oo et contr\u00f4le de la distribution du parfum<\/li>\n<\/ul>\n<h2><strong>Caract\u00e9ristiques techniques du diffuseur \u00e9lectrique S200<\/strong><\/h2>\n<ul>\n<li>Dimensions : Hauteur=214 mm | Diam\u00e8tre=122 mm | Profondeur (\u00e0 la prise) = 65 mm<\/li>\n<li>Couleur : blanc\/noir<\/li>\n<li>Alimentation : transformateur 220\/12 Volt<\/li>\n<li>Bruit : moins de 8 d\u00e9cibels<\/li>\n<li>Capacit\u00e9 du r\u00e9cipient : 100 ml<\/li>\n<li>Consommation maximale de parfum huileux : 0,30 ml\/heure<\/li>\n<li>Couverture maximale : 100 m\u00b3<\/li>\n<li>Poids : 300 g<\/li>\n<li>Installation : branch\u00e9 avec fonctionnement programmable<\/li>\n<li>Contr\u00f4le Bluetooth<\/li>\n<\/ul>\n<h2><strong>Quel parfum utiliser sur les diffuseurs d&#8217;ambiance Special scent ?<\/strong><\/h2>\n<ul>\n<li>Special scent dispose d&#8217;une large gamme de senteurs d&#8217;ambiance huileuses certifi\u00e9es et enregistr\u00e9es pour parfumer n&#8217;importe quel environnement et cr\u00e9er un impact attrayant sur la client\u00e8le gr\u00e2ce \u00e0 la technique du marketing olfactif.<\/li>\n<li>Special scent n&#8217;oblige pas \u00e0 acheter des parfums, mais <strong>recommande de ne pas utiliser d&#8217;huiles solubles dans l&#8217;eau, ni d&#8217;huiles utilis\u00e9es dans les diffuseurs \u00e0 bois.<\/strong><\/li>\n<li>Special scent est votre partenaire id\u00e9al pour parfumer votre espace. Sur notre site, vous trouverez la meilleure solution pour votre environnement, des fragrances aux diffuseurs de parfum.<\/li>\n<\/ul>\n<p><em><strong>lire la suite : <a href=\"https:\/\/www.specialscentshop.com\/fr\/produit\/enceinte-de-parfum-bluetooth-s150\/\">Diffuseur de parfum Bluetooth S150<\/a><\/strong><\/em><\/p>\n","protected":false},"excerpt":{"rendered":"<p>Si vous avez beaucoup de pi\u00e8ces \u00e0 parfumer comme un <strong>h\u00f4tel, des<\/strong> <strong>bureaux<\/strong>, le<strong> diffuseur d&#8217;ambiance \u00e9lectrique <\/strong>professionnel est la solution id\u00e9ale.<\/p>\n<p>Le <strong>Diffuseur d&#8217;ambiance \u00e9lectrique<\/strong> sera votre diffuseur de parfum id\u00e9al.<strong>Vous pouvez trouver le parfum qui vous convient le mieux en consultant notre catalogue sur<a href=\"https:\/\/www.specialscentshop.com\/fr\/parfums-et-fragrances\/\"> CE lien<\/a><\/strong><br \/>\n<a href=\"https:\/\/www.specialscentshop.com\/fr\/parfums-dambiance-drinkfood\/\"><strong>ou trouvez les parfums d&#8217;ambiance Drink&amp;Food sur CE lien<\/strong><\/a><\/p>\n","protected":false},"featured_media":44483,"template":"","meta":{"_acf_changed":false},"product_brand":[],"product_cat":[783],"product_tag":[870,902,785,786,787,788,868],"class_list":{"0":"post-44482","1":"product","2":"type-product","3":"status-publish","4":"has-post-thumbnail","6":"product_cat-diffuseur-de-parfum-desodorisants-dambiance","7":"product_tag-cabinets-medicaux-cliniques","8":"product_tag-condominiums","9":"product_tag-bureau","10":"product_tag-hotel-bb-fr","11":"product_tag-magasins-shopping","12":"product_tag-restaurants-et-bars","13":"product_tag-gymnases-et-sports","15":"first","16":"instock","17":"taxable","18":"shipping-taxable","19":"purchasable","20":"product-type-variable"},"acf":[],"_links":{"self":[{"href":"https:\/\/www.specialscentshop.com\/fr\/wp-json\/wp\/v2\/product\/44482","targetHints":{"allow":["GET"]}}],"collection":[{"href":"https:\/\/www.specialscentshop.com\/fr\/wp-json\/wp\/v2\/product"}],"about":[{"href":"https:\/\/www.specialscentshop.com\/fr\/wp-json\/wp\/v2\/types\/product"}],"wp:featuredmedia":[{"embeddable":true,"href":"https:\/\/www.specialscentshop.com\/fr\/wp-json\/wp\/v2\/media\/44483"}],"wp:attachment":[{"href":"https:\/\/www.specialscentshop.com\/fr\/wp-json\/wp\/v2\/media?parent=44482"}],"wp:term":[{"taxonomy":"product_brand","embeddable":true,"href":"https:\/\/www.specialscentshop.com\/fr\/wp-json\/wp\/v2\/product_brand?post=44482"},{"taxonomy":"product_cat","embeddable":true,"href":"https:\/\/www.specialscentshop.com\/fr\/wp-json\/wp\/v2\/product_cat?post=44482"},{"taxonomy":"product_tag","embeddable":true,"href":"https:\/\/www.specialscentshop.com\/fr\/wp-json\/wp\/v2\/product_tag?post=44482"}],"curies":[{"name":"wp","href":"https:\/\/api.w.org\/{rel}","templated":true}]}}