{"id":44507,"date":"2020-09-23T00:09:53","date_gmt":"2020-09-22T22:09:53","guid":{"rendered":"https:\/\/www.specialscentshop.com\/product\/diffuseur-de-parfum-302\/"},"modified":"2025-02-07T12:49:05","modified_gmt":"2025-02-07T11:49:05","slug":"diffuseur-de-parfum-302","status":"publish","type":"product","link":"https:\/\/www.specialscentshop.com\/fr\/produit\/diffuseur-de-parfum-302\/","title":{"rendered":"Diffuseur de parfum 302"},"content":{"rendered":"<h2>Diffuseur de parfum d&#8217;ambiance S 302<\/h2>\n<p>De nombreuses solutions pour installer le <strong>diffuseur \u00e9lectrique de parfum de maison<\/strong> S 302, au sol, sur un meuble, au mur. Id\u00e9al pour les pi\u00e8ces jusqu&#8217;\u00e0 240 m3, la maison, le bureau, le cabinet m\u00e9dical, pour les petites r\u00e9ceptions d&#8217;h\u00f4tel. Programmation silencieuse, avec application Bluetooth, programmes de commutation quotidiens et hebdomadaires. Diffusion de la senteur par capillarit\u00e9 dans toute la pi\u00e8ce en connectant le tube au VMC.<\/p>\n<h3><strong>Caract\u00e9ristiques techniques du Diffuseur de parfum d&#8217;ambiance:<\/strong><\/h3>\n<ul>\n<li style=\"list-style-type: none;\">\n<ul>\n<li>Mat\u00e9riau : m\u00e9tal<\/li>\n<li>Dimensions : 160 x 86,5 x 205 mm<\/li>\n<li>Couleur : Noir<\/li>\n<li>Alimentation : transformateur 220\/12 V<\/li>\n<li>Puissance : 8 Watts<\/li>\n<li>Alimentation de la pompe : 12 V<\/li>\n<li>Niveau sonore : inf\u00e9rieur \u00e0 35 Db<\/li>\n<li>Conteneur de recharge : 0,200 kg<\/li>\n<li>Consommation maximale d&#8217;huile : 2,5 ml\/heure<\/li>\n<li>Couverture maximale : 300 m\u00b3<\/li>\n<li><span style=\"vertical-align: inherit;\"><span style=\"vertical-align: inherit;\">Poids : 1,9 kg<\/span><\/span><\/li>\n<li>Installation : sur table\/\u00e9tag\u00e8re ou au mur \u00e0 une hauteur maximale de 160 cm, ou raccord\u00e9 \u00e0 une gaine (HVAC)<\/li>\n<li>Commande de commutation et de programmation : APP Bluetooth \u00e0 t\u00e9l\u00e9charger sur Smartphone, Ios, Android<\/li>\n<\/ul>\n<\/li>\n<\/ul>\n<p>&nbsp;<\/p>\n<h2><strong>Quel parfum utiliser sur le parfum d&#8217;ambiance de luxe Special Scent ?<\/strong><\/h2>\n<ul>\n<li>Special Scent dispose d&#8217;une large gamme de parfums d&#8217;ambiance huileux certifi\u00e9s et enregistr\u00e9s pour parfumer n&#8217;importe quel environnement et pour cr\u00e9er un impact attrayant sur la client\u00e8le gr\u00e2ce \u00e0 la technique du marketing olfactif.<\/li>\n<li>Special Scent n&#8217;oblige pas \u00e0 acheter des parfums, mais <strong>recommande de ne pas utiliser d&#8217;huiles solubles dans l&#8217;eau, ni d&#8217;huiles utilis\u00e9es dans les diffuseurs \u00e0 bois.<\/strong><\/li>\n<li>Special Scent est votre partenaire id\u00e9al pour parfumer votre espace. Sur notre site, vous trouverez la meilleure solution pour votre environnement, des fragrances aux diffuseurs de parfum.<\/li>\n<\/ul>\n<p><em><strong>lire la suite : <a href=\"https:\/\/www.specialscentshop.com\/fr\/produit\/diffuseur-de-parfum-s-301\/\">Diffuseur de parfum S 301<\/a><\/strong><\/em><\/p>\n","protected":false},"excerpt":{"rendered":"<p><strong>Diffuseur de parfum d&#8217;ambiance S 302<\/strong><\/p>\n<p>&nbsp;<\/p>\n<p><strong>Vous pouvez trouver le parfum qui vous convient le mieux en consultant notre catalogue sur <a href=\"https:\/\/www.specialscentshop.com\/fr\/parfums-et-fragrances\/\">CE lien<\/a><\/strong><br \/>\n<a href=\"https:\/\/www.specialscentshop.com\/fr\/parfums-dambiance-drinkfood\/\"><strong>ou retrouvez les parfums d&#8217;ambiance Drink&amp;Food sur CE lien<\/strong><\/a><\/p>\n","protected":false},"featured_media":44508,"template":"","meta":{"_acf_changed":false},"product_brand":[],"product_cat":[783],"product_tag":[],"class_list":{"0":"post-44507","1":"product","2":"type-product","3":"status-publish","4":"has-post-thumbnail","6":"product_cat-diffuseur-de-parfum-desodorisants-dambiance","8":"first","9":"instock","10":"taxable","11":"shipping-taxable","12":"purchasable","13":"product-type-simple"},"acf":[],"_links":{"self":[{"href":"https:\/\/www.specialscentshop.com\/fr\/wp-json\/wp\/v2\/product\/44507","targetHints":{"allow":["GET"]}}],"collection":[{"href":"https:\/\/www.specialscentshop.com\/fr\/wp-json\/wp\/v2\/product"}],"about":[{"href":"https:\/\/www.specialscentshop.com\/fr\/wp-json\/wp\/v2\/types\/product"}],"wp:featuredmedia":[{"embeddable":true,"href":"https:\/\/www.specialscentshop.com\/fr\/wp-json\/wp\/v2\/media\/44508"}],"wp:attachment":[{"href":"https:\/\/www.specialscentshop.com\/fr\/wp-json\/wp\/v2\/media?parent=44507"}],"wp:term":[{"taxonomy":"product_brand","embeddable":true,"href":"https:\/\/www.specialscentshop.com\/fr\/wp-json\/wp\/v2\/product_brand?post=44507"},{"taxonomy":"product_cat","embeddable":true,"href":"https:\/\/www.specialscentshop.com\/fr\/wp-json\/wp\/v2\/product_cat?post=44507"},{"taxonomy":"product_tag","embeddable":true,"href":"https:\/\/www.specialscentshop.com\/fr\/wp-json\/wp\/v2\/product_tag?post=44507"}],"curies":[{"name":"wp","href":"https:\/\/api.w.org\/{rel}","templated":true}]}}