{"id":44512,"date":"2020-09-21T00:02:00","date_gmt":"2020-09-20T22:02:00","guid":{"rendered":"https:\/\/www.specialscentshop.com\/product\/diffuseur-de-parfum-s400\/"},"modified":"2025-12-18T08:07:27","modified_gmt":"2025-12-18T07:07:27","slug":"diffuseur-de-parfum-s400","status":"publish","type":"product","link":"https:\/\/www.specialscentshop.com\/fr\/produit\/diffuseur-de-parfum-s400\/","title":{"rendered":"Diffuseur de parfum S400"},"content":{"rendered":"<h2>O\u00f9 utiliser le diffuseur de parfum \u00e9lectrique S400 ?<\/h2>\n<ul>\n<li>Le <strong>design<\/strong> simple mais pr\u00e9cis <strong>du diffuseur<\/strong> lui permet de s&#8217;adapter \u00e0 tout type d&#8217;environnement et de se marier parfaitement avec <strong>meubles modernes<\/strong><\/li>\n<li>Le parfumeur \u00e9lectrique S400 convient aux petits <strong>magasins<\/strong>, aux <strong>bureaux<\/strong>, aux <strong>salles d&#8217;attente<\/strong> et, \u00e0 la maison, son \u00e9l\u00e9gance ne passe pas inaper\u00e7ue.<\/li>\n<li>Le <strong>\u00a0Diffuseur de parfum \u00e9lectrique\u00a0<\/strong> S 400 peut \u00eatre plac\u00e9 dans les chambres d&#8217;h\u00f4tels de luxe et le personnel peut modifier la programmation de l&#8217;ext\u00e9rieur pour r\u00e9pondre aux besoins des clients.<\/li>\n<li>Son application Bluetooth t\u00e9l\u00e9chargeable sur les appareils Ios\/Android permet de programmer le fonctionnement.<\/li>\n<li>Programmation quotidienne des heures de fonctionnement, avec r\u00e9glage de l&#8217;intensit\u00e9 des odeurs.<\/li>\n<li>Son silence en fait le <strong>diffuseur d&#8217;ar\u00f4mes<\/strong> le plus silencieux du march\u00e9.<\/li>\n<\/ul>\n<h2><strong>Caract\u00e9ristiques techniques du diffuseur de parfum \u00e9lectrique S400<\/strong><\/h2>\n<section class=\"av_textblock_section \">\n<div class=\"avia_textblock \">\n<ul>\n<li>Volts : 125\/230 V<\/li>\n<li>Alimentation de la pompe : 12 V<\/li>\n<li>Puissance : 10 Watts<\/li>\n<li>Cubage de parfum : 150 &#8211; 250 M\u00b3<\/li>\n<li>Niveau sonore : 2 Db<\/li>\n<li>Consommation d&#8217;essence : 1\/2 gramme\/heure<\/li>\n<li>Mat\u00e9riau ext\u00e9rieur : acier<\/li>\n<li>Couleur : noir et argent<\/li>\n<li>Poids : 1,4 kg<\/li>\n<li>Technologie Bluetooth<\/li>\n<\/ul>\n<h2><strong>Quel parfum utiliser sur les diffuseurs d&#8217;ambiance Special Scent ?<\/strong><\/h2>\n<ul>\n<li>Special scent dispose d&#8217;une large gamme de <a href=\"https:\/\/www.specialscentshop.com\/fr\/parfums-et-fragrances\/\">parfums d&#8217;<\/a> ambiance huileuses certifi\u00e9es et enregistr\u00e9es pour parfumer n&#8217;importe quel environnement et cr\u00e9er un impact attrayant sur la client\u00e8le gr\u00e2ce \u00e0 la technique du marketing olfactif<strong>.<\/strong><\/li>\n<li>Special Scent n&#8217;oblige pas \u00e0 acheter des parfums, mais <strong>recommande de ne pas utiliser d&#8217;huiles solubles dans l&#8217;eau, ni d&#8217;huiles utilis\u00e9es dans les diffuseurs \u00e0 bois.<\/strong><\/li>\n<li>Special Scent est votre partenaire id\u00e9al pour <strong>parfumer votre espace<\/strong>. Sur notre site, vous trouverez la meilleure solution pour votre environnement, des fragrances aux diffuseurs de parfum.<\/li>\n<\/ul>\n<p><em><strong>lire la suite<\/strong> <\/em><strong>Meilleur diffuseur de parfum \u00e9lectrique<\/strong> <a href=\"https:\/\/www.specialscentshop.com\/fr\/produit\/diffuseur-de-parfum-s600\/\">S 600<\/a><\/p>\n<p><em><strong>:<\/strong><\/em><\/p>\n<div class=\"B2VR9 CJHX3e\">\n<div class=\"wyccme\">\n<div>\n<div class=\"oatEtb\">\n<div class=\"mtv5bd\"><\/div>\n<\/div>\n<\/div>\n<\/div>\n<\/div>\n<\/div>\n<\/section>\n","protected":false},"excerpt":{"rendered":"<p>Le diffuseur de parfum \u00e9lectrique,<strong> parfum d&#8217;ambiance design<\/strong> en acier, de couleur Noir et Argent, avec syst\u00e8me de vaporisation \u00e0 froid. Vous pouvez trouver le parfum qui vous convient le mieux en consultant notre catalogue sur<a href=\"https:\/\/www.specialscentshop.com\/fr\/parfums-et-fragrances\/\">CE lien<\/a> ou<a href=\"https:\/\/www.specialscentshop.com\/fr\/parfums-dambiance-drinkfood\/\">trouver les parfums d&#8217;ambiance Drink&amp;Food sur CE lien.<\/a><\/p>\n","protected":false},"featured_media":44523,"template":"","meta":{"_acf_changed":false},"product_brand":[],"product_cat":[783],"product_tag":[784,785,787,870],"class_list":{"0":"post-44512","1":"product","2":"type-product","3":"status-publish","4":"has-post-thumbnail","6":"product_cat-diffuseur-de-parfum-desodorisants-dambiance","7":"product_tag-domicile","8":"product_tag-bureau","9":"product_tag-magasins-shopping","10":"product_tag-cabinets-medicaux-cliniques","12":"first","13":"instock","14":"taxable","15":"shipping-taxable","16":"purchasable","17":"product-type-variable"},"acf":[],"_links":{"self":[{"href":"https:\/\/www.specialscentshop.com\/fr\/wp-json\/wp\/v2\/product\/44512","targetHints":{"allow":["GET"]}}],"collection":[{"href":"https:\/\/www.specialscentshop.com\/fr\/wp-json\/wp\/v2\/product"}],"about":[{"href":"https:\/\/www.specialscentshop.com\/fr\/wp-json\/wp\/v2\/types\/product"}],"wp:featuredmedia":[{"embeddable":true,"href":"https:\/\/www.specialscentshop.com\/fr\/wp-json\/wp\/v2\/media\/44523"}],"wp:attachment":[{"href":"https:\/\/www.specialscentshop.com\/fr\/wp-json\/wp\/v2\/media?parent=44512"}],"wp:term":[{"taxonomy":"product_brand","embeddable":true,"href":"https:\/\/www.specialscentshop.com\/fr\/wp-json\/wp\/v2\/product_brand?post=44512"},{"taxonomy":"product_cat","embeddable":true,"href":"https:\/\/www.specialscentshop.com\/fr\/wp-json\/wp\/v2\/product_cat?post=44512"},{"taxonomy":"product_tag","embeddable":true,"href":"https:\/\/www.specialscentshop.com\/fr\/wp-json\/wp\/v2\/product_tag?post=44512"}],"curies":[{"name":"wp","href":"https:\/\/api.w.org\/{rel}","templated":true}]}}