{"id":44543,"date":"2020-09-18T00:02:00","date_gmt":"2020-09-17T22:02:00","guid":{"rendered":"https:\/\/www.specialscentshop.com\/product\/diffuseur-de-parfum-s500\/"},"modified":"2026-03-23T11:30:49","modified_gmt":"2026-03-23T10:30:49","slug":"diffuseur-de-parfum-s500","status":"publish","type":"product","link":"https:\/\/www.specialscentshop.com\/fr\/produit\/diffuseur-de-parfum-s500\/","title":{"rendered":"Diffuseur de parfum S500"},"content":{"rendered":"<h2><b>O\u00f9 utiliser le diffuseur de parfum \u00e9lectrique professionnel S500 ?<\/b><\/h2>\n<ul>\n<li>Le <strong>diffuseur de parfum \u00e9lectrique professionnel<\/strong> S 500 pour les grands espaces peut \u00eatre install\u00e9 dans diff\u00e9rents contextes.<\/li>\n<li>Gymnases, magasins, centres commerciaux, cabinets m\u00e9dicaux, bureaux d&#8217;accueil, son \u00e9ventail permet une diffusion homog\u00e8ne de la senteur.<\/li>\n<li>L&#8217;installation murale est la solution id\u00e9ale, mais elle peut \u00e9galement \u00eatre install\u00e9e au sol, ou sur un meuble.<\/li>\n<li>Sa construction enti\u00e8rement m\u00e9tallique lui conf\u00e8re une longue dur\u00e9e de vie en suivant un programme d&#8217;entretien normal.<\/li>\n<li>Parfumez la pi\u00e8ce \u00e0 des heures et des jours pr\u00e9d\u00e9finis, gr\u00e2ce \u00e0 ses programmes de diffusion quotidienne de parfums.<\/li>\n<\/ul>\n<h2><strong>Sp\u00e9cifications techniques<\/strong><\/h2>\n<section class=\"av_textblock_section \">\n<div class=\"avia_textblock \">\n<ul>\n<li>Mat\u00e9riau : m\u00e9tal peint par poudrage<\/li>\n<li>Dimensions : Hauteur=260 mm | Longueur=200 mm | Profondeur=94 mm<\/li>\n<li>Couleur : noir satin\u00e9 &#8211; blanc<\/li>\n<li>Alimentation : transformateur 220\/12 Volt<\/li>\n<li>Puissance : 14 Watts<\/li>\n<li>Niveau sonore : moins de 55 d\u00e9cibels<\/li>\n<li>R\u00e9cipient de recharge : 500 ml<\/li>\n<li>Consommation maximale de parfum huileux : 1,5 ml\/heure<\/li>\n<li>Couverture maximale : 500 m \u00b3 espace ouvert en le pla\u00e7ant au centre.<\/li>\n<li>Poids : 3,2 kg<\/li>\n<li>Installation : montage mural, avec ventilateur interne, montage au sol ou mural, hauteur max. 250 cm.<\/li>\n<\/ul>\n<\/div>\n<\/section>\n<section class=\"av_textblock_section \">\n<div class=\"avia_textblock \">\n<h2><strong>Quel parfum utiliser sur les diffuseurs d&#8217;ambiance Special Scent ?<\/strong><\/h2>\n<ul>\n<li>Special <strong>Scent<\/strong> dispose d&#8217;une large gamme de <a href=\"https:\/\/www.specialscentshop.com\/fr\/parfums-et-fragrances\/\">parfums d&#8217;ambiance <\/a>huileux certifi\u00e9s et enregistr\u00e9s pour parfumer n&#8217;importe quel environnement et pour cr\u00e9er un impact attrayant sur la client\u00e8le gr\u00e2ce \u00e0 la technique du <a title=\"marketing olfactif\" href=\"https:\/\/www.specialscentshop.com\/fr\/marketing-olfactif\/\" data-internallinksmanager029f6b8e52c=\"5\">marketing olfactif<\/a>.<\/li>\n<li>Special Scent n&#8217;oblige pas \u00e0 acheter des parfums, mais <strong>recommande de ne pas utiliser d&#8217;huiles solubles dans l&#8217;eau, ni d&#8217;huiles utilis\u00e9es dans les diffuseurs \u00e0 bois.<\/strong><\/li>\n<li>Special Scent est votre partenaire id\u00e9al pour parfumer votre espace. Sur notre site, vous trouverez la meilleure solution pour votre environnement, des fragrances aux diffuseurs de parfum.<\/li>\n<\/ul>\n<p><em><strong>Lire la suite : <a href=\"https:\/\/www.specialscentshop.com\/fr\/produit\/s400-area-diffuseur-de-parfum\/\">S400 AREA diffuseur de parfum<\/a><\/strong><\/em><\/p>\n<\/div>\n<\/section>\n","protected":false},"excerpt":{"rendered":"<section id=\"prezzodiffusore\" class=\"av_textblock_section \"><\/section>\n<p>Parfumeur <strong>professionnel \u00e0 ventilateur<\/strong>, pour la diffusion de parfums et de fragrances dans les grands espaces<strong>Vous pouvez trouver la fragrance qui vous convient le mieux en consultant notre catalogue sur <a href=\"https:\/\/www.specialscentshop.com\/fr\/parfums-et-fragrances\/\">CE lien<\/a><\/strong><br \/>\n<a href=\"https:\/\/www.specialscentshop.com\/fr\/parfums-dambiance-drinkfood\/\"><strong>ou trouvez les parfums d&#8217;ambiance Drink&amp;Food sur CE lien<\/strong><\/a><\/p>\n","protected":false},"featured_media":44547,"template":"","meta":{"_acf_changed":false},"product_brand":[],"product_cat":[783],"product_tag":[786,787,868,1117],"class_list":{"0":"post-44543","1":"product","2":"type-product","3":"status-publish","4":"has-post-thumbnail","6":"product_cat-diffuseur-de-parfum-desodorisants-dambiance","7":"product_tag-hotel-bb-fr","8":"product_tag-magasins-shopping","9":"product_tag-gymnases-et-sports","10":"product_tag-diffuseurs-pour-grands-environnements","12":"first","13":"instock","14":"taxable","15":"shipping-taxable","16":"purchasable","17":"product-type-variable"},"acf":[],"_links":{"self":[{"href":"https:\/\/www.specialscentshop.com\/fr\/wp-json\/wp\/v2\/product\/44543","targetHints":{"allow":["GET"]}}],"collection":[{"href":"https:\/\/www.specialscentshop.com\/fr\/wp-json\/wp\/v2\/product"}],"about":[{"href":"https:\/\/www.specialscentshop.com\/fr\/wp-json\/wp\/v2\/types\/product"}],"wp:featuredmedia":[{"embeddable":true,"href":"https:\/\/www.specialscentshop.com\/fr\/wp-json\/wp\/v2\/media\/44547"}],"wp:attachment":[{"href":"https:\/\/www.specialscentshop.com\/fr\/wp-json\/wp\/v2\/media?parent=44543"}],"wp:term":[{"taxonomy":"product_brand","embeddable":true,"href":"https:\/\/www.specialscentshop.com\/fr\/wp-json\/wp\/v2\/product_brand?post=44543"},{"taxonomy":"product_cat","embeddable":true,"href":"https:\/\/www.specialscentshop.com\/fr\/wp-json\/wp\/v2\/product_cat?post=44543"},{"taxonomy":"product_tag","embeddable":true,"href":"https:\/\/www.specialscentshop.com\/fr\/wp-json\/wp\/v2\/product_tag?post=44543"}],"curies":[{"name":"wp","href":"https:\/\/api.w.org\/{rel}","templated":true}]}}