{"id":44557,"date":"2020-09-08T00:02:00","date_gmt":"2020-09-07T22:02:00","guid":{"rendered":"https:\/\/www.specialscentshop.com\/product\/s900-fan-diffuseur-de-parfum\/"},"modified":"2026-03-26T14:10:16","modified_gmt":"2026-03-26T13:10:16","slug":"s900-fan-diffuseur-de-parfum","status":"publish","type":"product","link":"https:\/\/www.specialscentshop.com\/fr\/produit\/s900-fan-diffuseur-de-parfum\/","title":{"rendered":"Scent 900 fan diffuser"},"content":{"rendered":"<div class=\"av-special-heading av-special-heading-h3 custom-color-heading blockquote modern-quote avia-builder-el-24 el_before_av_textblock avia-builder-el-first av-inherit-size \">\n<h2><strong>Diffuseur d&#8217;air S 900<\/strong><\/h2>\n<p>Le rafra\u00eechisseur d&#8217;air S 900 FAN peut \u00eatre utilis\u00e9 de deux mani\u00e8res.<br \/>\nUne m\u00e9thode ind\u00e9pendante avec un ventilateur externe qui permet la diffusion du parfum huileux dans les grandes pi\u00e8ces telles que les h\u00f4tels, les jardins ext\u00e9rieurs, les salles d&#8217;attente, les gymnases ou les centres de bien-\u00eatre.<br \/>\nLa seconde m\u00e9thode utilise le syst\u00e8me de ventilation. Ce diffuseur se connecte parfaitement \u00e0 votre r\u00e9seau de ventilation \u00e0 l&#8217;aide d&#8217;un tuyau de 16 mm et peut couvrir jusqu&#8217;\u00e0 2000 m\u00b3 tout en ne consommant que 2,5 millilitres de parfum par heure.<br \/>\nSpecialscent vous offre la possibilit\u00e9 de mieux personnaliser votre environnement en \u00e9vitant le gaspillage et en optimisant la fonctionnalit\u00e9. Il existe plusieurs programmes quotidiens que vous pouvez personnaliser \u00e0 votre guise afin de diffuser le parfum quand et comme vous le souhaitez !  <\/p>\n<h2><strong>D\u00e9tails techniques du diffuseur \u00e0 jet h\u00e9lico\u00efdal S 900<\/strong><\/h2>\n<p>Mat\u00e9riau : M\u00e9tal peint par poudrage<br \/>\nDimensions : H 440 mm | L 220 mm | 130 mm<br \/>\nCouleur : disponible uniquement avec la carrosserie noir m\u00e9tallis\u00e9<br \/>\nAlimentation \u00e9lectrique : Transformateur 220\/12 Volt<br \/>\nPuissance : 22 Watts<br \/>\nBruit : moins de 40 d\u00e9cibels<br \/>\nR\u00e9cipient de recharge : 1000ml<br \/>\nConsommation maximale de parfum huileux : 2,5 ml \/ heure<br \/>\nCouverture maximale : 1500 m\u00b3<br \/>\nPoids : 5,3 kg<br \/>\nInstallation : Connect\u00e9 au syst\u00e8me de ventilation ou fonctionnement ind\u00e9pendant avec un ventilateur externe<br \/>\nTube d&#8217;accouplement pour utilisation dans les syst\u00e8mes de ventilation : 16 mm<\/p>\n<p><em><strong>En savoir plus : <a href=\"https:\/\/www.specialscentshop.com\/fr\/produit\/s900-diffuseur-de-parfum\/\">Machine \u00e0 parfum S900<\/a><\/strong><\/em><\/p>\n<p>&nbsp;<\/p>\n<\/div>\n","protected":false},"excerpt":{"rendered":"<p><strong>Caract\u00e9ristiques Fan parfumeur S 900 FAN<\/strong><\/p>\n<p>Imm\u00e9diatement apr\u00e8s l&#8217;achat, un email vous sera envoy\u00e9 o\u00f9 vous trouverez en pi\u00e8ce jointe non seulement le r\u00e9sum\u00e9 de la transition, mais aussi le lien vers le manuel d&#8217;utilisation et les instructions pour la programmation et les cycles de diffusion. Vous d\u00e9cidez combien et quand parfumer votre environnement<br \/>\nG\u00e9rez au mieux le parfum de votre lieu pour r\u00e9duire les d\u00e9chets et optimiser la diffusion du parfum ! <\/p>\n<p><strong>Fonctionnalit\u00e9 Diffuseur S 900 FAN<\/strong><\/p>\n<p>Le ventilateur parfumeur S 900 FAN, comme tous les produits de notre site, est test\u00e9 pendant plus de 3 mois avant d&#8217;\u00eatre vendu. Son fonctionnement est optimal et permet de diffuser la senteur dans toute la pi\u00e8ce en se connectant au syst\u00e8me de ventilation. <\/p>\n<p><span style=\"color: #ff0000;\">Maintenant disponible \u00e9galement dans la version Bluetooth APP !<\/span><\/p>\n<p><strong>Vous pouvez trouver les parfums qui vous conviennent le mieux en consultant notre catalogue sur<a href=\"https:\/\/www.specialscentshop.com\/fr\/parfums-et-fragrances\/\"> CE LIEN<\/a> ou trouver les parfums Drink&amp;Food sur <a href=\"https:\/\/www.specialscentshop.com\/fr\/parfums-dambiance-drinkfood\/\">CE LIEN <\/a> <\/strong><\/p>\n","protected":false},"featured_media":44558,"template":"","meta":{"_acf_changed":false},"product_brand":[],"product_cat":[783],"product_tag":[906,1039,1117,787,867,868,903,904],"class_list":{"0":"post-44557","1":"product","2":"type-product","3":"status-publish","4":"has-post-thumbnail","6":"product_cat-diffuseur-de-parfum-desodorisants-dambiance","7":"product_tag-mariages","8":"product_tag-conferenciers-pour-les-foires-commerciales","9":"product_tag-diffuseurs-pour-grands-environnements","10":"product_tag-magasins-shopping","11":"product_tag-salles-de-jeux","12":"product_tag-gymnases-et-sports","13":"product_tag-environnements-exterieurs","14":"product_tag-foires-et-evenements","16":"first","17":"instock","18":"featured","19":"taxable","20":"shipping-taxable","21":"purchasable","22":"product-type-simple"},"acf":[],"_links":{"self":[{"href":"https:\/\/www.specialscentshop.com\/fr\/wp-json\/wp\/v2\/product\/44557","targetHints":{"allow":["GET"]}}],"collection":[{"href":"https:\/\/www.specialscentshop.com\/fr\/wp-json\/wp\/v2\/product"}],"about":[{"href":"https:\/\/www.specialscentshop.com\/fr\/wp-json\/wp\/v2\/types\/product"}],"wp:featuredmedia":[{"embeddable":true,"href":"https:\/\/www.specialscentshop.com\/fr\/wp-json\/wp\/v2\/media\/44558"}],"wp:attachment":[{"href":"https:\/\/www.specialscentshop.com\/fr\/wp-json\/wp\/v2\/media?parent=44557"}],"wp:term":[{"taxonomy":"product_brand","embeddable":true,"href":"https:\/\/www.specialscentshop.com\/fr\/wp-json\/wp\/v2\/product_brand?post=44557"},{"taxonomy":"product_cat","embeddable":true,"href":"https:\/\/www.specialscentshop.com\/fr\/wp-json\/wp\/v2\/product_cat?post=44557"},{"taxonomy":"product_tag","embeddable":true,"href":"https:\/\/www.specialscentshop.com\/fr\/wp-json\/wp\/v2\/product_tag?post=44557"}],"curies":[{"name":"wp","href":"https:\/\/api.w.org\/{rel}","templated":true}]}}