{"id":44570,"date":"2020-09-01T00:02:00","date_gmt":"2020-08-31T22:02:00","guid":{"rendered":"https:\/\/www.specialscentshop.com\/product\/s1002-diffuseur-de-senteurs-hvac\/"},"modified":"2025-03-30T20:15:43","modified_gmt":"2025-03-30T18:15:43","slug":"s1002-diffuseur-de-parfum-hvac","status":"publish","type":"product","link":"https:\/\/www.specialscentshop.com\/fr\/produit\/s1002-diffuseur-de-parfum-hvac\/","title":{"rendered":"S1002 Diffuseur de senteurs HVAC"},"content":{"rendered":"<div id=\"certificazioneprodotto\" class=\"avia-section av-k6c58paz-f7cb90431332c74be60edd1341e69d05 main_color avia-section-default avia-no-border-styling avia-builder-el-17 el_after_av_section el_before_av_section avia-bg-style-scroll container_wrap fullsize\">\n<div class=\"container av-section-cont-open\">\n<div class=\"template-page content av-content-full alpha units\">\n<div class=\"post-entry post-entry-type-page post-entry-1523\">\n<div class=\"entry-content-wrapper clearfix\">\n<div class=\"flex_column av-1e89m-be81197761db4538ca6d4dd9929d7f4a av_one_full avia-builder-el-19 el_after_av_font_icon avia-builder-el-last first flex_column_div av-zero-column-padding \">\n<section class=\"av_textblock_section \">\n<div class=\"avia_textblock \">\n<section class=\"av_textblock_section \">\n<div class=\"avia_textblock \">\n<h2><b>O\u00f9 utiliser le Diffuseur de parfum pour climatisation S1002?<\/b><\/h2>\n<ul>\n<li>Le syst\u00e8me de parfumage est recommand\u00e9 pour les salles d&#8217;exposition, les salons automobiles, les immeubles d&#8217;habitation, les h\u00f4tels et les centres commerciaux.<\/li>\n<li>Id\u00e9al \u00e9galement pour les syst\u00e8mes de conduits de climatisation.<\/li>\n<li>Il permet de diffuser le parfum dans 2 Uta distincts, cr\u00e9ant ainsi des environnements aux notes olfactives diff\u00e9rentes.<\/li>\n<li>Pour la diffusion d&#8217;odeurs dans de grands espaces par le biais d&#8217;un syst\u00e8me de canalisation<\/li>\n<li>Pour cr\u00e9er des p\u00e9rim\u00e8tres ext\u00e9rieurs parfum\u00e9s<\/li>\n<li>Pour les concerts, les th\u00e9\u00e2tres, les festivals de pays, les espaces ext\u00e9rieurs.<\/li>\n<li>La solution id\u00e9ale pour le contr\u00f4le des odeurs dans les locaux commerciaux.<\/li>\n<li>L&#8217;installation des 3 unit\u00e9s est simple, l&#8217;unit\u00e9 centrale doit \u00eatre plac\u00e9e sur une surface plane sur\u00e9lev\u00e9e ou sur le sol.<\/li>\n<li>Les unit\u00e9s d\u00e9tach\u00e9es doivent \u00eatre plac\u00e9es sur le mur \u00e0 l&#8217;aide du support appropri\u00e9 et correctement connect\u00e9es \u00e0 l&#8217;unit\u00e9 centrale \u00e0 l&#8217;aide des tuyaux appropri\u00e9s.<\/li>\n<\/ul>\n<h2><strong>Sp\u00e9cifications techniques Diffuseur de parfum pour climatisation S1002<\/strong><\/h2>\n<h3><strong>Diffuseur d\u00e9tach\u00e9 avec r\u00e9servoir d&#8217;essence et atomiseur<\/strong><\/h3>\n<section class=\"av_textblock_section \">\n<div class=\"avia_textblock \">\n<ul>\n<li>Dimensions : Hauteur : 28 cm | diam\u00e8tre : 7,5 cm<\/li>\n<li>Mat\u00e9riau : acier inoxydable<\/li>\n<li>Poids : 625 Gr<\/li>\n<li>Distance maximale entre l&#8217;unit\u00e9 centrale et l&#8217;unit\u00e9 de d\u00e9tection : 7 m<\/li>\n<li>Distance maximale entre les unit\u00e9s d\u00e9tach\u00e9es, le diffuseur (conteneur) et le tuyau de raccordement au syst\u00e8me de chauffage, de ventilation et de climatisation: 1 m (sortie) Diam\u00e8tre du tuyau de senteur : 6 mm (entr\u00e9e)<\/li>\n<li>Double commande de programmation, via l&#8217;application Bluetooth (Ios\/Android)<\/li>\n<li>Affichage de la programmation journali\u00e8re\/hebdomadaire\/mensuelle. Gr\u00e2ce aux m\u00e9canismes d&#8217;atomisation, l&#8217;ar\u00f4me sera diffus\u00e9 uniform\u00e9ment dans toutes les pi\u00e8ces.<\/li>\n<\/ul>\n<h3>Unit\u00e9 de commande centrale<\/h3>\n<ul>\n<li>Dimensions : Hauteur : 135 mm | Largeur : 315 mm | Profondeur : 165 mm Hauteur : 135 mm | Largeur : 315 mm | Profondeur : 165 mm Mat\u00e9riau : Acier inoxydable<\/li>\n<li>Poids : 4,5 KG<\/li>\n<li>Puissance : 25 Watts<\/li>\n<li>Tension : 220 V<\/li>\n<li>Niveau sonore : 15 Db<\/li>\n<li>Programmation de l&#8217;op\u00e9ration g\u00e9rable par l&#8217;application Bluetooth pour Android\/Ios<\/li>\n<li>\u00c9cran tactile pour la programmation des op\u00e9rations<\/li>\n<li>Consommation horaire d&#8217;essence : 1\/3 de gramme par heure (selon que le parfum dure en continu ou non).<\/li>\n<li>Couverture maximale : 5000 m\u00b3 par Uta<\/li>\n<\/ul>\n<h2><strong>Quel parfum utiliser sur les diffuseurs d&#8217;ambiance Special Scent ?<\/strong><\/h2>\n<ul>\n<li>Special Scent dispose d&#8217;une large gamme de <a href=\"https:\/\/www.specialscentshop.com\/fr\/parfums-et-fragrances\/\">parfums d&#8217;ambiance<\/a> huileux certifi\u00e9s et enregistr\u00e9s pour parfumer n&#8217;importe quel environnement et pour cr\u00e9er un impact attrayant sur la client\u00e8le gr\u00e2ce \u00e0 la technique du marketing olfactif.<\/li>\n<li>Special Scent n&#8217;oblige pas \u00e0 acheter des parfums, mais <strong>recommande de ne pas utiliser d&#8217;huiles solubles dans l&#8217;eau, ni d&#8217;huiles utilis\u00e9es dans les diffuseurs \u00e0 bois.<\/strong><\/li>\n<li>Special Scent est votre partenaire id\u00e9al pour parfumer vos espaces. Sur notre site, vous trouverez la meilleure solution pour parfumer vos petites et grandes pi\u00e8ces.<\/li>\n<\/ul>\n<p><em><strong>Lire la suite : <a href=\"https:\/\/www.specialscentshop.com\/fr\/produit\/diffuseur-de-parfum-s1001-hvac-wifi\/\">Diffuseur de parfums S1001 HVAC WIFI<\/a><\/strong><\/em><\/p>\n<ul>\n<li style=\"list-style-type: none;\"><\/li>\n<\/ul>\n<\/div>\n<\/section>\n<section id=\"prezzodiffusore\" class=\"av_textblock_section \"><\/section>\n<\/div>\n<\/section>\n<section class=\"av_textblock_section \"><\/section>\n<\/div>\n<\/section>\n<\/div>\n<\/div>\n<\/div>\n<\/div>\n<\/div>\n<\/div>\n","protected":false},"excerpt":{"rendered":"<section class=\"av_textblock_section \">\n<div class=\"avia_textblock \">\n<h6 class=\"serp-title\"><span style=\"font-size: 16px; color: #000000;\">Le Scent 1002 est un syst\u00e8me de Diffuseur de parfum pour climatisation et systemes HVAC. Gr\u00e2ce \u00e0 son compresseur de 25 W, il peut diffuser des parfums dans de grands espaces tels que les h\u00f4tels, les salles de jeux, les centres commerciaux. Il peut \u00e9galement \u00eatre utilis\u00e9 pour parfumer les espaces ext\u00e9rieurs lors d&#8217;expositions et d&#8217;\u00e9v\u00e9nements. <\/span><\/h6>\n<\/div>\n<\/section>\n<section class=\"av_textblock_section \">\n<div class=\"avia_textblock \"><span style=\"color: #0000ff;\">Vous pouvez trouver le parfum qui vous convient le mieux en consultant notre catalogue \u00e0 l&#8217;adresse suivante <strong><a style=\"color: #0000ff;\" href=\"https:\/\/www.specialscentshop.com\/fr\/parfums-et-fragrances\/\">CE lien<\/a><\/strong><\/span><\/div>\n<\/section>\n<p><span style=\"color: #0000ff;\"><a style=\"color: #0000ff;\" href=\"https:\/\/www.specialscentshop.com\/fr\/parfums-dambiance-drinkfood\/\"><strong>ou trouvez les parfums d&#8217;ambiance Drink&amp;Food sur CE lien<\/strong><\/a><\/span><\/p>\n","protected":false},"featured_media":44571,"template":"","meta":{"_acf_changed":false},"product_brand":[],"product_cat":[783],"product_tag":[786,787,867,903,904,906],"class_list":{"0":"post-44570","1":"product","2":"type-product","3":"status-publish","4":"has-post-thumbnail","6":"product_cat-diffuseur-de-parfum-desodorisants-dambiance","7":"product_tag-hotel-bb-fr","8":"product_tag-magasins-shopping","9":"product_tag-salles-de-jeux","10":"product_tag-environnements-exterieurs","11":"product_tag-foires-et-evenements","12":"product_tag-mariages","14":"first","15":"instock","16":"taxable","17":"shipping-taxable","18":"purchasable","19":"product-type-simple"},"acf":[],"_links":{"self":[{"href":"https:\/\/www.specialscentshop.com\/fr\/wp-json\/wp\/v2\/product\/44570","targetHints":{"allow":["GET"]}}],"collection":[{"href":"https:\/\/www.specialscentshop.com\/fr\/wp-json\/wp\/v2\/product"}],"about":[{"href":"https:\/\/www.specialscentshop.com\/fr\/wp-json\/wp\/v2\/types\/product"}],"wp:featuredmedia":[{"embeddable":true,"href":"https:\/\/www.specialscentshop.com\/fr\/wp-json\/wp\/v2\/media\/44571"}],"wp:attachment":[{"href":"https:\/\/www.specialscentshop.com\/fr\/wp-json\/wp\/v2\/media?parent=44570"}],"wp:term":[{"taxonomy":"product_brand","embeddable":true,"href":"https:\/\/www.specialscentshop.com\/fr\/wp-json\/wp\/v2\/product_brand?post=44570"},{"taxonomy":"product_cat","embeddable":true,"href":"https:\/\/www.specialscentshop.com\/fr\/wp-json\/wp\/v2\/product_cat?post=44570"},{"taxonomy":"product_tag","embeddable":true,"href":"https:\/\/www.specialscentshop.com\/fr\/wp-json\/wp\/v2\/product_tag?post=44570"}],"curies":[{"name":"wp","href":"https:\/\/api.w.org\/{rel}","templated":true}]}}