{"id":44579,"date":"2020-09-09T00:02:00","date_gmt":"2020-09-08T22:02:00","guid":{"rendered":"https:\/\/www.specialscentshop.com\/product\/s900-diffuseur-de-parfum\/"},"modified":"2025-09-26T22:52:49","modified_gmt":"2025-09-26T20:52:49","slug":"s900-diffuseur-de-parfum","status":"publish","type":"product","link":"https:\/\/www.specialscentshop.com\/fr\/produit\/s900-diffuseur-de-parfum\/","title":{"rendered":"S900 Diffuseur de parfum"},"content":{"rendered":"<h2><b>O\u00f9 utiliser le diffuseur de parfum S 900 ?<\/b><\/h2>\n<p>Le <strong>diffuseur de parfum par pulv\u00e9risation \u00e0 froid<\/strong> S900 pour les grandes pi\u00e8ces peut \u00eatre install\u00e9 dans diff\u00e9rents contextes.<\/p>\n<ul>\n<li>Plug-in au syst\u00e8me de canalisation de zone (Uta) solution optimale, pour diffuser la senteur dans toutes les pi\u00e8ces travers\u00e9es par l&#8217;Uta.<\/li>\n<li>Pour la distribution \u00e0 l&#8217;ext\u00e9rieur, pr\u00e8s des entr\u00e9es des activit\u00e9s commerciales, en attirant le client par le parfum (marketing olfactif).<\/li>\n<li>Pour la distribution \u00e0 l&#8217;int\u00e9rieur, cr\u00e9ant des canaux pour la brume de parfum, rendant vos espaces uniques.<\/li>\n<li>Pour diffuser un parfum \u00e0 l&#8217;ext\u00e9rieur en cr\u00e9ant une ligne p\u00e9riph\u00e9rique de parfum dans la zone.<\/li>\n<li>Parfumez la pi\u00e8ce \u00e0 des heures et des jours pr\u00e9d\u00e9finis, gr\u00e2ce \u00e0 ses programmes de diffusion quotidienne de parfums.<\/li>\n<\/ul>\n<div class=\"av-special-heading av-4rim58-42fcb376682ffb0ab99a11e5d4f0e3ee av-special-heading-h3 custom-color-heading blockquote modern-quote avia-builder-el-25 el_before_av_textblock avia-builder-el-first av-inherit-size \">\n<h2><strong>Caract\u00e9ristiques techniques du diffuseur de parfum S900 <\/strong><\/h2>\n<ul>\n<li>Programmation quotidienne de la mise en marche, 5 \u00e0 300 secondes de distribution, 5 \u00e0 300 secondes de pause entre les distributions.<\/li>\n<li>Commandes de r\u00e9glage des op\u00e9rations, via l&#8217;application Bluetooth Ios\/Android, et directement \u00e0 partir de l&#8217;\u00e9cran tactile situ\u00e9 sur la machine.<\/li>\n<li>Mat\u00e9riau : m\u00e9tal peint par poudrage<\/li>\n<li>Dimensions : H 440 mm | L 220 mm | 130 mm<\/li>\n<li>Couleur : Coquille noire m\u00e9tallis\u00e9e<\/li>\n<li>Alimentation : transformateur 220\/12 Volt<\/li>\n<li>Puissance : 22 Watts<\/li>\n<li>Niveau sonore : moins de 20 d\u00e9cibels<\/li>\n<li>Contenant de parfum huileux : 1000 ml<\/li>\n<li>Consommation maximale de parfum huileux : 2,5 ml\/heure<\/li>\n<li>Couverture maximale : donn\u00e9e avec greffe en Uta 3000 m\u00b3<\/li>\n<li>Poids : 6,0 kg<\/li>\n<\/ul>\n<\/div>\n<section class=\"av_textblock_section \">\n<div class=\"avia_textblock \">\n<h2><strong>Quel parfum utiliser sur les diffuseurs d&#8217;ambiance \u00e9lectrique Special Scent ?<\/strong><\/h2>\n<ul>\n<li>Special Scent dispose d&#8217;une large gamme de <a href=\"https:\/\/www.specialscentshop.com\/fr\/parfums-et-fragrances\/\">parfums d&#8217;ambiance<\/a> huileux certifi\u00e9s et enregistr\u00e9s pour parfumer n&#8217;importe quel environnement et pour cr\u00e9er un impact attrayant sur la client\u00e8le gr\u00e2ce \u00e0 la technique du marketing olfactif.<\/li>\n<li>Special Scent n&#8217;oblige pas \u00e0 acheter des parfums, mais <strong>recommande de ne pas utiliser d&#8217;huiles solubles dans l&#8217;eau, ni d&#8217;huiles utilis\u00e9es dans les diffuseurs \u00e0 bois.<\/strong><\/li>\n<li>Special Scent est votre partenaire id\u00e9al pour parfumer votre espace. Sur notre site, vous trouverez la meilleure solution pour votre environnement, des fragrances aux diffuseurs de parfum.<\/li>\n<\/ul>\n<\/div>\n<\/section>\n<p><em><strong>lire la suite : <a href=\"https:\/\/www.specialscentshop.com\/fr\/produit\/diffuseur-de-parfum-s800\/\">Diffuseur de parfum S800<\/a><\/strong><\/em><\/p>\n","protected":false},"excerpt":{"rendered":"<p>Id\u00e9al pour une utilisation dans les syst\u00e8mes de canalisation d&#8217;air (Uta) et \u00e0 proximit\u00e9 des entr\u00e9es de magasins, afin d&#8217;utiliser les avantages du marketing olfactif<span style=\"color: #ff0000;\">. <\/span><span style=\"color: #ff0000;\">Maintenant \u00e9galement disponible dans une version avec Bluetooth APP !<\/span><strong>Vous pouvez trouver le parfum qui vous convient le mieux en consultant notre catalogue sur <a href=\"https:\/\/www.specialscentshop.com\/fr\/parfums-et-fragrances\/\">CE lien<\/a><\/strong><br \/>\n<a href=\"https:\/\/www.specialscentshop.com\/fr\/parfums-et-fragrances\/\"><strong>ou trouvez les parfums d&#8217;ambiance Drink&amp;Food sur CE lien<\/strong><\/a><\/p>\n","protected":false},"featured_media":44580,"template":"","meta":{"_acf_changed":false},"product_brand":[],"product_cat":[783],"product_tag":[786,787,870,903,904],"class_list":{"0":"post-44579","1":"product","2":"type-product","3":"status-publish","4":"has-post-thumbnail","6":"product_cat-diffuseur-de-parfum-desodorisants-dambiance","7":"product_tag-hotel-bb-fr","8":"product_tag-magasins-shopping","9":"product_tag-cabinets-medicaux-cliniques","10":"product_tag-environnements-exterieurs","11":"product_tag-foires-et-evenements","13":"first","14":"instock","15":"taxable","16":"shipping-taxable","17":"purchasable","18":"product-type-variable"},"acf":[],"_links":{"self":[{"href":"https:\/\/www.specialscentshop.com\/fr\/wp-json\/wp\/v2\/product\/44579","targetHints":{"allow":["GET"]}}],"collection":[{"href":"https:\/\/www.specialscentshop.com\/fr\/wp-json\/wp\/v2\/product"}],"about":[{"href":"https:\/\/www.specialscentshop.com\/fr\/wp-json\/wp\/v2\/types\/product"}],"wp:featuredmedia":[{"embeddable":true,"href":"https:\/\/www.specialscentshop.com\/fr\/wp-json\/wp\/v2\/media\/44580"}],"wp:attachment":[{"href":"https:\/\/www.specialscentshop.com\/fr\/wp-json\/wp\/v2\/media?parent=44579"}],"wp:term":[{"taxonomy":"product_brand","embeddable":true,"href":"https:\/\/www.specialscentshop.com\/fr\/wp-json\/wp\/v2\/product_brand?post=44579"},{"taxonomy":"product_cat","embeddable":true,"href":"https:\/\/www.specialscentshop.com\/fr\/wp-json\/wp\/v2\/product_cat?post=44579"},{"taxonomy":"product_tag","embeddable":true,"href":"https:\/\/www.specialscentshop.com\/fr\/wp-json\/wp\/v2\/product_tag?post=44579"}],"curies":[{"name":"wp","href":"https:\/\/api.w.org\/{rel}","templated":true}]}}