{"id":44584,"date":"2020-09-11T00:02:00","date_gmt":"2020-09-10T22:02:00","guid":{"rendered":"https:\/\/www.specialscentshop.com\/product\/diffuseur-de-parfum-s800\/"},"modified":"2026-01-25T08:16:51","modified_gmt":"2026-01-25T07:16:51","slug":"diffuseur-de-parfum-s800","status":"publish","type":"product","link":"https:\/\/www.specialscentshop.com\/fr\/produit\/diffuseur-de-parfum-s800\/","title":{"rendered":"Diffuseur de parfum S800"},"content":{"rendered":"<h2><strong><span dir=\"auto\" style=\"vertical-align: inherit;\"><span dir=\"auto\" style=\"vertical-align: inherit;\">Caract\u00e9ristiques diffuseur \u00e9lectrique pour grande pi\u00e8ce S 800 FAN<\/span><\/span><\/strong><\/h2>\n<p>Diffuseur de parfum S 800 pour grandes pi\u00e8ces<span dir=\"auto\" style=\"vertical-align: inherit;\"><span dir=\"auto\" style=\"vertical-align: inherit;\"> Ce produit, parmi les plus innovants et fonctionnels de la gamme Special Scent, est fabriqu\u00e9 en m\u00e9tal thermolaqu\u00e9 et disponible en noir ou en blanc.  <\/span><\/span><br \/>\n<span dir=\"auto\" style=\"vertical-align: inherit;\"><span dir=\"auto\" style=\"vertical-align: inherit;\">Son design moderne le rend adapt\u00e9 \u00e0 tout type d&#8217;environnement. <\/span><\/span><br \/>\n<span dir=\"auto\" style=\"vertical-align: inherit;\"><span dir=\"auto\" style=\"vertical-align: inherit;\">Pos\u00e9 au sol, il est incroyablement silencieux. Il dispose de plusieurs programmes permettant de r\u00e9gler la dur\u00e9e et la fr\u00e9quence de diffusion, afin de r\u00e9duire le gaspillage et d&#8217;optimiser la diffusion du parfum. Le tout avec un design fantastique   <\/span><\/span><strong><span dir=\"auto\" style=\"vertical-align: inherit;\"><span dir=\"auto\" style=\"vertical-align: inherit;\">Application Bluetooth<\/span><\/span><\/strong><span dir=\"auto\" style=\"vertical-align: inherit;\"><span dir=\"auto\" style=\"vertical-align: inherit;\"> T\u00e9l\u00e9chargeable pour appareils iOS\/Android. La machine est facile \u00e0 entretenir. <\/span><\/span><\/p>\n<p><span dir=\"auto\" style=\"vertical-align: inherit;\"><span dir=\"auto\" style=\"vertical-align: inherit;\">Si votre entreprise ne dispose pas de syst\u00e8me de ventilation, ce diffuseur est fait pour vous ; gr\u00e2ce \u00e0 son puissant ventilateur, il peut diffuser le parfum uniform\u00e9ment dans la pi\u00e8ce. <\/span><\/span><br \/>\n<span dir=\"auto\" style=\"vertical-align: inherit;\"><span dir=\"auto\" style=\"vertical-align: inherit;\">Il est capable de couvrir jusqu&#8217;\u00e0 2000 m\u00b3 tout en ne consommant que 2,5 millilitres de parfum par heure. <\/span><\/span><br \/>\n<span dir=\"auto\" style=\"vertical-align: inherit;\"><span dir=\"auto\" style=\"vertical-align: inherit;\">Specialscent vous offre la possibilit\u00e9 de mieux personnaliser votre environnement, en \u00e9vitant le gaspillage et en optimisant la fonctionnalit\u00e9. Plusieurs programmes quotidiens sont personnalisables \u00e0 votre guise pour diffuser le parfum quand et comme vous le souhaitez. <\/span><\/span><\/p>\n<h2><strong><span dir=\"auto\" style=\"vertical-align: inherit;\"><span dir=\"auto\" style=\"vertical-align: inherit;\">D\u00e9tails techniques du diffuseur \u00e9lectrique pour grande pi\u00e8ce<\/span><\/span><\/strong><\/h2>\n<p><span dir=\"auto\" style=\"vertical-align: inherit;\"><span dir=\"auto\" style=\"vertical-align: inherit;\">Mat\u00e9riau : M\u00e9tal rev\u00eatu de poudre <\/span><\/span><br \/>\n<span dir=\"auto\" style=\"vertical-align: inherit;\"><span dir=\"auto\" style=\"vertical-align: inherit;\">Dimensions: Height = 600 mm | Length = 150 mm | Depth = 150 mm <\/span><\/span><br \/>\n<span dir=\"auto\" style=\"vertical-align: inherit;\"><span dir=\"auto\" style=\"vertical-align: inherit;\">Couleur : Noir\/Blanc <\/span><\/span><br \/>\n<span dir=\"auto\" style=\"vertical-align: inherit;\"><span dir=\"auto\" style=\"vertical-align: inherit;\">Alimentation \u00e9lectrique : Transformateur 220\/12 Volt <\/span><\/span><br \/>\n<span dir=\"auto\" style=\"vertical-align: inherit;\"><span dir=\"auto\" style=\"vertical-align: inherit;\">Puissance : 22 watts <\/span><\/span><br \/>\n<span dir=\"auto\" style=\"vertical-align: inherit;\"><span dir=\"auto\" style=\"vertical-align: inherit;\">Bruit : moins de 45 d\u00e9cibels <\/span><\/span><br \/>\n<span dir=\"auto\" style=\"vertical-align: inherit;\"><span dir=\"auto\" style=\"vertical-align: inherit;\">R\u00e9cipient de recharge : 1000ml <\/span><\/span><br \/>\n<span dir=\"auto\" style=\"vertical-align: inherit;\"><span dir=\"auto\" style=\"vertical-align: inherit;\">Consommation maximale de parfum huileux : 2,5 ml \/ heure <\/span><\/span><br \/>\n<span dir=\"auto\" style=\"vertical-align: inherit;\"><span dir=\"auto\" style=\"vertical-align: inherit;\">Couverture maximale : 2000 m\u00b3 <\/span><\/span><br \/>\n<span dir=\"auto\" style=\"vertical-align: inherit;\"><span dir=\"auto\" style=\"vertical-align: inherit;\">Poids : 6,7 kg <\/span><\/span><br \/>\n<span dir=\"auto\" style=\"vertical-align: inherit;\"><span dir=\"auto\" style=\"vertical-align: inherit;\">Installation : Ind\u00e9pendante avec ventilateur interne et positionnement au sol<\/span><\/span><\/p>\n<p><em><strong>Apprendre encore plus: <span dir=\"auto\" style=\"vertical-align: inherit;\"><span dir=\"auto\" style=\"vertical-align: inherit;\"><a href=\"https:\/\/www.specialscentshop.com\/fr\/produit\/diffuseur-de-parfum-s750\/\"><span dir=\"auto\" style=\"vertical-align: inherit;\">S750 fragrance diffuser<\/span><\/a><\/span><\/span><\/strong><\/em><\/p>\n","protected":false},"excerpt":{"rendered":"<p><span dir=\"auto\" style=\"vertical-align: inherit;\"><span dir=\"auto\" style=\"vertical-align: inherit;\">Diffuseur \u00e9lectrique pour grandes pi\u00e8ces S800 : \u00e9l\u00e9gant, sobre et puissant, pour rafra\u00eechir vos ambiances et surprendre vos invit\u00e9s.<\/span><\/span><\/p>\n<p><strong><span dir=\"auto\" style=\"vertical-align: inherit;\"><span dir=\"auto\" style=\"vertical-align: inherit;\">Vous pouvez trouver les parfums qui vous conviennent le mieux en consultant notre catalogue sur <\/span><\/span><a href=\"https:\/\/www.specialscentshop.com\/fr\/parfums-et-fragrances\/\"><span dir=\"auto\" style=\"vertical-align: inherit;\"><span dir=\"auto\" style=\"vertical-align: inherit;\"> CE LIEN<\/span><\/span><\/a><span dir=\"auto\" style=\"vertical-align: inherit;\"><span dir=\"auto\" style=\"vertical-align: inherit;\"> ou trouvez les parfums Drink&amp;Food sur <\/span><\/span><a href=\"https:\/\/www.specialscentshop.com\/fr\/parfums-dambiance-drinkfood\/\"><span dir=\"auto\" style=\"vertical-align: inherit;\"><span dir=\"auto\" style=\"vertical-align: inherit;\">CE LIEN <\/span><\/span><\/a><\/strong> <\/p>\n","protected":false},"featured_media":49438,"template":"","meta":{"_acf_changed":false},"product_brand":[],"product_cat":[783],"product_tag":[871,903,904,906,786,787,1039,788,1117,867,868],"class_list":{"0":"post-44584","1":"product","2":"type-product","3":"status-publish","4":"has-post-thumbnail","6":"product_cat-diffuseur-de-parfum-desodorisants-dambiance","7":"product_tag-diffuseurs-pour-cabinets-medicaux-cliniques","8":"product_tag-environnements-exterieurs","9":"product_tag-foires-et-evenements","10":"product_tag-mariages","11":"product_tag-hotel-bb-fr","12":"product_tag-magasins-shopping","13":"product_tag-conferenciers-pour-les-foires-commerciales","14":"product_tag-restaurants-et-bars","15":"product_tag-diffuseurs-pour-grands-environnements","16":"product_tag-salles-de-jeux","17":"product_tag-gymnases-et-sports","19":"first","20":"instock","21":"taxable","22":"shipping-taxable","23":"purchasable","24":"product-type-variable"},"acf":[],"_links":{"self":[{"href":"https:\/\/www.specialscentshop.com\/fr\/wp-json\/wp\/v2\/product\/44584","targetHints":{"allow":["GET"]}}],"collection":[{"href":"https:\/\/www.specialscentshop.com\/fr\/wp-json\/wp\/v2\/product"}],"about":[{"href":"https:\/\/www.specialscentshop.com\/fr\/wp-json\/wp\/v2\/types\/product"}],"wp:featuredmedia":[{"embeddable":true,"href":"https:\/\/www.specialscentshop.com\/fr\/wp-json\/wp\/v2\/media\/49438"}],"wp:attachment":[{"href":"https:\/\/www.specialscentshop.com\/fr\/wp-json\/wp\/v2\/media?parent=44584"}],"wp:term":[{"taxonomy":"product_brand","embeddable":true,"href":"https:\/\/www.specialscentshop.com\/fr\/wp-json\/wp\/v2\/product_brand?post=44584"},{"taxonomy":"product_cat","embeddable":true,"href":"https:\/\/www.specialscentshop.com\/fr\/wp-json\/wp\/v2\/product_cat?post=44584"},{"taxonomy":"product_tag","embeddable":true,"href":"https:\/\/www.specialscentshop.com\/fr\/wp-json\/wp\/v2\/product_tag?post=44584"}],"curies":[{"name":"wp","href":"https:\/\/api.w.org\/{rel}","templated":true}]}}