{"id":44592,"date":"2020-09-12T00:01:00","date_gmt":"2020-09-11T22:01:00","guid":{"rendered":"https:\/\/www.specialscentshop.com\/product\/diffuseur-de-parfum-s750\/"},"modified":"2026-02-19T20:48:33","modified_gmt":"2026-02-19T19:48:33","slug":"diffuseur-de-parfum-s750","status":"publish","type":"product","link":"https:\/\/www.specialscentshop.com\/fr\/produit\/diffuseur-de-parfum-s750\/","title":{"rendered":"Diffuseur de parfum S750"},"content":{"rendered":"<h2><b>O\u00f9 utiliser le parfumeur d&#8217;ambiance \u00e9lectrique S750 ?<\/b><\/h2>\n<p>Ses caract\u00e9ristiques techniques permettent au <strong>diffuseur<\/strong> S750 d&#8217;\u00eatre utilis\u00e9 dans diff\u00e9rents environnements avec une mobilit\u00e9 extr\u00eame.<\/p>\n<ul>\n<li>Son ventilateur interne directionnel permet de <strong>parfumer<\/strong> uniform\u00e9ment les <strong>grandes pi\u00e8ces.<\/strong><\/li>\n<li>Le <strong>diffuseur \u00e9lectrique de parfum d&#8217;ambiance<\/strong> S750, gr\u00e2ce \u00e0 ses mat\u00e9riaux soigneusement \u00e9labor\u00e9s (acier), peut \u00eatre plac\u00e9 dans des environnements luxueux : h\u00f4tels, grands magasins, cliniques m\u00e9dicales, conciergeries et zones de r\u00e9ception d&#8217;entreprises et d&#8217;immeubles en copropri\u00e9t\u00e9.<\/li>\n<li>Parfumez la pi\u00e8ce \u00e0 des heures et des jours pr\u00e9d\u00e9finis, gr\u00e2ce \u00e0 ses programmes de diffusion quotidienne de parfum.<\/li>\n<\/ul>\n<h2><strong>Sp\u00e9cifications du parfumeur d&#8217;ambiance \u00e9lectrique S750<\/strong><\/h2>\n<ul>\n<li>Mat\u00e9riau : acier et m\u00e9tal<\/li>\n<li>Dimensions : H 650 mm | L 120 mm | 120 mm<\/li>\n<li>Couleur : noir avec base de n\u00e9bulisation en acier\/acier et n\u00e9buliseur<\/li>\n<li>Alimentation : transformateur 220\/12 Volt<\/li>\n<li>Puissance : 22 Watts<\/li>\n<li>Niveau sonore : moins de 20 d\u00e9cibels<\/li>\n<li>Contenant de parfum huileux : 1000 ml<\/li>\n<li>Consommation maximale de parfum huileux : 2,5 ml\/heure<\/li>\n<li>Couverture olfactive maximale 1500 m3 Espace ouvert<\/li>\n<li>Poids : 4,70 kg<\/li>\n<\/ul>\n<h2><strong>Quels sont les parfums d&#8217;ambiance \u00e0 utiliser avec les Diffuseurs de senteurs sp\u00e9ciaux ?<\/strong><\/h2>\n<p>Special Scent propose une large gamme de parfums d&#8217;ambiance huileux pour parfumer n&#8217;importe quel environnement et pour cr\u00e9er un impact attrayant sur la client\u00e8le en utilisant la technologie de l&#8217;eau. <strong>Marketing olfactif.<\/strong><\/p>\n<p>Special Scent n&#8217;oblige pas \u00e0 acheter des parfums, mais <strong>recommande de ne pas utiliser d&#8217;huiles solubles dans l&#8217;eau, ni d&#8217;huiles utilis\u00e9es dans les diffuseurs \u00e0 bois.<\/strong><\/p>\n<p>Special Scent est votre partenaire id\u00e9al pour parfumer votre espace. Sur notre site, vous trouverez la meilleure solution pour votre environnement, des <a href=\"https:\/\/www.specialscentshop.com\/fr\/parfums-et-fragrances\/\">fragrances<\/a> aux diffuseurs de parfum.<\/p>\n<h3><em>lire la suite : <a href=\"https:\/\/www.specialscentshop.com\/fr\/produit\/diffuseur-de-parfum-s700\/\">Diffuseur de parfum S700<\/a><\/em><\/h3>\n","protected":false},"excerpt":{"rendered":"<p><strong>parfumeur d&#8217;ambiance \u00e9lectrique S750<\/strong>.<br \/>\nEnti\u00e8rement r\u00e9alis\u00e9 en acier pour plus de robustesse et d&#8217;\u00e9l\u00e9gance, il s&#8217;int\u00e8gre \u00e9galement parfaitement dans les environnements domestiques.<br \/>\n<strong>Vous pouvez trouver le parfum qui vous convient le mieux en consultant notre <\/strong><strong>catalogue <\/strong><strong>sur <a href=\"https:\/\/www.specialscentshop.com\/fr\/parfums-et-fragrances\/\">CE <\/a><\/strong><a href=\"https:\/\/www.specialscentshop.com\/fr\/parfums-et-fragrances\/\"><strong>lien<\/strong><\/a><br \/>\n<a href=\"https:\/\/www.specialscentshop.com\/fr\/parfums-dambiance-drinkfood\/\"><strong>ou trouvez les parfums d&#8217;ambiance Drink&amp;Food sur CE lien<\/strong><\/a><\/p>\n","protected":false},"featured_media":44593,"template":"","meta":{"_acf_changed":false},"product_brand":[],"product_cat":[783],"product_tag":[870,904,906,785,786,787,788,867,868],"class_list":{"0":"post-44592","1":"product","2":"type-product","3":"status-publish","4":"has-post-thumbnail","6":"product_cat-diffuseur-de-parfum-desodorisants-dambiance","7":"product_tag-cabinets-medicaux-cliniques","8":"product_tag-foires-et-evenements","9":"product_tag-mariages","10":"product_tag-bureau","11":"product_tag-hotel-bb-fr","12":"product_tag-magasins-shopping","13":"product_tag-restaurants-et-bars","14":"product_tag-salles-de-jeux","15":"product_tag-gymnases-et-sports","17":"first","18":"instock","19":"taxable","20":"shipping-taxable","21":"purchasable","22":"product-type-variable"},"acf":[],"_links":{"self":[{"href":"https:\/\/www.specialscentshop.com\/fr\/wp-json\/wp\/v2\/product\/44592","targetHints":{"allow":["GET"]}}],"collection":[{"href":"https:\/\/www.specialscentshop.com\/fr\/wp-json\/wp\/v2\/product"}],"about":[{"href":"https:\/\/www.specialscentshop.com\/fr\/wp-json\/wp\/v2\/types\/product"}],"wp:featuredmedia":[{"embeddable":true,"href":"https:\/\/www.specialscentshop.com\/fr\/wp-json\/wp\/v2\/media\/44593"}],"wp:attachment":[{"href":"https:\/\/www.specialscentshop.com\/fr\/wp-json\/wp\/v2\/media?parent=44592"}],"wp:term":[{"taxonomy":"product_brand","embeddable":true,"href":"https:\/\/www.specialscentshop.com\/fr\/wp-json\/wp\/v2\/product_brand?post=44592"},{"taxonomy":"product_cat","embeddable":true,"href":"https:\/\/www.specialscentshop.com\/fr\/wp-json\/wp\/v2\/product_cat?post=44592"},{"taxonomy":"product_tag","embeddable":true,"href":"https:\/\/www.specialscentshop.com\/fr\/wp-json\/wp\/v2\/product_tag?post=44592"}],"curies":[{"name":"wp","href":"https:\/\/api.w.org\/{rel}","templated":true}]}}