{"id":44599,"date":"2020-09-01T00:01:00","date_gmt":"2020-08-31T22:01:00","guid":{"rendered":"https:\/\/www.specialscentshop.com\/product\/diffuseur-de-parfum-s1002-hvac-wifi\/"},"modified":"2025-03-30T20:14:49","modified_gmt":"2025-03-30T18:14:49","slug":"diffuseur-de-parfum-s1002-hvac-wifi","status":"publish","type":"product","link":"https:\/\/www.specialscentshop.com\/fr\/produit\/diffuseur-de-parfum-s1002-hvac-wifi\/","title":{"rendered":"Diffuseur de parfum S1002 HVAC WIFI"},"content":{"rendered":"<h2><b>O\u00f9 utiliser le diffuseur de fragrance pour climatisation S1002 Wi-fi ?<\/b><\/h2>\n<p>Le diffuseur de fragrance pour climatisation S1002 HVAC WiFi est la meilleur choise pour profumer votre ambiance:<\/p>\n<ul>\n<li>Syst\u00e8mes de drainage des zones (Uta) en le pla\u00e7ant dans le local technique<\/li>\n<li>Pour parfumer les grands stands d&#8217;exposition et les grands immeubles d&#8217;habitation.<\/li>\n<li>Excellent pour parfumer les centres commerciaux, les th\u00e9\u00e2tres, les cin\u00e9mas, les cliniques et tous les grands environnements.<\/li>\n<li>Pour diffuser du parfum \u00e0 l&#8217;ext\u00e9rieur, pour cr\u00e9er des zones parfum\u00e9es \u00e0 proximit\u00e9 d&#8217;activit\u00e9s commerciales.<\/li>\n<li>Solution id\u00e9ale pour parfumer de grandes pi\u00e8ces.<\/li>\n<li>Id\u00e9al pour parfumer les pi\u00e8ces avec diff\u00e9rentes senteurs tout au long de la journ\u00e9e<\/li>\n<\/ul>\n<h2>Sp\u00e9cifications techniques de diffuseur de fragrance pour climatisation<\/h2>\n<ul>\n<li>Dimensions : Longueur 242 mm &#8211; Hauteur 200 mm &#8211; Profondeur : 161 mm : Longueur 242 mm &#8211; Hauteur 200 mm &#8211; Profondeur : 161 mm<\/li>\n<li>Puissance : 17W x 2<\/li>\n<li>Tension : 12 V<\/li>\n<li>&lt;Niveau sonore\uff1a 50dba<\/li>\n<li>Poids : 4,6 kg sans parfum<\/li>\n<li>Couverture\uff1a10,000 m3 &#8211; 3200 m2 ; 32000 sqft Consommation de parfum d&#8217;huile 4Gr\/h \u00b1- 15% x 2 Distributeurs<\/li>\n<li>Couleur : Noir<\/li>\n<li>Installation : Canaux Hvac Uta<\/li>\n<li>Capacit\u00e9 de la bouteille : 2 \/1000 gr Aluminium &#8211; Option 5000 Gr<\/li>\n<li>Contr\u00f4le de la machine : depuis le double \u00e9cran LCD situ\u00e9 \u00e0 l&#8217;avant de la machine, \u00e0 distance via une application Wi-Fi.<\/li>\n<li>Gestion ind\u00e9pendante pour 2 distributions simultan\u00e9es.<\/li>\n<li>Mat\u00e9riau : acier<\/li>\n<li><strong>Facultatif : vaporisateur et r\u00e9cipient de 5 kg de parfum huileux<\/strong><\/li>\n<\/ul>\n<h2><strong>Quels sont les parfums d&#8217;ambiance \u00e0 utiliser avec les diffuseurs Special Sscent ?<\/strong><\/h2>\n<p>Special Scent propose une large gamme de senteurs d&#8217;ambiance huileuses pour parfumer n&#8217;importe quel environnement et pour cr\u00e9er un impact attrayant sur le client gr\u00e2ce \u00e0 la technique du <a title=\"marketing olfactif\" href=\"https:\/\/www.specialscentshop.com\/fr\/marketing-olfactif\/\" data-internallinksmanager029f6b8e52c=\"5\">marketing olfactif<\/a>.<\/p>\n<p>Special Scent n&#8217;oblige pas \u00e0 acheter des parfums, mais <strong>recommande de ne pas utiliser d&#8217;huiles solubles dans l&#8217;eau, ni d&#8217;huiles utilis\u00e9es dans les diffuseurs \u00e0 bois.<\/strong><\/p>\n<p>Special Scent est votre partenaire id\u00e9al pour parfumer votre espace. Sur notre site, vous trouverez la meilleure solution pour votre environnement, des fragrances aux <a title=\"Diffuseurs de parfum\" href=\"https:\/\/www.specialscentshop.com\/fr\/diffuseurs-dambiance\/\" data-internallinksmanager029f6b8e52c=\"1\">diffuseurs de parfum<\/a>.<\/p>\n<p><em><strong>Lire la suite : <a href=\"https:\/\/www.specialscentshop.com\/fr\/produit\/s1002-diffuseur-de-parfum-hvac\/\">Diffuseur de parfum S1002 HVAC<\/a><\/strong><\/em><\/p>\n","protected":false},"excerpt":{"rendered":"<p>Parfumeur d&#8217;ambiance pour syst\u00e8me canalis\u00e9 S1002 HVAC wifi, un syst\u00e8me de diffusion de parfum pour les pi\u00e8ces qui utilisent des syst\u00e8mes HVAC La technologie utilis\u00e9e est celle de la n\u00e9bulisation \u00e0 froid, qui injecte le parfum dans l&#8217;air \u00e0 travers le syst\u00e8me de ventilation, diffusant le parfum de mani\u00e8re uniforme et avec la m\u00eame intensit\u00e9. Il s&#8217;agit d&#8217;un produit innovant avec un fonctionnement \u00e0 distance via une application sur mobile ou desktop<\/p>\n<p><a href=\"https:\/\/www.specialscentshop.com\/fr\/parfums-et-fragrances\/\"><strong>Vous pouvez trouver le parfum qui vous convient le mieux en consultant notre catalogue sur CE lien<\/strong><\/a><br \/>\n<a href=\"https:\/\/www.specialscentshop.com\/fr\/parfums-dambiance-drinkfood\/\"><strong>ou trouvez les parfums d&#8217;ambiance Drink&amp;Food sur CE lien<\/strong><\/a><\/p>\n<p>&nbsp;<\/p>\n","protected":false},"featured_media":44600,"template":"","meta":{"_acf_changed":false},"product_brand":[],"product_cat":[783],"product_tag":[902,785,786,787,788,867,868],"class_list":{"0":"post-44599","1":"product","2":"type-product","3":"status-publish","4":"has-post-thumbnail","6":"product_cat-diffuseur-de-parfum-desodorisants-dambiance","7":"product_tag-condominiums","8":"product_tag-bureau","9":"product_tag-hotel-bb-fr","10":"product_tag-magasins-shopping","11":"product_tag-restaurants-et-bars","12":"product_tag-salles-de-jeux","13":"product_tag-gymnases-et-sports","15":"first","16":"outofstock","17":"taxable","18":"shipping-taxable","19":"purchasable","20":"product-type-simple"},"acf":[],"_links":{"self":[{"href":"https:\/\/www.specialscentshop.com\/fr\/wp-json\/wp\/v2\/product\/44599","targetHints":{"allow":["GET"]}}],"collection":[{"href":"https:\/\/www.specialscentshop.com\/fr\/wp-json\/wp\/v2\/product"}],"about":[{"href":"https:\/\/www.specialscentshop.com\/fr\/wp-json\/wp\/v2\/types\/product"}],"wp:featuredmedia":[{"embeddable":true,"href":"https:\/\/www.specialscentshop.com\/fr\/wp-json\/wp\/v2\/media\/44600"}],"wp:attachment":[{"href":"https:\/\/www.specialscentshop.com\/fr\/wp-json\/wp\/v2\/media?parent=44599"}],"wp:term":[{"taxonomy":"product_brand","embeddable":true,"href":"https:\/\/www.specialscentshop.com\/fr\/wp-json\/wp\/v2\/product_brand?post=44599"},{"taxonomy":"product_cat","embeddable":true,"href":"https:\/\/www.specialscentshop.com\/fr\/wp-json\/wp\/v2\/product_cat?post=44599"},{"taxonomy":"product_tag","embeddable":true,"href":"https:\/\/www.specialscentshop.com\/fr\/wp-json\/wp\/v2\/product_tag?post=44599"}],"curies":[{"name":"wp","href":"https:\/\/api.w.org\/{rel}","templated":true}]}}