{"id":44602,"date":"2020-09-02T00:01:00","date_gmt":"2020-09-01T22:01:00","guid":{"rendered":"https:\/\/www.specialscentshop.com\/product\/diffuseur-de-parfum-s1001-hvac-wifi\/"},"modified":"2025-03-30T20:13:39","modified_gmt":"2025-03-30T18:13:39","slug":"diffuseur-de-parfum-s1001-hvac-wifi","status":"publish","type":"product","link":"https:\/\/www.specialscentshop.com\/fr\/produit\/diffuseur-de-parfum-s1001-hvac-wifi\/","title":{"rendered":"Diffuseur de parfum S1001 HVAC WIFI"},"content":{"rendered":"<h2><b>O\u00f9 utiliser le Diffuseur de parfum d&#8217;ambiance wifi S1001?<\/b><\/h2>\n<ul>\n<li>Area Ducting Systems (Uta) en le pla\u00e7ant dans la salle technique<\/li>\n<li>Pour parfumer les grands stands d&#8217;exposition et les grands immeubles d&#8217;habitation.<\/li>\n<li>Excellent pour parfumer les centres commerciaux, les th\u00e9\u00e2tres, les cin\u00e9mas, les cliniques et tous les grands environnements.<\/li>\n<li>Pour diffuser du parfum \u00e0 l&#8217;ext\u00e9rieur, pour cr\u00e9er des zones parfum\u00e9es \u00e0 proximit\u00e9 d&#8217;activit\u00e9s commerciales.<\/li>\n<li>Solution id\u00e9ale pour parfumer de grandes pi\u00e8ces.<\/li>\n<\/ul>\n<h2><b>Caract\u00e9ristiques techniques Diffuseur de parfum d&#8217;ambiance wifi S1001\u00a0<\/b><\/h2>\n<ul>\n<li>Mat\u00e9riau : acier et m\u00e9tal<\/li>\n<li>Dimensions : H 650 mm | L 120 mm | 120 mm<\/li>\n<li>Couleur : Noir<\/li>\n<li>Alimentation : transformateur 220\/12 Volt<\/li>\n<li>Puissance : 22 Watts<\/li>\n<li>Niveau sonore : moins de 30 d\u00e9cibels<\/li>\n<li>Contenant de parfum huileux : 1000 ml en option 5000 ml<\/li>\n<li>Consommation maximale de parfum huileux : 2,5 ml\/heure<\/li>\n<li>Couverture olfactive maximale 1500 m3 Espace ouvert 4000 M3 via Uta<\/li>\n<li>Poids : 4,70 kg<\/li>\n<li>Distance maximale N\u00e9buliseur, machine 1,5 Mt<\/li>\n<li>La gestion \u00e0 distance via wi fi permet de g\u00e9rer la machine depuis n&#8217;importe quel endroit du monde.<\/li>\n<li>Application pour la gestion \u00e0 partir d&#8217;un t\u00e9l\u00e9phone intelligent ou d&#8217;un bureau<\/li>\n<li>Bluetooth, via un \u00e9cran tactile situ\u00e9 sur la machine.<\/li>\n<\/ul>\n<h2><strong>Quels sont les parfums d&#8217;ambiance \u00e0 utiliser avec les diffuseurs Special Sscent ?<\/strong><\/h2>\n<p>Special Scent propose une large gamme de <a href=\"https:\/\/www.specialscentshop.com\/fr\/parfums-et-fragrances\/\">senteurs d&#8217;ambiance<\/a> huileuses pour parfumer n&#8217;importe quel environnement et pour cr\u00e9er un impact attrayant sur le client gr\u00e2ce \u00e0 la technique du <a title=\"marketing olfactif\" href=\"https:\/\/www.specialscentshop.com\/fr\/marketing-olfactif\/\" data-internallinksmanager029f6b8e52c=\"5\">marketing olfactif<\/a>.<\/p>\n<p>Special Scent n&#8217;oblige pas \u00e0 acheter des parfums, mais <strong>recommande de ne pas utiliser d&#8217;huiles solubles dans l&#8217;eau, ni d&#8217;huiles utilis\u00e9es dans les diffuseurs \u00e0 bois.<\/strong><\/p>\n<p>Special Scent est votre partenaire id\u00e9al pour parfumer votre espace. Sur notre site, vous trouverez la meilleure solution pour votre environnement, des fragrances aux <a title=\"Diffuseurs de parfum\" href=\"https:\/\/www.specialscentshop.com\/fr\/diffuseurs-dambiance\/\" data-internallinksmanager029f6b8e52c=\"1\">diffuseurs de parfum<\/a>.<\/p>\n<p><em><strong>lire la suite : <a href=\"https:\/\/www.specialscentshop.com\/fr\/produit\/diffuseur-de-parfum-s1001-hvac\/\">Diffuseur de parfum S1001 HVAC<\/a><\/strong><\/em><\/p>\n","protected":false},"excerpt":{"rendered":"<section class=\"av_textblock_section \">\n<div class=\"avia_textblock \">\n<p>Diffuseur de parfum d&#8217;ambiance wifi S1001, votre solution pour parfumer de grandes pi\u00e8ces, avec contr\u00f4le de la gestion \u00e0 distance via une application mobile et de bureau.<\/p>\n<\/div>\n<\/section>\n<p><a href=\"https:\/\/www.specialscentshop.com\/fr\/parfums-et-fragrances\/\"><strong>Vous pouvez trouver le parfum qui vous convient le mieux en consultant notre catalogue sur CE lien<\/strong><\/a><br \/>\n<a href=\"https:\/\/www.specialscentshop.com\/fr\/parfums-dambiance-drinkfood\/\"><strong>ou trouvez les parfums d&#8217;ambiance Drink&amp;Food sur CE lien<\/strong><\/a><\/p>\n","protected":false},"featured_media":44603,"template":"","meta":{"_acf_changed":false},"product_brand":[],"product_cat":[783],"product_tag":[904,786,787,867,871,902,903],"class_list":{"0":"post-44602","1":"product","2":"type-product","3":"status-publish","4":"has-post-thumbnail","6":"product_cat-diffuseur-de-parfum-desodorisants-dambiance","7":"product_tag-foires-et-evenements","8":"product_tag-hotel-bb-fr","9":"product_tag-magasins-shopping","10":"product_tag-salles-de-jeux","11":"product_tag-diffuseurs-pour-cabinets-medicaux-cliniques","12":"product_tag-condominiums","13":"product_tag-environnements-exterieurs","15":"first","16":"outofstock","17":"taxable","18":"shipping-taxable","19":"purchasable","20":"product-type-simple"},"acf":[],"_links":{"self":[{"href":"https:\/\/www.specialscentshop.com\/fr\/wp-json\/wp\/v2\/product\/44602","targetHints":{"allow":["GET"]}}],"collection":[{"href":"https:\/\/www.specialscentshop.com\/fr\/wp-json\/wp\/v2\/product"}],"about":[{"href":"https:\/\/www.specialscentshop.com\/fr\/wp-json\/wp\/v2\/types\/product"}],"wp:featuredmedia":[{"embeddable":true,"href":"https:\/\/www.specialscentshop.com\/fr\/wp-json\/wp\/v2\/media\/44603"}],"wp:attachment":[{"href":"https:\/\/www.specialscentshop.com\/fr\/wp-json\/wp\/v2\/media?parent=44602"}],"wp:term":[{"taxonomy":"product_brand","embeddable":true,"href":"https:\/\/www.specialscentshop.com\/fr\/wp-json\/wp\/v2\/product_brand?post=44602"},{"taxonomy":"product_cat","embeddable":true,"href":"https:\/\/www.specialscentshop.com\/fr\/wp-json\/wp\/v2\/product_cat?post=44602"},{"taxonomy":"product_tag","embeddable":true,"href":"https:\/\/www.specialscentshop.com\/fr\/wp-json\/wp\/v2\/product_tag?post=44602"}],"curies":[{"name":"wp","href":"https:\/\/api.w.org\/{rel}","templated":true}]}}