{"id":44606,"date":"2020-09-03T00:02:00","date_gmt":"2020-09-02T22:02:00","guid":{"rendered":"https:\/\/www.specialscentshop.com\/product\/diffuseur-de-parfum-s1001-hvac\/"},"modified":"2025-03-30T20:12:33","modified_gmt":"2025-03-30T18:12:33","slug":"diffuseur-de-parfum-s1001-hvac","status":"publish","type":"product","link":"https:\/\/www.specialscentshop.com\/fr\/produit\/diffuseur-de-parfum-s1001-hvac\/","title":{"rendered":"Diffuseur de parfum S1001 HVAC"},"content":{"rendered":"<h2><b>O\u00f9 utiliser le Diffuseur de parfum pour climatisation S1001 Hvac ?<\/b><\/h2>\n<ul>\n<li>Le Diffuseur de parfum pour climatisation est recommand\u00e9 pour les salles d&#8217;exposition, les salons automobiles, les copropri\u00e9t\u00e9s, les h\u00f4tels et les centres commerciaux.<\/li>\n<li>Id\u00e9al \u00e9galement pour les syst\u00e8mes de conduits de climatisation.<\/li>\n<li>Pour la <strong>diffusion d&#8217;odeurs dans de grands espaces<\/strong> par le biais d&#8217;un syst\u00e8me de canalisation<\/li>\n<li>Pour cr\u00e9er des p\u00e9rim\u00e8tres ext\u00e9rieurs parfum\u00e9s<\/li>\n<li>Pour les concerts, les th\u00e9\u00e2tres, les festivals de pays, les espaces ext\u00e9rieurs.<\/li>\n<li>La solution id\u00e9ale pour le contr\u00f4le des odeurs dans les locaux commerciaux.<\/li>\n<li>L&#8217;installation des deux unit\u00e9s est simple ; l&#8217;unit\u00e9 centrale doit \u00eatre plac\u00e9e sur une surface plane sur\u00e9lev\u00e9e ou sur le sol.<\/li>\n<li>L&#8217;unit\u00e9 d\u00e9tach\u00e9e doit \u00eatre plac\u00e9e sur le mur \u00e0 l&#8217;aide du support appropri\u00e9 et correctement reli\u00e9e \u00e0 l&#8217;unit\u00e9 centrale \u00e0 l&#8217;aide des tuyaux appropri\u00e9s.<\/li>\n<\/ul>\n<h2>Caract\u00e9ristiques techniques : Diffuseur de parfum pour climatisation<b>\u00a0S1001 Hvac<\/b><\/h2>\n<h3>Unit\u00e9 de commande centrale<\/h3>\n<ul>\n<li>Dimensions : Hauteur : 135 mm | Largeur : 315 mm | Profondeur : 165 mm Hauteur : 135 mm | Largeur : 315 mm | Profondeur : 165 mm Mat\u00e9riau : Acier inoxydable<\/li>\n<li>Poids : 3,5 KG<\/li>\n<li>Puissance : 20 Watts<\/li>\n<li>Tension : 220 V<\/li>\n<li>Niveau sonore : 15 Db<\/li>\n<li>Consommation horaire d&#8217;essence : 1\/3 de gramme par heure (selon que le parfum dure en continu ou non).<\/li>\n<li>Couverture maximale : 5000 m\u00b3 (connect\u00e9 \u00e0 Uta)<\/li>\n<\/ul>\n<h3><strong>Diffuseur d\u00e9tach\u00e9 avec r\u00e9servoir d&#8217;essence et atomiseur<\/strong><\/h3>\n<ul>\n<li>Dimensions : Hauteur : 28 cm | diam\u00e8tre : 7,5 cm<\/li>\n<li>Mat\u00e9riau : acier inoxydable<\/li>\n<li>Poids : 625 Gr<\/li>\n<li>Distance maximale entre l&#8217;unit\u00e9 centrale et l&#8217;unit\u00e9 de d\u00e9tection : 15 m<\/li>\n<li>Distance maximale entre l&#8217;unit\u00e9 de diffusion d\u00e9tach\u00e9e et le tuyau de raccordement du syst\u00e8me de chauffage, de ventilation et de climatisation: 1 m (sortie)<\/li>\n<li>Diam\u00e8tre du tube odorant: : 6 mm (entr\u00e9e).<\/li>\n<li>Application Bluetooth pour le contr\u00f4le par t\u00e9l\u00e9phone intelligent (iOS\/Android)<\/li>\n<li>Affichage de la programmation journali\u00e8re\/hebdomadaire\/mensuelle. Gr\u00e2ce aux m\u00e9canismes d&#8217;atomisation, l&#8217;ar\u00f4me sera diffus\u00e9 uniform\u00e9ment dans toutes les pi\u00e8ces.<\/li>\n<\/ul>\n<h2><strong>Quel parfum utiliser sur les diffuseurs d&#8217;ambiance Special Scent ?<\/strong><\/h2>\n<ul>\n<li>Special scent dispose d&#8217;une large gamme de <a href=\"https:\/\/www.specialscentshop.com\/fr\/parfums-et-fragrances\/\">senteurs d&#8217;ambiance<\/a> huileuses certifi\u00e9es et enregistr\u00e9es pour parfumer n&#8217;importe quel environnement et cr\u00e9er un impact attrayant sur la client\u00e8le gr\u00e2ce \u00e0 la technique du marketing olfactif.<\/li>\n<li>Special scent n&#8217;oblige pas \u00e0 acheter des parfums, mais <strong>recommande de ne pas utiliser d&#8217;huiles solubles dans l&#8217;eau, ni d&#8217;huiles utilis\u00e9es dans les diffuseurs \u00e0 bois.<\/strong><\/li>\n<li>Special scent est votre partenaire id\u00e9al pour parfumer votre espace. Sur notre site, vous trouverez la meilleure solution pour votre environnement, des fragrances aux diffuseurs de parfum.<\/li>\n<\/ul>\n<p><em><strong>lire la suite : <a href=\"https:\/\/www.specialscentshop.com\/fr\/produit\/diffuseur-de-parfum-s1002-hvac-wifi\/\">S1002 Diffuseur de senteurs HVAC<\/a><\/strong><\/em><\/p>\n","protected":false},"excerpt":{"rendered":"<section class=\"av_textblock_section \">\n<div class=\"avia_textblock \">\n<p>Le Diffuseur de parfum pour climatisation Scent 1001\u00a0 sera votre grand alli\u00e9 pour le marketing olfactif et la valorisation de votre marque, en utilisant le logo olfactif<strong>Vous pouvez trouver la senteur qui vous convient le mieux en consultant notre catalogue sur <a href=\"https:\/\/www.specialscentshop.com\/fr\/parfums-et-fragrances\/\">CE lien<\/a><\/strong><\/p>\n<\/div>\n<\/section>\n<p><a href=\"https:\/\/www.specialscentshop.com\/fr\/parfums-dambiance-drinkfood\/\"><strong>ou trouvez les parfums d&#8217;ambiance Drink&amp;Food sur CE lien<\/strong><\/a><\/p>\n","protected":false},"featured_media":44607,"template":"","meta":{"_acf_changed":false},"product_brand":[],"product_cat":[783],"product_tag":[906,786,787,867,870,871,903,904],"class_list":{"0":"post-44606","1":"product","2":"type-product","3":"status-publish","4":"has-post-thumbnail","6":"product_cat-diffuseur-de-parfum-desodorisants-dambiance","7":"product_tag-mariages","8":"product_tag-hotel-bb-fr","9":"product_tag-magasins-shopping","10":"product_tag-salles-de-jeux","11":"product_tag-cabinets-medicaux-cliniques","12":"product_tag-diffuseurs-pour-cabinets-medicaux-cliniques","13":"product_tag-environnements-exterieurs","14":"product_tag-foires-et-evenements","16":"first","17":"instock","18":"taxable","19":"shipping-taxable","20":"purchasable","21":"product-type-simple"},"acf":[],"_links":{"self":[{"href":"https:\/\/www.specialscentshop.com\/fr\/wp-json\/wp\/v2\/product\/44606","targetHints":{"allow":["GET"]}}],"collection":[{"href":"https:\/\/www.specialscentshop.com\/fr\/wp-json\/wp\/v2\/product"}],"about":[{"href":"https:\/\/www.specialscentshop.com\/fr\/wp-json\/wp\/v2\/types\/product"}],"wp:featuredmedia":[{"embeddable":true,"href":"https:\/\/www.specialscentshop.com\/fr\/wp-json\/wp\/v2\/media\/44607"}],"wp:attachment":[{"href":"https:\/\/www.specialscentshop.com\/fr\/wp-json\/wp\/v2\/media?parent=44606"}],"wp:term":[{"taxonomy":"product_brand","embeddable":true,"href":"https:\/\/www.specialscentshop.com\/fr\/wp-json\/wp\/v2\/product_brand?post=44606"},{"taxonomy":"product_cat","embeddable":true,"href":"https:\/\/www.specialscentshop.com\/fr\/wp-json\/wp\/v2\/product_cat?post=44606"},{"taxonomy":"product_tag","embeddable":true,"href":"https:\/\/www.specialscentshop.com\/fr\/wp-json\/wp\/v2\/product_tag?post=44606"}],"curies":[{"name":"wp","href":"https:\/\/api.w.org\/{rel}","templated":true}]}}