{"id":44784,"date":"2020-07-22T13:27:18","date_gmt":"2020-07-22T11:27:18","guid":{"rendered":"https:\/\/www.specialscentshop.com\/product\/thermometre-numerique\/"},"modified":"2025-02-23T09:26:18","modified_gmt":"2025-02-23T08:26:18","slug":"thermometre-numerique","status":"publish","type":"product","link":"https:\/\/www.specialscentshop.com\/fr\/produit\/thermometre-numerique\/","title":{"rendered":"Thermom\u00e8tre num\u00e9rique"},"content":{"rendered":"<h2>Thermom\u00e8tre num\u00e9rique \u00e0 usage universel<\/h2>\n<p>Le <strong>thermom\u00e8tre num\u00e9rique<\/strong> est parfait pour toutes les occasions, que ce soit en famille, dans les magasins et les bureaux, partout o\u00f9 la s\u00e9curit\u00e9 est une priorit\u00e9.<\/p>\n<h3>Sp\u00e9cifications techniques<\/h3>\n<ul>\n<li><strong>Alimentation<\/strong>: fonctionne avec 2 piles de 3 volts CC<\/li>\n<li><strong>Faible consommation de la batterie<\/strong>: assure une longue dur\u00e9e de vie<\/li>\n<li><strong>Avertissement<\/strong> acoustique : signal sonore de confirmation de la mesure<\/li>\n<li><strong>Distance de mesure maximale<\/strong>: 15 cm<\/li>\n<li><strong>Temps de mesure<\/strong>: 1 seconde seulement pour d\u00e9tecter la temp\u00e9rature<\/li>\n<li><strong>Pr\u00e9cision<\/strong>: marge d&#8217;erreur dans la mesure de la temp\u00e9rature n&#8217;exc\u00e9dant pas 0,2\u00b0C<\/li>\n<li><strong>R\u00e9initialisation automatique<\/strong>: apr\u00e8s 15 secondes<\/li>\n<li><strong>Tailles disponibles<\/strong>: 7 &#8211; 5 &#8211; 19 cm<\/li>\n<\/ul>\n<p>Le produit est <strong>certifi\u00e9 CE<\/strong>, ce qui garantit le respect des normes de s\u00e9curit\u00e9 et de qualit\u00e9.<\/p>\n<p><em><strong>En savoir plus :<a href=\"https:\/\/www.specialscentshop.com\/fr\/produit\/oxymetre-de-pouls\/\"> L\u2019oxym\u00e8tre de pouls<\/a><\/strong><\/em><\/p>\n","protected":false},"excerpt":{"rendered":"<p>Thermom\u00e8tre num\u00e9rique \u00e0 usage universel Le thermom\u00e8tre num\u00e9rique est parfait pour toutes les occasions, que ce soit en famille, dans les magasins et les bureaux, partout o\u00f9 la s\u00e9curit\u00e9 est une priorit\u00e9. Sp\u00e9cifications techniques Alimentation: fonctionne avec 2 piles de 3 volts CC Faible consommation de la batterie: assure une longue dur\u00e9e de vie Avertissement [&hellip;]<\/p>\n","protected":false},"featured_media":44791,"template":"","meta":{"_acf_changed":false},"product_brand":[],"product_cat":[1049],"product_tag":[],"class_list":{"0":"post-44784","1":"product","2":"type-product","3":"status-publish","4":"has-post-thumbnail","6":"product_cat-assainissement","8":"first","9":"instock","10":"taxable","11":"shipping-taxable","12":"purchasable","13":"product-type-simple"},"acf":[],"_links":{"self":[{"href":"https:\/\/www.specialscentshop.com\/fr\/wp-json\/wp\/v2\/product\/44784","targetHints":{"allow":["GET"]}}],"collection":[{"href":"https:\/\/www.specialscentshop.com\/fr\/wp-json\/wp\/v2\/product"}],"about":[{"href":"https:\/\/www.specialscentshop.com\/fr\/wp-json\/wp\/v2\/types\/product"}],"wp:featuredmedia":[{"embeddable":true,"href":"https:\/\/www.specialscentshop.com\/fr\/wp-json\/wp\/v2\/media\/44791"}],"wp:attachment":[{"href":"https:\/\/www.specialscentshop.com\/fr\/wp-json\/wp\/v2\/media?parent=44784"}],"wp:term":[{"taxonomy":"product_brand","embeddable":true,"href":"https:\/\/www.specialscentshop.com\/fr\/wp-json\/wp\/v2\/product_brand?post=44784"},{"taxonomy":"product_cat","embeddable":true,"href":"https:\/\/www.specialscentshop.com\/fr\/wp-json\/wp\/v2\/product_cat?post=44784"},{"taxonomy":"product_tag","embeddable":true,"href":"https:\/\/www.specialscentshop.com\/fr\/wp-json\/wp\/v2\/product_tag?post=44784"}],"curies":[{"name":"wp","href":"https:\/\/api.w.org\/{rel}","templated":true}]}}