{"id":44794,"date":"2020-07-22T13:29:23","date_gmt":"2020-07-22T11:29:23","guid":{"rendered":"https:\/\/www.specialscentshop.com\/product\/gel-desinfectant-pour-les-mains-50-ml\/"},"modified":"2025-02-26T08:25:59","modified_gmt":"2025-02-26T07:25:59","slug":"gel-desinfectant-pour-les-mains-50-ml","status":"publish","type":"product","link":"https:\/\/www.specialscentshop.com\/fr\/produit\/gel-desinfectant-pour-les-mains-50-ml\/","title":{"rendered":"Gel d\u00e9sinfectant pour les mains 50 ml"},"content":{"rendered":"<h2>Gel d\u00e9sinfectant pour l&#8217;assainissement des appareils<\/h2>\n<p>Le <strong>gel d\u00e9sinfectant<\/strong> est compatible avec tous les appareils d&#8217;assainissement utilisant du gel pour les mains, qu&#8217;ils soient petits ou grands. Si vous ne poss\u00e9dez pas encore de distributeur de gel, vous pouvez consulter notre page et choisir le <strong>distributeur<\/strong> qui vous convient le mieux.<\/p>\n<h3>Caract\u00e9ristiques du produit Gel d\u00e9sinfectant pour les mains<\/h3>\n<ul>\n<li><strong>No. 3 paquets de gel d\u00e9sinfectant pour les mains<\/strong><\/li>\n<li><strong>Gel \u00e0 75 % d&#8217;alcool<\/strong>, efficace contre les bact\u00e9ries et les virus<\/li>\n<li>Pratique pour un usage quotidien, parfait pour l&#8217;hygi\u00e8ne personnelle<\/li>\n<li><strong>Taille compacte<\/strong>: facile \u00e0 transporter dans une poche, un sac ou une voiture<\/li>\n<li>Pas besoin d&#8217;eau, il suffit d&#8217;appliquer une petite quantit\u00e9 de gel sur vos mains et de faire p\u00e9n\u00e9trer.<\/li>\n<li>La solution id\u00e9ale pour l&#8217;hygi\u00e8ne des mains \u00e0 tout moment de la journ\u00e9e<\/li>\n<li><strong>Produit fabriqu\u00e9 en Italie<\/strong>, synonyme de qualit\u00e9 et de fiabilit\u00e9<\/li>\n<\/ul>\n<p><em><strong>Lire la suite : <a href=\"https:\/\/www.specialscentshop.com\/fr\/produit\/desinfectant-pour-les-mains-avec-capteur\/\">Distributeur automatique de d\u00e9sinfectant<\/a><\/strong><\/em><\/p>\n","protected":false},"excerpt":{"rendered":"<p>Gel d\u00e9sinfectant pour l&#8217;assainissement des appareils Le gel d\u00e9sinfectant est compatible avec tous les appareils d&#8217;assainissement utilisant du gel pour les mains, qu&#8217;ils soient petits ou grands. Si vous ne poss\u00e9dez pas encore de distributeur de gel, vous pouvez consulter notre page et choisir le distributeur qui vous convient le mieux. Caract\u00e9ristiques du produit Gel [&hellip;]<\/p>\n","protected":false},"featured_media":44796,"template":"","meta":{"_acf_changed":false},"product_brand":[],"product_cat":[1049],"product_tag":[],"class_list":{"0":"post-44794","1":"product","2":"type-product","3":"status-publish","4":"has-post-thumbnail","6":"product_cat-assainissement","8":"first","9":"instock","10":"taxable","11":"shipping-taxable","12":"purchasable","13":"product-type-simple"},"acf":[],"_links":{"self":[{"href":"https:\/\/www.specialscentshop.com\/fr\/wp-json\/wp\/v2\/product\/44794","targetHints":{"allow":["GET"]}}],"collection":[{"href":"https:\/\/www.specialscentshop.com\/fr\/wp-json\/wp\/v2\/product"}],"about":[{"href":"https:\/\/www.specialscentshop.com\/fr\/wp-json\/wp\/v2\/types\/product"}],"wp:featuredmedia":[{"embeddable":true,"href":"https:\/\/www.specialscentshop.com\/fr\/wp-json\/wp\/v2\/media\/44796"}],"wp:attachment":[{"href":"https:\/\/www.specialscentshop.com\/fr\/wp-json\/wp\/v2\/media?parent=44794"}],"wp:term":[{"taxonomy":"product_brand","embeddable":true,"href":"https:\/\/www.specialscentshop.com\/fr\/wp-json\/wp\/v2\/product_brand?post=44794"},{"taxonomy":"product_cat","embeddable":true,"href":"https:\/\/www.specialscentshop.com\/fr\/wp-json\/wp\/v2\/product_cat?post=44794"},{"taxonomy":"product_tag","embeddable":true,"href":"https:\/\/www.specialscentshop.com\/fr\/wp-json\/wp\/v2\/product_tag?post=44794"}],"curies":[{"name":"wp","href":"https:\/\/api.w.org\/{rel}","templated":true}]}}