{"id":44805,"date":"2020-07-22T13:17:35","date_gmt":"2020-07-22T11:17:35","guid":{"rendered":"https:\/\/www.specialscentshop.com\/product\/masque-ffp2-kn-95-certifie-ce\/"},"modified":"2020-07-22T13:17:35","modified_gmt":"2020-07-22T11:17:35","slug":"masque-ffp2-kn-95-certifie-ce","status":"publish","type":"product","link":"https:\/\/www.specialscentshop.com\/fr\/produit\/masque-ffp2-kn-95-certifie-ce\/","title":{"rendered":"Masque FFP2 KN 95 certifi\u00e9 CE"},"content":{"rendered":"<h2>Masques de protection FFP2 : haute protection dans tous les environnements<\/h2>\n<p>Les <strong>masques de protection de classe FFP2<\/strong> sont id\u00e9aux pour tout environnement n\u00e9cessitant un niveau de protection \u00e9lev\u00e9. Gr\u00e2ce \u00e0 leur degr\u00e9 de filtration, ils offrent une protection sup\u00e9rieure \u00e0 celle des masques chirurgicaux. <\/p>\n<h3>Caract\u00e9ristiques principales<\/h3>\n<ul>\n<li><strong>Filtration efficace<\/strong>: les masques FFP2 offrent une protection d&#8217;au moins 94 %, r\u00e9duisant ainsi l&#8217;exposition aux particules dangereuses.<\/li>\n<li><strong>Mat\u00e9riaux de qualit\u00e9<\/strong>: Le filtre et le tissu sont con\u00e7us pour une s\u00e9curit\u00e9 maximale.<\/li>\n<li><strong>Certification CE<\/strong>: conformes aux normes europ\u00e9ennes, les masques FFP2 sont certifi\u00e9s pour garantir leur qualit\u00e9 et leur fiabilit\u00e9.<\/li>\n<\/ul>\n<p><em><strong>Lire la suite : <a href=\"https:\/\/www.specialscentshop.com\/product\/pulsossimetro\/\">Oxym\u00e8tre de pouls<\/a><\/strong><\/em><\/p>\n","protected":false},"excerpt":{"rendered":"<p>Masques de protection FFP2 : haute protection dans tous les environnements Les masques de protection de classe FFP2 sont id\u00e9aux pour tout environnement n\u00e9cessitant un niveau de protection \u00e9lev\u00e9. Gr\u00e2ce \u00e0 leur degr\u00e9 de filtration, ils offrent une protection sup\u00e9rieure \u00e0 celle des masques chirurgicaux. Caract\u00e9ristiques principales Filtration efficace: les masques FFP2 offrent une protection [&hellip;]<\/p>\n","protected":false},"featured_media":44806,"template":"","meta":{"_acf_changed":false},"product_brand":[],"product_cat":[1049],"product_tag":[],"class_list":{"0":"post-44805","1":"product","2":"type-product","3":"status-publish","4":"has-post-thumbnail","6":"product_cat-assainissement","8":"first","9":"instock","10":"taxable","11":"shipping-taxable","12":"purchasable","13":"product-type-variable"},"acf":[],"_links":{"self":[{"href":"https:\/\/www.specialscentshop.com\/fr\/wp-json\/wp\/v2\/product\/44805","targetHints":{"allow":["GET"]}}],"collection":[{"href":"https:\/\/www.specialscentshop.com\/fr\/wp-json\/wp\/v2\/product"}],"about":[{"href":"https:\/\/www.specialscentshop.com\/fr\/wp-json\/wp\/v2\/types\/product"}],"wp:featuredmedia":[{"embeddable":true,"href":"https:\/\/www.specialscentshop.com\/fr\/wp-json\/wp\/v2\/media\/44806"}],"wp:attachment":[{"href":"https:\/\/www.specialscentshop.com\/fr\/wp-json\/wp\/v2\/media?parent=44805"}],"wp:term":[{"taxonomy":"product_brand","embeddable":true,"href":"https:\/\/www.specialscentshop.com\/fr\/wp-json\/wp\/v2\/product_brand?post=44805"},{"taxonomy":"product_cat","embeddable":true,"href":"https:\/\/www.specialscentshop.com\/fr\/wp-json\/wp\/v2\/product_cat?post=44805"},{"taxonomy":"product_tag","embeddable":true,"href":"https:\/\/www.specialscentshop.com\/fr\/wp-json\/wp\/v2\/product_tag?post=44805"}],"curies":[{"name":"wp","href":"https:\/\/api.w.org\/{rel}","templated":true}]}}