{"id":44811,"date":"2022-09-19T13:25:50","date_gmt":"2022-09-19T11:25:50","guid":{"rendered":"https:\/\/www.specialscentshop.com\/product\/sanifica-aria-beghelli-200-connect\/"},"modified":"2025-02-21T20:08:07","modified_gmt":"2025-02-21T19:08:07","slug":"sanifica-aria-beghelli-200-connect","status":"publish","type":"product","link":"https:\/\/www.specialscentshop.com\/fr\/produit\/sanifica-aria-beghelli-200-connect\/","title":{"rendered":"Sanitisation Aria Beghelli 200 connect"},"content":{"rendered":"<div class=\"flex max-w-full flex-col flex-grow\">\n<div class=\"min-h-8 text-message flex w-full flex-col items-end gap-2 whitespace-normal break-words [.text-message+&amp;]:mt-5\" dir=\"auto\" data-message-author-role=\"assistant\" data-message-id=\"de961db0-ceed-414b-bffd-7f1e3bce47d3\">\n<div class=\"flex w-full flex-col gap-1 empty:hidden first:pt-[3px]\">\n<div class=\"markdown prose w-full break-words dark:prose-invert light\">\n<h2>Sanitisation Aria Beghelli 200 connect: t\u00e9l\u00e9commande avec application<\/h2>\n<p>L&#8217;<strong>assainisseur d&#8217;air Beghelli 200 Connect<\/strong> peut \u00eatre g\u00e9r\u00e9 via une application install\u00e9e sur votre smartphone, transformant votre t\u00e9l\u00e9phone portable en une v\u00e9ritable t\u00e9l\u00e9commande. Gr\u00e2ce \u00e0 cette application, il est possible de contr\u00f4ler toutes les fonctions du syst\u00e8me d&#8217;assainissement de l&#8217;air, m\u00eame \u00e0 distance, offrant ainsi commodit\u00e9 et confort.<\/p>\n<h3>Sp\u00e9cifications techniques Sanitisation Aria Beghelli 200 connect<\/h3>\n<ul>\n<li><strong>Alimentation<\/strong>: 230Vac \u00b1 10%, 50 \u00f7 60Hz avec c\u00e2ble de 2m de long<\/li>\n<li><strong>Consommation \u00e9lectrique minimale<\/strong>: 36 W<\/li>\n<li><strong>Consommation \u00e9lectrique maximale<\/strong>: 60 W<\/li>\n<li><strong>Longueur d&#8217;onde UV-C<\/strong>: 254 nm<\/li>\n<li>&gt; D<strong>\u00e9bit d&#8217;assainissement<\/strong>: 200 mc\/h<\/li>\n<li><strong>Puissance UV-C<\/strong>: 24 W<\/li>\n<li><strong>Puissance de rayonnement UV-C<\/strong>: 7,5 W<\/li>\n<li><strong>Dur\u00e9e de vie de la cartouche<\/strong>: environ 12 mois<\/li>\n<\/ul>\n<p>Cet appareil offre une solution efficace pour l&#8217;assainissement des locaux, alliant technologie de pointe et facilit\u00e9 d&#8217;utilisation.<\/p>\n<p><em><strong>Lire la suite : <a href=\"https:\/\/www.specialscentshop.com\/fr\/produit\/beghelli-air-sanitiser-30\/\">Sanifica Aria Beghelli 30<\/a><\/strong><\/em><\/p>\n<\/div>\n<\/div>\n<\/div>\n<\/div>\n","protected":false},"excerpt":{"rendered":"<p>&nbsp;<\/p>\n<p>La technologie uvOxy\u00ae aspire l&#8217;air de la pi\u00e8ce, puis diffuse l&#8217;air purifi\u00e9 par l&#8217;\u00e9mission. Dans le SanificaAria 200, la chambre UV-C est con\u00e7ue pour assainir de grandes quantit\u00e9s d&#8217;air, de sorte qu&#8217;elle couvre une grande surface de la pi\u00e8ce, ce qui la rend adapt\u00e9e aux pi\u00e8ces de taille moyenne \u00e0 grande. L&#8217;adoption de trois ventilateurs axiaux \u00e0 vitesse variable permet de traiter jusqu&#8217;\u00e0 200 m\u00e8tres cubes d&#8217;air en une heure, tout en maintenant un niveau de bruit \u00e0 peine perceptible. L&#8217;appareil est dot\u00e9 d&#8217;une r\u00e9gulation automatique de la temp\u00e9rature via le microcontr\u00f4leur du tube UV-C. Des tests ont \u00e9t\u00e9 effectu\u00e9s conform\u00e9ment \u00e0 la norme ISO15714 sur diff\u00e9rentes souches de bact\u00e9ries, de virus et d&#8217;autres micro-organismes. L&#8217;appareil est \u00e9galement conforme aux exigences de s\u00e9curit\u00e9 IEC60335-2-65.<\/p>\n","protected":false},"featured_media":44812,"template":"","meta":{"_acf_changed":false},"product_brand":[],"product_cat":[1049],"product_tag":[],"class_list":{"0":"post-44811","1":"product","2":"type-product","3":"status-publish","4":"has-post-thumbnail","6":"product_cat-assainissement","8":"first","9":"instock","10":"taxable","11":"shipping-taxable","12":"purchasable","13":"product-type-simple"},"acf":[],"_links":{"self":[{"href":"https:\/\/www.specialscentshop.com\/fr\/wp-json\/wp\/v2\/product\/44811","targetHints":{"allow":["GET"]}}],"collection":[{"href":"https:\/\/www.specialscentshop.com\/fr\/wp-json\/wp\/v2\/product"}],"about":[{"href":"https:\/\/www.specialscentshop.com\/fr\/wp-json\/wp\/v2\/types\/product"}],"wp:featuredmedia":[{"embeddable":true,"href":"https:\/\/www.specialscentshop.com\/fr\/wp-json\/wp\/v2\/media\/44812"}],"wp:attachment":[{"href":"https:\/\/www.specialscentshop.com\/fr\/wp-json\/wp\/v2\/media?parent=44811"}],"wp:term":[{"taxonomy":"product_brand","embeddable":true,"href":"https:\/\/www.specialscentshop.com\/fr\/wp-json\/wp\/v2\/product_brand?post=44811"},{"taxonomy":"product_cat","embeddable":true,"href":"https:\/\/www.specialscentshop.com\/fr\/wp-json\/wp\/v2\/product_cat?post=44811"},{"taxonomy":"product_tag","embeddable":true,"href":"https:\/\/www.specialscentshop.com\/fr\/wp-json\/wp\/v2\/product_tag?post=44811"}],"curies":[{"name":"wp","href":"https:\/\/api.w.org\/{rel}","templated":true}]}}