{"id":44814,"date":"2020-07-22T13:20:26","date_gmt":"2020-07-22T11:20:26","guid":{"rendered":"https:\/\/www.specialscentshop.com\/product\/oxymetre-de-pouls\/"},"modified":"2025-02-24T22:05:01","modified_gmt":"2025-02-24T21:05:01","slug":"oxymetre-de-pouls","status":"publish","type":"product","link":"https:\/\/www.specialscentshop.com\/fr\/produit\/oxymetre-de-pouls\/","title":{"rendered":"Oxym\u00e8tre de pouls"},"content":{"rendered":"<div class=\"flex max-w-full flex-col flex-grow\">\n<div class=\"min-h-8 text-message flex w-full flex-col items-end gap-2 whitespace-normal break-words [.text-message+&amp;]:mt-5\" dir=\"auto\" data-message-author-role=\"assistant\" data-message-id=\"e39ca210-04d1-45bf-94bd-84a6be6fb948\">\n<div class=\"flex w-full flex-col gap-1 empty:hidden first:pt-[3px]\">\n<div class=\"markdown prose w-full break-words dark:prose-invert light\">\n<h2>Oxym\u00e8tre de pouls : surveillance rapide de la saturation en oxyg\u00e8ne<\/h2>\n<p>L&#8217;<strong>oxym\u00e8tre de pouls<\/strong> permet de v\u00e9rifier en quelques secondes le niveau de saturation en oxyg\u00e8ne du sang, fournissant ainsi une indication rapide de l&#8217;\u00e9tat de sant\u00e9.<\/p>\n<h3>Principales fonctions<\/h3>\n<ul>\n<li><strong>Mesure de la saturation en oxyg\u00e8ne<\/strong>: v\u00e9rifie le niveau d&#8217;oxyg\u00e8ne dans le sang et aide \u00e0 identifier les \u00e9tats hypoxiques.<\/li>\n<li><strong>Mesure du pouls<\/strong>: mesure simultan\u00e9ment l&#8217;intensit\u00e9 du pouls et la fr\u00e9quence cardiaque.<\/li>\n<\/ul>\n<h3>Caract\u00e9ristiques suppl\u00e9mentaires<\/h3>\n<ul>\n<li><strong>Affichage multidirectionnel<\/strong>: l&#8217;\u00e9cran peut \u00eatre tourn\u00e9 dans 4 directions pour une lecture confortable quel que soit l&#8217;angle.<\/li>\n<li><strong>Accessoires inclus<\/strong>: \u00e9quip\u00e9 d&#8217;une sangle et d&#8217;un \u00e9tui de transport, l&#8217;appareil est facile \u00e0 utiliser et \u00e0 ranger.<\/li>\n<li><strong>Longue dur\u00e9e de vie des piles<\/strong>: Con\u00e7ue pour une utilisation prolong\u00e9e sans avoir \u00e0 changer fr\u00e9quemment les piles.<\/li>\n<\/ul>\n<p><em><strong>Lire la suite : <a href=\"https:\/\/www.specialscentshop.com\/fr\/produit\/thermometre-numerique\/\">Thermom\u00e8tre num\u00e9rique<\/a><\/strong><\/em><\/p>\n<\/div>\n<\/div>\n<\/div>\n<\/div>\n<div class=\"mb-2 flex gap-3 empty:hidden -ml-2\">\n<div class=\"items-center justify-start rounded-xl p-1 flex\"><\/div>\n<\/div>\n","protected":false},"excerpt":{"rendered":"<p>Oxym\u00e8tre de pouls : surveillance rapide de la saturation en oxyg\u00e8ne L&#8217;oxym\u00e8tre de pouls permet de v\u00e9rifier en quelques secondes le niveau de saturation en oxyg\u00e8ne du sang, fournissant ainsi une indication rapide de l&#8217;\u00e9tat de sant\u00e9. Principales fonctions Mesure de la saturation en oxyg\u00e8ne: v\u00e9rifie le niveau d&#8217;oxyg\u00e8ne dans le sang et aide \u00e0 [&hellip;]<\/p>\n","protected":false},"featured_media":44815,"template":"","meta":{"_acf_changed":false},"product_brand":[],"product_cat":[1049],"product_tag":[],"class_list":{"0":"post-44814","1":"product","2":"type-product","3":"status-publish","4":"has-post-thumbnail","6":"product_cat-assainissement","8":"first","9":"instock","10":"taxable","11":"shipping-taxable","12":"purchasable","13":"product-type-simple"},"acf":[],"_links":{"self":[{"href":"https:\/\/www.specialscentshop.com\/fr\/wp-json\/wp\/v2\/product\/44814","targetHints":{"allow":["GET"]}}],"collection":[{"href":"https:\/\/www.specialscentshop.com\/fr\/wp-json\/wp\/v2\/product"}],"about":[{"href":"https:\/\/www.specialscentshop.com\/fr\/wp-json\/wp\/v2\/types\/product"}],"wp:featuredmedia":[{"embeddable":true,"href":"https:\/\/www.specialscentshop.com\/fr\/wp-json\/wp\/v2\/media\/44815"}],"wp:attachment":[{"href":"https:\/\/www.specialscentshop.com\/fr\/wp-json\/wp\/v2\/media?parent=44814"}],"wp:term":[{"taxonomy":"product_brand","embeddable":true,"href":"https:\/\/www.specialscentshop.com\/fr\/wp-json\/wp\/v2\/product_brand?post=44814"},{"taxonomy":"product_cat","embeddable":true,"href":"https:\/\/www.specialscentshop.com\/fr\/wp-json\/wp\/v2\/product_cat?post=44814"},{"taxonomy":"product_tag","embeddable":true,"href":"https:\/\/www.specialscentshop.com\/fr\/wp-json\/wp\/v2\/product_tag?post=44814"}],"curies":[{"name":"wp","href":"https:\/\/api.w.org\/{rel}","templated":true}]}}