{"id":44816,"date":"2022-09-19T14:21:49","date_gmt":"2022-09-19T12:21:49","guid":{"rendered":"https:\/\/www.specialscentshop.com\/product\/beghelli-air-sanitiser-30\/"},"modified":"2022-09-19T14:21:49","modified_gmt":"2022-09-19T12:21:49","slug":"beghelli-air-sanitiser-30","status":"publish","type":"product","link":"https:\/\/www.specialscentshop.com\/fr\/produit\/beghelli-air-sanitiser-30\/","title":{"rendered":"Beghelli Air Sanitiser 30"},"content":{"rendered":"<h2>Sanifica Aria Beghelli 30 : Dispositif d&#8217;assainissement de l&#8217;air<\/h2>\n<p><strong>Sanifica Aria Beghelli 30<\/strong> est un appareil con\u00e7u pour assainir efficacement l&#8217;air int\u00e9rieur. Ce produit innovant associe un syst\u00e8me de filtration avanc\u00e9 \u00e0 la technologie UV-C, garantissant un processus d&#8217;assainissement continu et s\u00fbr. <\/p>\n<h3>Syst\u00e8me de filtrage et d&#8217;assainissement<\/h3>\n<p>Le module d&#8217;assainissement est \u00e9quip\u00e9 d&#8217;un syst\u00e8me d&#8217;extraction \u00e0 ventilateur axial, qui permet \u00e0 l&#8217;air de p\u00e9n\u00e9trer dans une chambre ferm\u00e9e. Une source <strong>UV-C<\/strong> est plac\u00e9e \u00e0 l&#8217;int\u00e9rieur de cette chambre, o\u00f9 le processus d&#8217;assainissement de l&#8217;air est effectu\u00e9. <\/p>\n<h3>Technologie uvOxy\u00ae : efficacit\u00e9 et durabilit\u00e9<\/h3>\n<p>Une <strong>cartouche uvOxy\u00ae<\/strong> est install\u00e9e \u00e0 l&#8217;int\u00e9rieur du module et a une dur\u00e9e de vie de 12* mois. Le remplacement de la cartouche est un processus rapide et efficace qui garantit le maintien des caract\u00e9ristiques d&#8217;assainissement de l&#8217;appareil au fil du temps. <\/p>\n<h3>Conception compacte et polyvalence<\/h3>\n<p>Les dimensions r\u00e9duites du <strong>Sanifica Aria Beghelli 30<\/strong> et sa polyvalence d&#8217;installation en font un choix id\u00e9al pour diff\u00e9rents environnements. L&#8217;appareil peut \u00eatre install\u00e9 au mur, sur une \u00e9tag\u00e8re ou utilis\u00e9 avec un support au sol, s&#8217;adaptant ainsi parfaitement aux besoins de l&#8217;utilisateur. <\/p>\n<p><em><strong>Lire la suite :<a href=\"https:\/\/www.specialscentshop.com\/product\/nebula-250gr\/\"> Nebula diffuseur d&#8217;ambiance Rechargeable<\/a><\/strong><\/em><\/p>\n","protected":false},"excerpt":{"rendered":"<p>Des tests ont \u00e9t\u00e9 effectu\u00e9s conform\u00e9ment \u00e0 la norme ISO15714 sur diff\u00e9rentes souches de bact\u00e9ries, de virus et d&#8217;autres micro-organismes. L&#8217;appareil est \u00e9galement conforme aux exigences de s\u00e9curit\u00e9 selon IEC60335-2-65 pour les purificateurs d&#8217;air. <strong>Alimentation<\/strong> 230Vac \u00b110%, 50\u00f760Hz avec c\u00e2ble de 2m <strong>Consommation \u00e9lectrique<\/strong> 25W <strong>Longueur d&#8217;onde UV-C<\/strong> 25W <strong>Capacit\u00e9 d&#8217;assainissement<\/strong> 30 mc\/h <strong>Puissance<\/strong> <strong>UV-C<\/strong> 18w <strong>Puissance radiante<\/strong> <strong>UV-C<\/strong> 5,5 W <strong>Dur\u00e9e de vie recommand\u00e9e des cartouches<\/strong> *12 mois <\/p>\n","protected":false},"featured_media":44817,"template":"","meta":{"_acf_changed":false},"product_brand":[],"product_cat":[1049],"product_tag":[],"class_list":{"0":"post-44816","1":"product","2":"type-product","3":"status-publish","4":"has-post-thumbnail","6":"product_cat-assainissement","8":"first","9":"outofstock","10":"taxable","11":"shipping-taxable","12":"purchasable","13":"product-type-simple"},"acf":[],"_links":{"self":[{"href":"https:\/\/www.specialscentshop.com\/fr\/wp-json\/wp\/v2\/product\/44816","targetHints":{"allow":["GET"]}}],"collection":[{"href":"https:\/\/www.specialscentshop.com\/fr\/wp-json\/wp\/v2\/product"}],"about":[{"href":"https:\/\/www.specialscentshop.com\/fr\/wp-json\/wp\/v2\/types\/product"}],"wp:featuredmedia":[{"embeddable":true,"href":"https:\/\/www.specialscentshop.com\/fr\/wp-json\/wp\/v2\/media\/44817"}],"wp:attachment":[{"href":"https:\/\/www.specialscentshop.com\/fr\/wp-json\/wp\/v2\/media?parent=44816"}],"wp:term":[{"taxonomy":"product_brand","embeddable":true,"href":"https:\/\/www.specialscentshop.com\/fr\/wp-json\/wp\/v2\/product_brand?post=44816"},{"taxonomy":"product_cat","embeddable":true,"href":"https:\/\/www.specialscentshop.com\/fr\/wp-json\/wp\/v2\/product_cat?post=44816"},{"taxonomy":"product_tag","embeddable":true,"href":"https:\/\/www.specialscentshop.com\/fr\/wp-json\/wp\/v2\/product_tag?post=44816"}],"curies":[{"name":"wp","href":"https:\/\/api.w.org\/{rel}","templated":true}]}}