{"id":44818,"date":"2020-07-22T13:24:25","date_gmt":"2020-07-22T11:24:25","guid":{"rendered":"https:\/\/www.specialscentshop.com\/product\/masque-ffp2-kn-95-silicone-avec-filtre-de-remplacement\/"},"modified":"2025-02-26T08:02:37","modified_gmt":"2025-02-26T07:02:37","slug":"masque-ffp2-kn-95-silicone-avec-filtre-de-remplacement","status":"publish","type":"product","link":"https:\/\/www.specialscentshop.com\/fr\/produit\/masque-ffp2-kn-95-silicone-avec-filtre-de-remplacement\/","title":{"rendered":"Masque FFP2 KN 95 Silicone avec filtre de remplacement"},"content":{"rendered":"<h2>Instructions pour l&#8217;utilisation du\u00a0 Masque FFP2 KN 95 Silicone<\/h2>\n<ol>\n<li><strong>Retrait du filtre usag\u00e9<\/strong>: apr\u00e8s utilisation, retirez soigneusement le filtre pour \u00e9viter toute contamination secondaire.<\/li>\n<li><strong>Nettoyage du<\/strong> masque : lavez le masque avec de l&#8217;eau \u00e0 haute temp\u00e9rature, r\u00e9gl\u00e9e \u00e0 60\u00b0C au moins.<\/li>\n<li><strong>D\u00e9sinfection avant r\u00e9utilisation<\/strong>: Veillez \u00e0 ce que le masque soit toujours d\u00e9sinfect\u00e9 avant d&#8217;\u00eatre r\u00e9utilis\u00e9.<\/li>\n<li><strong>Installation de nouveaux<\/strong> filtres : apr\u00e8s le nettoyage et la d\u00e9sinfection, ins\u00e9rez de nouveaux filtres et votre masque en silicone sera pr\u00eat \u00e0 \u00eatre r\u00e9utilis\u00e9.<\/li>\n<\/ol>\n<h2>Caract\u00e9ristiques du produit Masque FFP2 KN 95 Silicone<\/h2>\n<ul>\n<li><strong>Masque en silicone r\u00e9utilisable<\/strong>: con\u00e7u avec des filtres de remplacement pour une plus grande durabilit\u00e9.<\/li>\n<li><strong>Durabilit\u00e9<\/strong>: r\u00e9duit la pollution de l&#8217;environnement tout en maintenant des normes \u00e9lev\u00e9es de s\u00e9curit\u00e9 personnelle.<\/li>\n<li><strong>Accessoires inclus<\/strong>: 2 filtres de remplacement sont inclus dans l&#8217;emballage.<\/li>\n<li><strong>Filtres de remplacement<\/strong>: disponibles en paquets de 10 pour une utilisation longue et s\u00fbre.<\/li>\n<\/ul>\n<p><em><strong>Lire la suite: <a href=\"https:\/\/www.specialscentshop.com\/fr\/produit\/masque-ffp2-kn-95-certifie-ce\/\">Kn 95<\/a><\/strong><\/em><\/p>\n","protected":false},"excerpt":{"rendered":"<p>Instructions pour l&#8217;utilisation du\u00a0 Masque FFP2 KN 95 Silicone Retrait du filtre usag\u00e9: apr\u00e8s utilisation, retirez soigneusement le filtre pour \u00e9viter toute contamination secondaire. Nettoyage du masque : lavez le masque avec de l&#8217;eau \u00e0 haute temp\u00e9rature, r\u00e9gl\u00e9e \u00e0 60\u00b0C au moins. D\u00e9sinfection avant r\u00e9utilisation: Veillez \u00e0 ce que le masque soit toujours d\u00e9sinfect\u00e9 avant [&hellip;]<\/p>\n","protected":false},"featured_media":44819,"template":"","meta":{"_acf_changed":false},"product_brand":[],"product_cat":[1049],"product_tag":[],"class_list":{"0":"post-44818","1":"product","2":"type-product","3":"status-publish","4":"has-post-thumbnail","6":"product_cat-assainissement","8":"first","9":"instock","10":"taxable","11":"shipping-taxable","12":"purchasable","13":"product-type-variable"},"acf":[],"_links":{"self":[{"href":"https:\/\/www.specialscentshop.com\/fr\/wp-json\/wp\/v2\/product\/44818","targetHints":{"allow":["GET"]}}],"collection":[{"href":"https:\/\/www.specialscentshop.com\/fr\/wp-json\/wp\/v2\/product"}],"about":[{"href":"https:\/\/www.specialscentshop.com\/fr\/wp-json\/wp\/v2\/types\/product"}],"wp:featuredmedia":[{"embeddable":true,"href":"https:\/\/www.specialscentshop.com\/fr\/wp-json\/wp\/v2\/media\/44819"}],"wp:attachment":[{"href":"https:\/\/www.specialscentshop.com\/fr\/wp-json\/wp\/v2\/media?parent=44818"}],"wp:term":[{"taxonomy":"product_brand","embeddable":true,"href":"https:\/\/www.specialscentshop.com\/fr\/wp-json\/wp\/v2\/product_brand?post=44818"},{"taxonomy":"product_cat","embeddable":true,"href":"https:\/\/www.specialscentshop.com\/fr\/wp-json\/wp\/v2\/product_cat?post=44818"},{"taxonomy":"product_tag","embeddable":true,"href":"https:\/\/www.specialscentshop.com\/fr\/wp-json\/wp\/v2\/product_tag?post=44818"}],"curies":[{"name":"wp","href":"https:\/\/api.w.org\/{rel}","templated":true}]}}