{"id":45614,"date":"2025-01-15T12:33:01","date_gmt":"2025-01-15T11:33:01","guid":{"rendered":"https:\/\/www.specialscentshop.com\/?post_type=product&#038;p=45614"},"modified":"2025-01-15T12:33:59","modified_gmt":"2025-01-15T11:33:59","slug":"parfumeur-dambiance","status":"publish","type":"product","link":"https:\/\/www.specialscentshop.com\/fr\/produit\/parfumeur-dambiance\/","title":{"rendered":"Diffuseur de parfum S 450 Area"},"content":{"rendered":"<h2>Caract\u00e9ristiques techniques de Scent 450 Area<\/h2>\n<ul>\n<li>Scent 450 Area est un diffuseur enti\u00e8rement m\u00e9tallique con\u00e7u pour parfumer les espaces de <strong>grande et moyenne taille.<\/strong><\/li>\n<li>Le <strong>ventilateur int\u00e9gr\u00e9<\/strong> diffuse le parfum uniform\u00e9ment dans l&#8217;espace, am\u00e9liorant la circulation de l&#8217;air et cr\u00e9ant une ambiance agr\u00e9able dans les endroits o\u00f9 la circulation de l&#8217;air est limit\u00e9e.<\/li>\n<li>Avec son <strong>r\u00e9servoir de 850 ml<\/strong>, les recharges sont limit\u00e9es, ce qui vous permet de profiter de <strong>118 jours de<\/strong> parfum en continu.<\/li>\n<li>La machine est contr\u00f4l\u00e9e <strong>\u00e0 distance<\/strong> via l&#8217;application Bluetooth, ce qui vous permet de contr\u00f4ler la dur\u00e9e de distribution, l&#8217;intensit\u00e9 et les heures de travail.<\/li>\n<li>Extr\u00eamement<strong> polyvalent<\/strong>, il peut \u00eatre fix\u00e9 au mur, au plafond ou pos\u00e9 librement, pour r\u00e9pondre \u00e0 tous les besoins.<\/li>\n<li>Scent 450 Area parfume vos pi\u00e8ces efficacement et silencieusement, cr\u00e9ant une atmosph\u00e8re agr\u00e9able pour vous et vos invit\u00e9s.<\/li>\n<\/ul>\n<h2>Parfumeur d&#8217;ambiance Sp\u00e9cifications<\/h2>\n<ul>\n<li><strong>Mod\u00e8le<\/strong> : Scent 450 Area<\/li>\n<li><strong>dimensions<\/strong> : 205 x 167 x 352 mm<\/li>\n<li><strong>Mat\u00e9riau<\/strong> : m\u00e9tal<\/li>\n<li><strong>tension<\/strong> : DC 12 V<\/li>\n<li><strong>Puissance<\/strong> : 12W<\/li>\n<li><strong>Capacit\u00e9 du r\u00e9cipient :<\/strong> 850 ml<\/li>\n<li><strong>consommation<\/strong> : 0,3-3,7 gr\/H<\/li>\n<li><strong>Couverture<\/strong> : 2400 m3<\/li>\n<li><strong>Technologie<\/strong> : N\u00e9bulisation \u00e0 froid<\/li>\n<\/ul>\n<h2>Quelles sont les fragrances \u00e0 utiliser avec les diffuseurs Special Scent ?<\/h2>\n<ul>\n<li>Special scent propose un large choix de <a href=\"https:\/\/www.specialscentshop.com\/fr\/parfums-et-fragrances\/\">fragrances<\/a> enregistr\u00e9es et certifi\u00e9es pour parfumer toutes sortes de pi\u00e8ces et impressionner vos invit\u00e9s avec des techniques de marketing olfactif.<\/li>\n<li>Une odeur particuli\u00e8re n&#8217;oblige pas \u00e0 acheter nos parfums, mais il est recommand\u00e9 de<strong> ne pas utiliser d&#8217;huiles solubles dans l&#8217;eau et d&#8217;huiles utilis\u00e9es dans les diffuseurs \u00e0 b\u00e2tonnets<\/strong>.<\/li>\n<li>Special Scent est votre partenaire id\u00e9al pour les parfums d&#8217;ambiance. Sur notre site, vous trouverez la solution parfaite pour votre environnement, des parfums aux diffuseurs.<\/li>\n<\/ul>\n<p><strong><em>en savoir plus : <\/em><\/strong><a href=\"https:\/\/www.specialscentshop.com\/fr\/produit\/s900-fan-diffuseur-de-parfum\/\">S900 FAN diffuseur de parfum<\/a><\/p>\n","protected":false},"excerpt":{"rendered":"<p><strong>Parfumeur d&#8217;ambiance Scent 450 Area<\/strong> est le compagnon id\u00e9al pour parfumer vos grands espaces. Avec son ventilateur int\u00e9gr\u00e9, il peut couvrir jusqu&#8217;\u00e0 2500m3, soulageant ainsi vos invit\u00e9s gr\u00e2ce \u00e0 la technologie du <a href=\"https:\/\/www.specialscentshop.com\/fr\/marketing-olfactif\/\">marketing olfactif<\/a>. Le r\u00e9servoir extr\u00eamement volumineux vous permettra de minimiser les recharges de parfum, et le contr\u00f4le via l&#8217;application Bluetooth (disponible pour Android et IoS) vous permettra de personnaliser les param\u00e8tres de la machine et de les adapter \u00e0 vos besoins.<\/p>\n<p><strong>Vous pouvez trouver le diffuseur qui vous convient en consultant notre catalogue en cliquant sur <a href=\"https:\/\/www.specialscentshop.com\/fr\/diffuseurs-dambiance\/\">ce lien.<\/a><\/strong><\/p>\n","protected":false},"featured_media":45312,"template":"","meta":{"_acf_changed":false},"product_brand":[],"product_cat":[783],"product_tag":[904,1117],"class_list":{"0":"post-45614","1":"product","2":"type-product","3":"status-publish","4":"has-post-thumbnail","6":"product_cat-diffuseur-de-parfum-desodorisants-dambiance","7":"product_tag-foires-et-evenements","8":"product_tag-diffuseurs-pour-grands-environnements","10":"first","11":"instock","12":"taxable","13":"shipping-taxable","14":"purchasable","15":"product-type-simple"},"acf":[],"_links":{"self":[{"href":"https:\/\/www.specialscentshop.com\/fr\/wp-json\/wp\/v2\/product\/45614","targetHints":{"allow":["GET"]}}],"collection":[{"href":"https:\/\/www.specialscentshop.com\/fr\/wp-json\/wp\/v2\/product"}],"about":[{"href":"https:\/\/www.specialscentshop.com\/fr\/wp-json\/wp\/v2\/types\/product"}],"wp:featuredmedia":[{"embeddable":true,"href":"https:\/\/www.specialscentshop.com\/fr\/wp-json\/wp\/v2\/media\/45312"}],"wp:attachment":[{"href":"https:\/\/www.specialscentshop.com\/fr\/wp-json\/wp\/v2\/media?parent=45614"}],"wp:term":[{"taxonomy":"product_brand","embeddable":true,"href":"https:\/\/www.specialscentshop.com\/fr\/wp-json\/wp\/v2\/product_brand?post=45614"},{"taxonomy":"product_cat","embeddable":true,"href":"https:\/\/www.specialscentshop.com\/fr\/wp-json\/wp\/v2\/product_cat?post=45614"},{"taxonomy":"product_tag","embeddable":true,"href":"https:\/\/www.specialscentshop.com\/fr\/wp-json\/wp\/v2\/product_tag?post=45614"}],"curies":[{"name":"wp","href":"https:\/\/api.w.org\/{rel}","templated":true}]}}