{"id":45657,"date":"2020-09-24T00:02:00","date_gmt":"2020-09-23T22:02:00","guid":{"rendered":"https:\/\/www.specialscentshop.com\/?post_type=product&#038;p=45657"},"modified":"2025-01-13T11:25:16","modified_gmt":"2025-01-13T10:25:16","slug":"diffuseur-de-parfum-s300","status":"publish","type":"product","link":"https:\/\/www.specialscentshop.com\/fr\/produit\/diffuseur-de-parfum-s300\/","title":{"rendered":"Diffuseur de parfum S300"},"content":{"rendered":"<h2>Caract\u00e9ristiques du diffuseur de parfum S300<\/h2>\n<p>Le <strong>diffuseur de parfum S300<\/strong> est disponible en deux couleurs \u00e9l\u00e9gantes, blanc et noir, ce qui lui permet de s&#8217;adapter parfaitement \u00e0 tous les environnements. Avec son design moderne, ce diffuseur peut \u00eatre fix\u00e9 au mur \u00e0 l&#8217;aide des vis et des chevilles Fischer fournies, ou bien il peut \u00eatre fix\u00e9 \u00e0 l&#8217;aide d&#8217;une bande adh\u00e9sive double face. Chez <strong>Specialscent<\/strong>, nous offrons une grande vari\u00e9t\u00e9 de solutions de parfums pour vos espaces, vous assurant de trouver la senteur parfaite pour repr\u00e9senter votre environnement. Tous nos parfums sont <strong>certifi\u00e9s IFRA<\/strong> et sont <strong>exclusivement FABRIQU\u00c9S EN ITALIE<\/strong>, ce qui garantit une qualit\u00e9 et une s\u00e9curit\u00e9 optimales.<\/p>\n<h2>Soutien apr\u00e8s l&#8217;achat<\/h2>\n<p>Apr\u00e8s avoir achet\u00e9 le diffuseur de parfum S300, vous recevrez un e-mail r\u00e9sumant votre transaction, ainsi qu&#8217;un lien pour t\u00e9l\u00e9charger le <strong>manuel d&#8217;instructions<\/strong>, qui fournit des informations d\u00e9taill\u00e9es sur la programmation des cycles de diffusion. Vous pouvez personnaliser \u00e0 la fois la dur\u00e9e de la diffusion quotidienne du parfum et l&#8217;intensit\u00e9 de la n\u00e9bulisation, ce qui vous permet de contr\u00f4ler la quantit\u00e9 et le moment de la diffusion de votre parfum afin de r\u00e9duire le gaspillage et d&#8217;optimiser la diffusion.<\/p>\n<h2>Description technique<\/h2>\n<ul>\n<li><strong>Mat\u00e9riau<\/strong>: Plastique<\/li>\n<li><strong>Dimensions<\/strong>:\n<ul>\n<li>Hauteur : 173 mm<\/li>\n<li>Longueur : 146 mm<\/li>\n<li>Profondeur : 63 mm<\/li>\n<\/ul>\n<\/li>\n<li><strong>Options de couleur<\/strong>: Coque noire ou blanche<\/li>\n<li><strong>Alimentation \u00e9lectrique<\/strong>: Transformateur 220\/12 Volt \/ Batterie<\/li>\n<li><strong>Puissance<\/strong>: 15 Watt<\/li>\n<li><b>Contr\u00f4le : <\/b>Bluetooth<\/li>\n<li><strong>Niveau sonore<\/strong>: moins de 8 db<\/li>\n<li><strong>Capacit\u00e9 du parfum<\/strong>: 100 ml<\/li>\n<li><strong>Consommation maximale de parfum<\/strong>: 0,35 gramme par heure<\/li>\n<li><strong>Couverture maximale<\/strong>: 180 m3<\/li>\n<li><strong>Poids<\/strong>: 1,2 kg<\/li>\n<\/ul>\n<h2>Instructions d&#8217;installation<\/h2>\n<p>Le diffuseur Scent 300 est reli\u00e9 \u00e0 un syst\u00e8me ind\u00e9pendant \u00e9quip\u00e9 d&#8217;un ventilateur interne. Il est con\u00e7u pour une installation murale \u00e0 une hauteur de 1,5 \u00e0 1,8 m\u00e8tre du sol. Pour une performance optimale, assurez-vous que le mur est libre de tout obstacle afin de permettre une distribution uniforme du parfum. Gr\u00e2ce \u00e0 ses fonctions puissantes et personnalisables, le Scent 300 est une solution id\u00e9ale pour cr\u00e9er une atmosph\u00e8re toujours agr\u00e9able dans les espaces de taille moyenne \u00e0 grande.<\/p>\n<p><em><strong>En savoir plus : <a href=\"https:\/\/www.specialscentshop.com\/fr\/produit\/diffuseur-de-parfum-s200\/\">Diffuseur \u00e9lectrique S200<\/a><\/strong><\/em><\/p>\n","protected":false},"excerpt":{"rendered":"<p><strong>Diffuseur de parfum S300 <\/strong><\/p>\n<p>Ce diffuseur compact et luxueux est la meilleure option pour rafra\u00eechir votre maison, votre h\u00f4tel, vos toilettes ou votre espace commercial. Son design \u00e9l\u00e9gant et incurv\u00e9 soulagera votre vue, tandis que son ventilateur interne, puissant mais silencieux, rafra\u00eechira votre environnement.<\/p>\n<p>&nbsp;<\/p>\n","protected":false},"featured_media":45573,"template":"","meta":{"_acf_changed":false},"product_brand":[],"product_cat":[783],"product_tag":[867,868,870,871,784,902,785,786,787,788],"class_list":{"0":"post-45657","1":"product","2":"type-product","3":"status-publish","4":"has-post-thumbnail","6":"product_cat-diffuseur-de-parfum-desodorisants-dambiance","7":"product_tag-salles-de-jeux","8":"product_tag-gymnases-et-sports","9":"product_tag-cabinets-medicaux-cliniques","10":"product_tag-diffuseurs-pour-cabinets-medicaux-cliniques","11":"product_tag-domicile","12":"product_tag-condominiums","13":"product_tag-bureau","14":"product_tag-hotel-bb-fr","15":"product_tag-magasins-shopping","16":"product_tag-restaurants-et-bars","18":"first","19":"instock","20":"taxable","21":"shipping-taxable","22":"purchasable","23":"product-type-variable"},"acf":[],"_links":{"self":[{"href":"https:\/\/www.specialscentshop.com\/fr\/wp-json\/wp\/v2\/product\/45657","targetHints":{"allow":["GET"]}}],"collection":[{"href":"https:\/\/www.specialscentshop.com\/fr\/wp-json\/wp\/v2\/product"}],"about":[{"href":"https:\/\/www.specialscentshop.com\/fr\/wp-json\/wp\/v2\/types\/product"}],"wp:featuredmedia":[{"embeddable":true,"href":"https:\/\/www.specialscentshop.com\/fr\/wp-json\/wp\/v2\/media\/45573"}],"wp:attachment":[{"href":"https:\/\/www.specialscentshop.com\/fr\/wp-json\/wp\/v2\/media?parent=45657"}],"wp:term":[{"taxonomy":"product_brand","embeddable":true,"href":"https:\/\/www.specialscentshop.com\/fr\/wp-json\/wp\/v2\/product_brand?post=45657"},{"taxonomy":"product_cat","embeddable":true,"href":"https:\/\/www.specialscentshop.com\/fr\/wp-json\/wp\/v2\/product_cat?post=45657"},{"taxonomy":"product_tag","embeddable":true,"href":"https:\/\/www.specialscentshop.com\/fr\/wp-json\/wp\/v2\/product_tag?post=45657"}],"curies":[{"name":"wp","href":"https:\/\/api.w.org\/{rel}","templated":true}]}}