{"id":46149,"date":"2020-06-11T15:01:17","date_gmt":"2020-06-11T13:01:17","guid":{"rendered":"https:\/\/www.specialscentshop.com\/?post_type=product&#038;p=46149"},"modified":"2025-10-11T21:39:17","modified_gmt":"2025-10-11T19:39:17","slug":"lavande","status":"publish","type":"product","link":"https:\/\/www.specialscentshop.com\/fr\/produit\/lavande\/","title":{"rendered":"Lavande"},"content":{"rendered":"<div class=\"av-special-heading av-special-heading-h3 custom-color-heading blockquote modern-quote avia-builder-el-29 el_before_av_textblock avia-builder-el-first av-inherit-size \">\n<h2><strong>Effet sur l&#8217;environnement<\/strong><\/h2>\n<p>Gr\u00e2ce \u00e0 son ar\u00f4me persistant mais non intrusif, la lavande se r\u00e9pand avec sa touche d\u00e9licate et unique, sans perturber ni fatiguer l&#8217;odorat. C&#8217;est pr\u00e9cis\u00e9ment pour ces particularit\u00e9s qu&#8217;elle est fortement recommand\u00e9e pour des lieux tels que : SPA, centres de bien-\u00eatre, blanchisseries, salles d&#8217;attente, centres de massage et maisons de repos. \u00c0 la maison, m\u00eame aujourd&#8217;hui, il n&#8217;est pas difficile de trouver des sacs avec des bouquets de lavande dans les tiroirs \u00e0 linge, les placards ou \u00e9parpill\u00e9s dans la maison, ou accroch\u00e9s au mur dans les maisons de campagne pour \u00e9loigner les mites.Specialscent est en mesure d&#8217;offrir la plus haute qualit\u00e9 et authenticit\u00e9. Son engagement est de retrouver des parfums anciens pour apporter une touche innovante dans le domaine du marketing olfactif.<\/p>\n<h2><strong>Caract\u00e9ristiques Parfum d&#8217;environnement de la lavande<\/strong><\/h2>\n<p>Prenez soin de votre maison et de votre environnement, renouvelez-les en utilisant l&#8217;essence de lavande et vous verrez que vous ne pourrez plus vous en passer.<br \/>\nCr\u00e9ez un souvenir dans la m\u00e9moire olfactive de vos clients<br \/>\nCe type de parfum est une nouvelle fa\u00e7on d&#8217;aider notre corps \u00e0 se sentir mieux, \u00e0 prendre soin de lui-m\u00eame et de l&#8217;environnement qui nous entoure ! N&#8217;oubliez pas non plus que le maintien d&#8217;un environnement parfum\u00e9 est agr\u00e9able \u00e0 la fois pour les clients et pour votre personnel. Cr\u00e9er une harmonie entre tous ces \u00e9l\u00e9ments ne peut qu&#8217;aboutir \u00e0 d&#8217;excellents r\u00e9sultats.<\/p>\n<p>Special Scent est en mesure de vous offrir des r\u00e9sultats surprenants et inattendus gr\u00e2ce \u00e0 l&#8217;exp\u00e9rience acquise au fil des ann\u00e9es dans ce domaine, nous sommes \u00e0 votre disposition et nous savons que vous ne serez pas d\u00e9\u00e7us.<\/p>\n<p><em><strong>Nous disposons d&#8217;une large gamme de diffuseurs d&#8217;ambiance, dont notre tout nouveau diffuseur manuel <a href=\"https:\/\/www.specialscentshop.com\/fr\/produit\/nebula-diffuseur-dambiance-rechargeable\/\">Nebula<\/a>, qui fonctionne avec la m\u00eame technique de brumisation que nos diffuseurs, une solution parfaite et \u00e9conomique pour ceux qui souhaitent tester nos produits avant d&#8217;acheter une plus grande quantit\u00e9 de parfum ou un diffuseur. Le format Nebula est en aluminium, il est rechargeable et surtout \u00e9cologique. A l&#8217;achat d&#8217;un parfum de 0,250 g de votre choix, vous recevrez Nebula en cadeau. Id\u00e9al pour les petites quantit\u00e9s de produit. <\/strong><\/em><\/p>\n<p><em><strong>En savoir plus : <a href=\"https:\/\/www.specialscentshop.com\/fr\/produit\/parfum-dambiance-aloe\/\">Parfum d&#8217;ambiance Aloe<\/a><\/strong><\/em><\/p>\n<\/div>\n","protected":false},"excerpt":{"rendered":"<h3>Notes olfactives : notes de c\u0153ur<\/h3>\n<p>La lavande poss\u00e8de de nombreuses propri\u00e9t\u00e9s et est utilis\u00e9e depuis l&#8217;\u00e9poque romaine pour parfumer les pi\u00e8ces et en aromath\u00e9rapie, elle est consid\u00e9r\u00e9e comme une v\u00e9ritable panac\u00e9e qui peut d\u00e9tendre, \u00e9tirer les muscles et faciliter le sommeil.<br \/>\nLa lavande est originaire d&#8217;Europe, mais la proven\u00e7ale est la qualit\u00e9 la plus connue et la plus r\u00e9pandue. Il existe de nombreuses preuves historiques de l&#8217;utilisation de cette plante par les civilisations anciennes pour parfumer l&#8217;eau du bain.<br \/>\nUn tel parfum constitue \u00e9galement une petite partie de l'&#8221;histoire olfactive&#8221; de notre culture.<\/p>\n","protected":false},"featured_media":48968,"template":"","meta":{"_acf_changed":false},"product_brand":[],"product_cat":[818],"product_tag":[867,784,870,785,902,786,903,787,904,906,907,917],"class_list":{"0":"post-46149","1":"product","2":"type-product","3":"status-publish","4":"has-post-thumbnail","6":"product_cat-parfums-dambiance","7":"product_tag-salles-de-jeux","8":"product_tag-domicile","9":"product_tag-cabinets-medicaux-cliniques","10":"product_tag-bureau","11":"product_tag-condominiums","12":"product_tag-hotel-bb-fr","13":"product_tag-environnements-exterieurs","14":"product_tag-magasins-shopping","15":"product_tag-foires-et-evenements","16":"product_tag-mariages","17":"product_tag-parfums-pour-les-foires-commerciales","18":"product_tag-parfums-pour-cabinets-medicaux-cliniques","20":"first","21":"instock","22":"featured","23":"taxable","24":"shipping-taxable","25":"purchasable","26":"product-type-variable"},"acf":[],"_links":{"self":[{"href":"https:\/\/www.specialscentshop.com\/fr\/wp-json\/wp\/v2\/product\/46149","targetHints":{"allow":["GET"]}}],"collection":[{"href":"https:\/\/www.specialscentshop.com\/fr\/wp-json\/wp\/v2\/product"}],"about":[{"href":"https:\/\/www.specialscentshop.com\/fr\/wp-json\/wp\/v2\/types\/product"}],"wp:featuredmedia":[{"embeddable":true,"href":"https:\/\/www.specialscentshop.com\/fr\/wp-json\/wp\/v2\/media\/48968"}],"wp:attachment":[{"href":"https:\/\/www.specialscentshop.com\/fr\/wp-json\/wp\/v2\/media?parent=46149"}],"wp:term":[{"taxonomy":"product_brand","embeddable":true,"href":"https:\/\/www.specialscentshop.com\/fr\/wp-json\/wp\/v2\/product_brand?post=46149"},{"taxonomy":"product_cat","embeddable":true,"href":"https:\/\/www.specialscentshop.com\/fr\/wp-json\/wp\/v2\/product_cat?post=46149"},{"taxonomy":"product_tag","embeddable":true,"href":"https:\/\/www.specialscentshop.com\/fr\/wp-json\/wp\/v2\/product_tag?post=46149"}],"curies":[{"name":"wp","href":"https:\/\/api.w.org\/{rel}","templated":true}]}}