{"id":46164,"date":"2025-07-22T14:05:09","date_gmt":"2025-07-22T12:05:09","guid":{"rendered":"https:\/\/www.specialscentshop.com\/?post_type=product&#038;p=46164"},"modified":"2026-01-12T22:30:17","modified_gmt":"2026-01-12T21:30:17","slug":"diffuseur-parfum-voiture-luxe","status":"publish","type":"product","link":"https:\/\/www.specialscentshop.com\/fr\/produit\/diffuseur-parfum-voiture-luxe\/","title":{"rendered":"D\u00e9sodorisant pour voiture \u00e9lectrique S70"},"content":{"rendered":"<h2>Caract\u00e9ristiques du d\u00e9sodorisant pour voiture \u00e9lectrique S70<\/h2>\n<p>Le <strong>Diffuseur parfum voiture lux<\/strong>e S 70 utilise la n\u00e9bulation d&#8217;air froid pour lib\u00e9rer des particules atomis\u00e9es de parfum dans l&#8217;air, de sorte que la structure mol\u00e9culaire du parfum n&#8217;est pas alt\u00e9r\u00e9e ou endommag\u00e9e. Il est \u00e9quip\u00e9 de 3 niveaux d&#8217;intensit\u00e9 diff\u00e9rents et de 4 minuteries, pour r\u00e9pondre \u00e0 tous vos besoins.<\/p>\n<p>Parfait pour \u00eatre plac\u00e9 dans les voitures, les petits bureaux et les pi\u00e8ces qui ne d\u00e9passent pas 10m2.<\/p>\n<p>Il se recharge par USB, n&#8217;utilise pas de piles et n&#8217;a pas besoin d&#8217;\u00eatre branch\u00e9 lorsqu&#8217;il est utilis\u00e9, ce qui vous permet de le transporter facilement d&#8217;une pi\u00e8ce \u00e0 l&#8217;autre.<\/p>\n<h2>Caract\u00e9ristiques techniques du diffuseur de voiture S70<\/h2>\n<ul>\n<li>Mod\u00e8le : Scent 70<\/li>\n<li>Capacit\u00e9 : 5-20ml<\/li>\n<li>Tension : DC-5V<\/li>\n<li>Puissance : 1,5 W<\/li>\n<li>Dur\u00e9e maximale de la batterie en veille : 72 heures<\/li>\n<li>Taille du produit : 71.5mm*121mm<\/li>\n<li>Capacit\u00e9 de la batterie : 2000mah<\/li>\n<li>Poids du produit : 370gr<\/li>\n<\/ul>\n<h3>Quelle huile parfum\u00e9e dois-je utiliser dans les d\u00e9sodorisants \u00e9lectriques Special Scent ?<\/h3>\n<ul>\n<li>Special Scent dispose d&#8217;une large gamme de parfums certifi\u00e9s et enregistr\u00e9s pour les environnements huileux, afin de parfumer chaque environnement et de cr\u00e9er un impact captivant sur le client en utilisant la technique du <a href=\"https:\/\/www.specialscentshop.com\/fr\/marketing-olfactif\/\">marketing olfactif<\/a>.<\/li>\n<li>Special Scent n&#8217;oblige pas \u00e0 acheter des parfums, mais recommande de ne pas utiliser d&#8217;huiles solubles dans l&#8217;eau et d&#8217;huiles utilis\u00e9es dans les diffuseurs \u00e0 bois.<\/li>\n<li>Special Scent est votre partenaire id\u00e9al pour parfumer vos espaces, sur notre site vous pouvez trouver la meilleure solution pour votre environnement, des fragrances aux <strong>diffuseurs de parfum<\/strong>.<\/li>\n<\/ul>\n<p><em><strong>En savoir plus : <a href=\"https:\/\/www.specialscentshop.com\/fr\/produit\/diffuseur-de-parfum-s60\/\">Diffuseur pour voiture \u00e9lectrique S60<\/a><\/strong><\/em><\/p>\n","protected":false},"excerpt":{"rendered":"<h3>Rafra\u00eechisseur d&#8217;air \u00e9lectrique pour voiture S70<\/h3>\n<p><strong>Vous pouvez trouver le parfum qui vous convient le mieux en consultant notre catalogue sur <a href=\"https:\/\/www.specialscentshop.com\/fr\/parfums-et-fragrances\/\">CE <\/a>lien<\/strong><br \/>\n<strong>ou trouvez les parfums d&#8217;ambiance Drink&amp;Food sur <a href=\"https:\/\/www.specialscentshop.com\/fr\/parfums-dambiance-drinkfood\/\">CE <\/a>lien<\/strong><\/p>\n","protected":false},"featured_media":46112,"template":"","meta":{"_acf_changed":false},"product_brand":[],"product_cat":[783],"product_tag":[853],"class_list":{"0":"post-46164","1":"product","2":"type-product","3":"status-publish","4":"has-post-thumbnail","6":"product_cat-diffuseur-de-parfum-desodorisants-dambiance","7":"product_tag-voitures-vehicules-a-moteur","9":"first","10":"instock","11":"taxable","12":"shipping-taxable","13":"purchasable","14":"product-type-variable"},"acf":[],"_links":{"self":[{"href":"https:\/\/www.specialscentshop.com\/fr\/wp-json\/wp\/v2\/product\/46164","targetHints":{"allow":["GET"]}}],"collection":[{"href":"https:\/\/www.specialscentshop.com\/fr\/wp-json\/wp\/v2\/product"}],"about":[{"href":"https:\/\/www.specialscentshop.com\/fr\/wp-json\/wp\/v2\/types\/product"}],"wp:featuredmedia":[{"embeddable":true,"href":"https:\/\/www.specialscentshop.com\/fr\/wp-json\/wp\/v2\/media\/46112"}],"wp:attachment":[{"href":"https:\/\/www.specialscentshop.com\/fr\/wp-json\/wp\/v2\/media?parent=46164"}],"wp:term":[{"taxonomy":"product_brand","embeddable":true,"href":"https:\/\/www.specialscentshop.com\/fr\/wp-json\/wp\/v2\/product_brand?post=46164"},{"taxonomy":"product_cat","embeddable":true,"href":"https:\/\/www.specialscentshop.com\/fr\/wp-json\/wp\/v2\/product_cat?post=46164"},{"taxonomy":"product_tag","embeddable":true,"href":"https:\/\/www.specialscentshop.com\/fr\/wp-json\/wp\/v2\/product_tag?post=46164"}],"curies":[{"name":"wp","href":"https:\/\/api.w.org\/{rel}","templated":true}]}}