{"id":46338,"date":"2020-06-18T15:25:21","date_gmt":"2020-06-18T13:25:21","guid":{"rendered":"https:\/\/www.specialscentshop.com\/?post_type=product&#038;p=46338"},"modified":"2025-10-11T22:14:22","modified_gmt":"2025-10-11T20:14:22","slug":"basilic","status":"publish","type":"product","link":"https:\/\/www.specialscentshop.com\/fr\/produit\/basilic\/","title":{"rendered":"Basilic"},"content":{"rendered":"<div class=\"av-special-heading av-special-heading-h3 custom-color-heading blockquote modern-quote avia-builder-el-26 el_before_av_textblock avia-builder-el-first av-inherit-size \">\n<h2><strong>Effet sur l&#8217;environnement<\/strong><\/h2>\n<p>Ce<strong> parfum convient parfaitement aux environnements tels que les cuisines de restaurants<\/strong>, les cuisines domestiques, les salles \u00e0 manger et les h\u00f4tels et est id\u00e9al pour couvrir les odeurs d\u00e9sagr\u00e9ables.<br \/>\nSpecialscent a acquis dans ce domaine une exp\u00e9rience que peu ont atteint, s&#8217;adressant \u00e0 tout type d&#8217;activit\u00e9, mais aussi \u00e0 un grand nombre de personnes qui souhaitent rendre leur environnement agr\u00e9able et parfum\u00e9.<\/p>\n<h2><strong>Caract\u00e9ristiques Basilic Nourriture Parfum d&#8217;ambiance<\/strong><\/h2>\n<p>Notre soci\u00e9t\u00e9 est fi\u00e8re de vous proposer le <strong>parfum du basilic<\/strong>, avec la couleur caract\u00e9ristique du vert des collines m\u00e9diterran\u00e9ennes. Le vert est de plus en plus pr\u00e9sent dans notre d\u00e9sir de simplicit\u00e9 et de retour \u00e0 la nature. Prendre soin de l&#8217;environnement mais aussi de soi en respirant des senteurs presque oubli\u00e9es.Cr\u00e9ez un souvenir dans la m\u00e9moire olfactive de vos clientsSi vous avez la chance d&#8217;avoir un club ou un restaurant et que vous avez d\u00e9cid\u00e9 de changer d&#8217;activit\u00e9, ce parfum est pour vous. Le marketing olfactif est aujourd&#8217;hui la nouvelle strat\u00e9gie pour rendre le s\u00e9jour de vos clients de plus en plus agr\u00e9able. Ils seront \u00e9merveill\u00e9s et votre personnel travaillera avec plus d&#8217;\u00e9nergie et de soleil.<\/p>\n<p><em><strong>Nous disposons d&#8217;une large gamme de diffuseurs d&#8217;ambiance, dont notre tout nouveau diffuseur manuel Nebula, qui fonctionne avec la m\u00eame technique de brumisation que nos diffuseurs, une solution parfaite et \u00e9conomique pour ceux qui souhaitent tester nos produits avant d&#8217;acheter une plus grande quantit\u00e9 de parfum ou un diffuseur. Le format Nebula est en aluminium, il est rechargeable et surtout \u00e9cologique. A l&#8217;achat d&#8217;un parfum de 0,250 g de votre choix, vous recevrez Nebula en cadeau. Id\u00e9al pour les petites quantit\u00e9s de produit. <\/strong><\/em><\/p>\n<p><em><strong>En savoir plus : <a href=\"https:\/\/www.specialscentshop.com\/fr\/produit\/pizza-margherita\/\">Pizza Margherita<\/a><\/strong><\/em><\/p>\n<\/div>\n","protected":false},"excerpt":{"rendered":"<h3>Notes olfactives : notes de t\u00eate<\/h3>\n<p><strong>Le parfum d&#8217;ambiance au basilic<\/strong> a toutes les qualit\u00e9s pour \u00eatre le parfum d&#8217;excellence pour la maison ou dans des environnements o\u00f9 les ar\u00f4mes frais de cette plante doivent dominer tous les autres, avec d\u00e9licatesse et harmonie.<br \/>\nAvec un parfum inimitable, enivrant et balsamique, le basilic est peut-\u00eatre la plante la plus connue et la plus utilis\u00e9e dans la cuisine pour les pr\u00e9parations les plus vari\u00e9es.<\/p>\n","protected":false},"featured_media":48064,"template":"","meta":{"_acf_changed":false},"product_brand":[],"product_cat":[922],"product_tag":[904,907,787,788,903],"class_list":{"0":"post-46338","1":"product","2":"type-product","3":"status-publish","4":"has-post-thumbnail","6":"product_cat-parfums-dambiance-drinkfood","7":"product_tag-foires-et-evenements","8":"product_tag-parfums-pour-les-foires-commerciales","9":"product_tag-magasins-shopping","10":"product_tag-restaurants-et-bars","11":"product_tag-environnements-exterieurs","13":"first","14":"instock","15":"taxable","16":"shipping-taxable","17":"purchasable","18":"product-type-variable"},"acf":[],"_links":{"self":[{"href":"https:\/\/www.specialscentshop.com\/fr\/wp-json\/wp\/v2\/product\/46338","targetHints":{"allow":["GET"]}}],"collection":[{"href":"https:\/\/www.specialscentshop.com\/fr\/wp-json\/wp\/v2\/product"}],"about":[{"href":"https:\/\/www.specialscentshop.com\/fr\/wp-json\/wp\/v2\/types\/product"}],"wp:featuredmedia":[{"embeddable":true,"href":"https:\/\/www.specialscentshop.com\/fr\/wp-json\/wp\/v2\/media\/48064"}],"wp:attachment":[{"href":"https:\/\/www.specialscentshop.com\/fr\/wp-json\/wp\/v2\/media?parent=46338"}],"wp:term":[{"taxonomy":"product_brand","embeddable":true,"href":"https:\/\/www.specialscentshop.com\/fr\/wp-json\/wp\/v2\/product_brand?post=46338"},{"taxonomy":"product_cat","embeddable":true,"href":"https:\/\/www.specialscentshop.com\/fr\/wp-json\/wp\/v2\/product_cat?post=46338"},{"taxonomy":"product_tag","embeddable":true,"href":"https:\/\/www.specialscentshop.com\/fr\/wp-json\/wp\/v2\/product_tag?post=46338"}],"curies":[{"name":"wp","href":"https:\/\/api.w.org\/{rel}","templated":true}]}}