{"id":46545,"date":"2026-03-11T23:11:06","date_gmt":"2026-03-11T22:11:06","guid":{"rendered":"https:\/\/www.specialscentshop.com\/?post_type=product&#038;p=46545"},"modified":"2026-03-11T23:12:44","modified_gmt":"2026-03-11T22:12:44","slug":"diffuseur-de-parfum-design","status":"publish","type":"product","link":"https:\/\/www.specialscentshop.com\/fr\/produit\/diffuseur-de-parfum-design\/","title":{"rendered":"Scent Cube"},"content":{"rendered":"<h2>O\u00f9 utiliser un diffuseur d&#8217;ambiance design ?<\/h2>\n<ul>\n<li>Vous pouvez le poser sur un meuble, une table ou m\u00eame au sol.<\/li>\n<li>Le diffuseur de parfum professionnel Scent Cube est un diffuseur \u00e9lectrique design pour les espaces luxueux.<\/li>\n<li>Ce diffuseur convient aux boutiques, h\u00f4tels, spas, centres de bien-\u00eatre, villas et appartements.<\/li>\n<li>Il parfume l&#8217;environnement \u00e0 des heures et des jours pr\u00e9d\u00e9finis, gr\u00e2ce \u00e0 ses programmes de diffusion de parfum quotidiens.<\/li>\n<\/ul>\n<h2>Caract\u00e9ristiques techniques du Scent Cube<\/h2>\n<ul>\n<li>Alimentation\u00a0: transformateur 12\u00a0V\/230\u00a0V \u2013 Consommation\u00a0: 14\u00a0W<\/li>\n<li>R\u00e9cipient pour parfum\u00a0: 300\u00a0g \u2013 Consommation de parfum\u00a0: 2\u00a0ml\/h \u2013 Surface couverte\u00a0: 700\u00a0m\u00b3<\/li>\n<li>Poids : 4,6 kg \u2013 Dimensions : 20 x 20 x 24 mm<\/li>\n<li>Transformateur 12 V\/220 V<\/li>\n<li>Application Bluetooth iOS\/Android<\/li>\n<li>Niveau sonore\u00a0: 40\u00a0dB<\/li>\n<li>Filtre de rechange<\/li>\n<li>Couleur : blanc<\/li>\n<\/ul>\n<p>Enti\u00e8rement fabriqu\u00e9 en acier pour une durabilit\u00e9 maximale.<\/p>\n<h2>Quels parfums d&#8217;ambiance dois-je utiliser avec les diffuseurs de parfum?<\/h2>\n<p>Special Scent propose une vaste gamme de parfums d&#8217;ambiance \u00e0 base d&#8217;huiles essentielles pour embaumer tous vos espaces et cr\u00e9er une exp\u00e9rience client attrayante gr\u00e2ce aux techniques du marketing olfactif.<\/p>\n<p>L&#8217;achat de parfums Special Scent n&#8217;est pas obligatoire, mais nous vous recommandons d&#8217;\u00e9viter les huiles hydrosolubles et celles utilis\u00e9es dans les diffuseurs en bois.<\/p>\n<p>Special Scent est votre partenaire id\u00e9al pour parfumer vos espaces. Sur notre site web, vous trouverez la solution parfaite pour votre int\u00e9rieur, des parfums aux diffuseurs.<\/p>\n<p>En savoir plus\u00a0: Diffuseur d\u2019ar\u00f4mes S650<\/p>\n","protected":false},"excerpt":{"rendered":"<p><strong>Ce diffuseur de parfum \u00e9lectrique professionnel pour boutiques et lieux sp\u00e9cifiques s&#8217;int\u00e8gre parfaitement \u00e0 tous les styles de d\u00e9coration.<\/strong><\/p>\n<p>Trouvez le parfum qui vous convient en consultant notre catalogue en cliquant sur CE lien.<\/p>\n","protected":false},"featured_media":46127,"template":"","meta":{"_acf_changed":false},"product_brand":[],"product_cat":[783],"product_tag":[],"class_list":{"0":"post-46545","1":"product","2":"type-product","3":"status-publish","4":"has-post-thumbnail","6":"product_cat-diffuseur-de-parfum-desodorisants-dambiance","8":"first","9":"instock","10":"taxable","11":"shipping-taxable","12":"purchasable","13":"product-type-simple"},"acf":[],"_links":{"self":[{"href":"https:\/\/www.specialscentshop.com\/fr\/wp-json\/wp\/v2\/product\/46545","targetHints":{"allow":["GET"]}}],"collection":[{"href":"https:\/\/www.specialscentshop.com\/fr\/wp-json\/wp\/v2\/product"}],"about":[{"href":"https:\/\/www.specialscentshop.com\/fr\/wp-json\/wp\/v2\/types\/product"}],"wp:featuredmedia":[{"embeddable":true,"href":"https:\/\/www.specialscentshop.com\/fr\/wp-json\/wp\/v2\/media\/46127"}],"wp:attachment":[{"href":"https:\/\/www.specialscentshop.com\/fr\/wp-json\/wp\/v2\/media?parent=46545"}],"wp:term":[{"taxonomy":"product_brand","embeddable":true,"href":"https:\/\/www.specialscentshop.com\/fr\/wp-json\/wp\/v2\/product_brand?post=46545"},{"taxonomy":"product_cat","embeddable":true,"href":"https:\/\/www.specialscentshop.com\/fr\/wp-json\/wp\/v2\/product_cat?post=46545"},{"taxonomy":"product_tag","embeddable":true,"href":"https:\/\/www.specialscentshop.com\/fr\/wp-json\/wp\/v2\/product_tag?post=46545"}],"curies":[{"name":"wp","href":"https:\/\/api.w.org\/{rel}","templated":true}]}}