{"id":47258,"date":"2025-07-25T09:52:52","date_gmt":"2025-07-25T07:52:52","guid":{"rendered":"https:\/\/www.specialscentshop.com\/product\/purificateur-dair-delphin-t8\/"},"modified":"2025-07-25T09:52:52","modified_gmt":"2025-07-25T07:52:52","slug":"purificateur-dair-delphin-t8","status":"publish","type":"product","link":"https:\/\/www.specialscentshop.com\/fr\/produit\/purificateur-dair-delphin-t8\/","title":{"rendered":"Purificateur d&#8217;air Delphin T8"},"content":{"rendered":"<h2><span style=\"vertical-align: inherit;\"><span style=\"vertical-align: inherit;\">Purificateur d&#8217;air Delphin T8<\/span><\/span><\/h2>\n<p><span style=\"vertical-align: inherit;\"><span style=\"vertical-align: inherit;\">Le DELPHIN T8 cr\u00e9e un environnement sain et respirable en captant la poussi\u00e8re, la salet\u00e9 et les allerg\u00e8nes, am\u00e9liorant ainsi consid\u00e9rablement la qualit\u00e9 de l&#8217;air. Gr\u00e2ce \u00e0 sa technologie innovante, il \u00e9limine aussi bien les gros d\u00e9bris que les particules les plus fines (poussi\u00e8res fines) et les polluants. En rendant les surfaces   <\/span><\/span><strong><span style=\"vertical-align: inherit;\"><span style=\"vertical-align: inherit;\">plus propres <\/span><\/span><\/strong><strong><span style=\"vertical-align: inherit;\"><span style=\"vertical-align: inherit;\">et cr\u00e9er une atmosph\u00e8re aseptis\u00e9e <\/span><\/span><\/strong> <strong><span style=\"vertical-align: inherit;\"><span style=\"vertical-align: inherit;\">. DELPHIN T8<\/span><\/span><\/strong><span style=\"vertical-align: inherit;\"><span style=\"vertical-align: inherit;\"> offre la solution parfaite pour votre maison, votre bureau ou votre voiture en mati\u00e8re de bien-\u00eatre, de propret\u00e9 et d&#8217;air sain.<\/span><\/span><\/p>\n<ul>\n<li><strong><span style=\"vertical-align: inherit;\"><span style=\"vertical-align: inherit;\">Purification de l&#8217;air<\/span><\/span><\/strong><span style=\"vertical-align: inherit;\"><span style=\"vertical-align: inherit;\"> : retient efficacement la poussi\u00e8re, la salet\u00e9 et les allerg\u00e8nes.<\/span><\/span><\/li>\n<li><strong><span style=\"vertical-align: inherit;\"><span style=\"vertical-align: inherit;\">Versatilit\u00e9<\/span><\/span><\/strong><span style=\"vertical-align: inherit;\"><span style=\"vertical-align: inherit;\"> : id\u00e9al pour les sols, les rev\u00eatements, les meubles et<\/span><\/span><\/li>\n<li><strong><span style=\"vertical-align: inherit;\"><span style=\"vertical-align: inherit;\">Climat int\u00e9rieur sain<\/span><\/span><\/strong><span style=\"vertical-align: inherit;\"><span style=\"vertical-align: inherit;\"> : un air pur pour plus de bien-\u00eatre.<\/span><\/span><\/li>\n<\/ul>\n<h3><span style=\"vertical-align: inherit;\"><span style=\"vertical-align: inherit;\">Assainissement de l&#8217;air innovant pour votre bien-\u00eatre.<\/span><\/span><\/h3>\n<p><span style=\"vertical-align: inherit;\"><span style=\"vertical-align: inherit;\">Polyvalent &#8211; Des r\u00e9sultats toujours impeccables. Quel que soit votre besoin de nettoyage, avec DELPHIN et ses accessoires polyvalents, vous trouverez toujours la solution id\u00e9ale. Canalisations bouch\u00e9es, surfaces sales ou air poussi\u00e9reux, DELPHIN s&#8217;occupe de tout : il aspire, lave, frotte, rafra\u00eechit, d\u00e9sinfecte, souffle, d\u00e9poussi\u00e8re et lave, pour des r\u00e9sultats toujours exceptionnels.  <\/span><\/span><\/p>\n<ul>\n<li><strong><span style=\"vertical-align: inherit;\"><span style=\"vertical-align: inherit;\">Flexible<\/span><\/span><\/strong><span style=\"vertical-align: inherit;\"><span style=\"vertical-align: inherit;\"> : convient pour la purification de l&#8217;air, le nettoyage des surfaces, des rev\u00eatements, des fen\u00eatres et m\u00eame pour les blocages les plus tenaces.<\/span><\/span><\/li>\n<li><strong><span style=\"vertical-align: inherit;\"><span style=\"vertical-align: inherit;\">Multifonctionnel<\/span><\/span><\/strong><span style=\"vertical-align: inherit;\"><span style=\"vertical-align: inherit;\"> : nettoie, d\u00e9sinfecte, rafra\u00eechit et \u00e9limine m\u00eame les salet\u00e9s les plus tenaces.<\/span><\/span><\/li>\n<li><strong><span style=\"vertical-align: inherit;\"><span style=\"vertical-align: inherit;\">La perfection \u00e0 chaque fois<\/span><\/span><\/strong><span style=\"vertical-align: inherit;\"><span style=\"vertical-align: inherit;\"> : efficacit\u00e9 de nettoyage maximale pour chaque d\u00e9fi.<\/span><\/span><\/li>\n<\/ul>\n<h3><span style=\"vertical-align: inherit;\"><span style=\"vertical-align: inherit;\">Que peut faire le DELPHIN T8 ?<\/span><\/span><\/h3>\n<p><span style=\"vertical-align: inherit;\"><span style=\"vertical-align: inherit;\">Le DELPHIN nettoie, aspire, lave, rafra\u00eechit, d\u00e9sinfecte, aromatise, souffle, d\u00e9maquille, brosse, frotte, d\u00e9poussi\u00e8re, renouvelle&#8230; De plus, le DELPHIN purifie l&#8217;air de la pi\u00e8ce \u00e0 chaque utilisation. <\/span><\/span><\/p>\n<h4><span style=\"vertical-align: inherit;\"><span style=\"vertical-align: inherit;\">Le DELPHIN est-il un aspirateur?<\/span><\/span><\/h4>\n<p><span style=\"vertical-align: inherit;\"><span style=\"vertical-align: inherit;\">DELPHIN est un appareil de <\/span><\/span><strong><span style=\"vertical-align: inherit;\"><span style=\"vertical-align: inherit;\">purification de l&#8217;air<\/span><\/span><\/strong><span style=\"vertical-align: inherit;\"><span style=\"vertical-align: inherit;\"> et le nettoyage de la pi\u00e8ce, tout-en-un. Outre l&#8217;aspiration, il peut \u00eatre utilis\u00e9 pour diverses autres t\u00e2ches, purifiant ainsi l&#8217;air. La principale diff\u00e9rence avec les aspirateurs traditionnels est que le DELPHIN aspire la poussi\u00e8re au lieu de la disperser. Enti\u00e8rement sans filtre ni sac, il    <\/span><\/span><strong><span style=\"vertical-align: inherit;\"><span style=\"vertical-align: inherit;\">DELPHIN capture de mani\u00e8re permanente et durable les salet\u00e9s et poussi\u00e8res pr\u00e9sentes dans l&#8217;eau<\/span><\/span><\/strong><span style=\"vertical-align: inherit;\"><span style=\"vertical-align: inherit;\">  . L&#8217;odeur typique des aspirateurs, caus\u00e9e par la poussi\u00e8re \u00e9mise, appartient d\u00e9sormais au pass\u00e9.<\/span><\/span><\/p>\n<h4><span style=\"vertical-align: inherit;\"><span style=\"vertical-align: inherit;\">DELPHIN peut-il \u00e9liminer les virus de l\u2019air?<\/span><\/span><\/h4>\n<p><span style=\"vertical-align: inherit;\"><span style=\"vertical-align: inherit;\">En 2019, le laboratoire de test ind\u00e9pendant d&#8217;airmid Healthgroup a d\u00e9couvert que les virus grippaux DELPHIN S8 r\u00e9duisent les virus grippaux avec une grande efficacit\u00e9. <\/span><\/span><strong><span style=\"vertical-align: inherit;\"><span style=\"vertical-align: inherit;\">grippe A (H1N1)<\/span><\/span><\/strong><span style=\"vertical-align: inherit;\"><span style=\"vertical-align: inherit;\"> et la bact\u00e9rie <\/span><\/span><strong><span style=\"vertical-align: inherit;\"><span style=\"vertical-align: inherit;\">Staphylocoque<\/span><\/span><\/strong><span style=\"vertical-align: inherit;\"><span style=\"vertical-align: inherit;\"> \u00e9pidermidi dans l&#8217;air. Jusqu&#8217;en 2024, le laboratoire a dimostrato et l&#8217;excellente efficacit\u00e9 sui  <\/span><\/span><strong><span style=\"vertical-align: inherit;\"><span style=\"vertical-align: inherit;\">corona virus<\/span><\/span><\/strong><span style=\"vertical-align: inherit;\"><span style=\"vertical-align: inherit;\"> en utilisant MS-2.<\/span><\/span><\/p>\n<h4><span style=\"vertical-align: inherit;\"><span style=\"vertical-align: inherit;\">Quelle est la consommation \u00e9lectrique du DELPHIN T8?<\/span><\/span><\/h4>\n<p><span style=\"vertical-align: inherit;\"><span style=\"vertical-align: inherit;\">Le DELPHIN a une consommation de 350-1400 W, le moteur et les lamelles en L se convertissent en puissances de pulv\u00e9risation incroyablement puissantes. L&#8217;\u00e9l\u00e9vation de l&#8217;efficacit\u00e9 du  <\/span><\/span><strong><span style=\"vertical-align: inherit;\"><span style=\"vertical-align: inherit;\">moteur sans balais<\/span><\/span><\/strong><span style=\"vertical-align: inherit;\"><span style=\"vertical-align: inherit;\"> vous permet de nettoyer plus rapidement et d&#8217;\u00e9conomiser de l&#8217;\u00e9lectricit\u00e9 malgr\u00e9 la puissance \u00e9lev\u00e9e, parce qu&#8217;il <\/span><\/span><strong><span style=\"vertical-align: inherit;\"><span style=\"vertical-align: inherit;\">finit <\/span><\/span><\/strong><strong><span style=\"vertical-align: inherit;\"><span style=\"vertical-align: inherit;\">premier.<\/span><\/span><\/strong><span style=\"vertical-align: inherit;\"><span style=\"vertical-align: inherit;\"> Mais vous <\/span><\/span><strong><span style=\"vertical-align: inherit;\"><span style=\"vertical-align: inherit;\">n\u2019\u00e9conomisez pas seulement sur la consommation d\u2019\u00e9nergie<\/span><\/span><\/strong><span style=\"vertical-align: inherit;\"><span style=\"vertical-align: inherit;\">  . En plus de cette faible consommation, vous devez nettoyer beaucoup moins, car le DELPHIN \u00e9limine la poussi\u00e8re et la salet\u00e9 <\/span><\/span><strong><span style=\"vertical-align: inherit;\"><span style=\"vertical-align: inherit;\">de mani\u00e8re durable<\/span><\/span><\/strong><span style=\"vertical-align: inherit;\"><span style=\"vertical-align: inherit;\">  . C&#8217;est clairement et <\/span><\/span><strong><span style=\"vertical-align: inherit;\"><span style=\"vertical-align: inherit;\">perceptible<\/span><\/span><\/strong><span style=\"vertical-align: inherit;\"><span style=\"vertical-align: inherit;\"> apr\u00e8s quelques semaines d&#8217;utilisation r\u00e9guli\u00e8re du DELPHIN. Et oui,  <\/span><\/span><strong><span style=\"vertical-align: inherit;\"><span style=\"vertical-align: inherit;\">\u00e7a permet d&#8217;\u00e9conomiser de l&#8217;argent.<\/span><\/span><\/strong><span style=\"vertical-align: inherit;\"><span style=\"vertical-align: inherit;\"> car avec ce syst\u00e8me de nettoyage, il n&#8217;y a pas besoin de filtres ou de sacs qui doivent \u00eatre remplac\u00e9s r\u00e9guli\u00e8rement comme avec d&#8217;autres aspirateurs. <\/span><\/span><br \/>\n<span style=\"vertical-align: inherit;\"><span style=\"vertical-align: inherit;\">Bien s\u00fbr, vous pouvez \u00e9galement utiliser le DELPHIN \u00e0 une puissance inf\u00e9rieure. Vous pouvez choisir entre  <\/span><\/span><strong><span style=\"vertical-align: inherit;\"><span style=\"vertical-align: inherit;\">10 niveaux de puissance<\/span><\/span><\/strong><span style=\"vertical-align: inherit;\"><span style=\"vertical-align: inherit;\"> \u00e0 partir de 350A <\/span><\/span><strong><span style=\"vertical-align: inherit;\"><span style=\"vertical-align: inherit;\">1400W.<\/span><\/span><\/strong><span style=\"vertical-align: inherit;\"><span style=\"vertical-align: inherit;\"> R\u00e9glez simplement le bouton de commande.<\/span><\/span><\/p>\n<h5><span style=\"vertical-align: inherit;\"><span style=\"vertical-align: inherit;\">Quels sont les traitements qu\u2019aucun autre produit ne peut effectuer?<\/span><\/span><\/h5>\n<p><span style=\"vertical-align: inherit;\"><span style=\"vertical-align: inherit;\">Avec un traitement soigneux, Delphin T8 vous permet d&#8217;\u00e9liminer compl\u00e8tement les familles d&#8217;Arachnides (Acariens, Tiques, Araign\u00e9es, Scorpions, Vers \u00e0 bois).<\/span><\/span><\/p>\n<p><span style=\"vertical-align: inherit;\"><span style=\"vertical-align: inherit;\">Assainir tout environnement de 300 m3 des micro-poussi\u00e8res et des \u00e9l\u00e9ments bact\u00e9riologiques.<\/span><\/span><\/p>\n<p><span style=\"vertical-align: inherit;\"><span style=\"vertical-align: inherit;\">Parfumez une pi\u00e8ce pendant que vous effectuez le soin. <\/span><\/span><br \/>\n<span style=\"vertical-align: inherit;\"><span style=\"vertical-align: inherit;\">Aspirez l&#8217;eau sans causer de probl\u00e8mes \u00e0 la machine. <\/span><\/span><br \/>\n<span style=\"vertical-align: inherit;\"><span style=\"vertical-align: inherit;\">Passez l&#8217;aspirateur dans le drain de l&#8217;\u00e9vier <\/span><\/span><br \/>\n<span style=\"vertical-align: inherit;\"><span style=\"vertical-align: inherit;\">\u00e0 l&#8217;aide du kit Hydro et vous pourrez laver les sols, les tapis et toutes les surfaces en g\u00e9n\u00e9ral qui n\u00e9cessitent de l&#8217;eau.<\/span><\/span><\/p>\n<h6><span style=\"vertical-align: inherit;\"><span style=\"vertical-align: inherit;\">Y a-t-il un service client?<\/span><\/span><\/h6>\n<p><span style=\"vertical-align: inherit;\"><span style=\"vertical-align: inherit;\">Oui!!! Special Scent vous assistera \u00e0 tout moment par <a href=\"info@specialscentshop.com\">email<\/a> <\/span><\/span><span style=\"vertical-align: inherit;\"><span style=\"vertical-align: inherit;\"> ou WhatsUp, nous pouvons \u00e9galement livrer,<\/span><\/span><\/p>\n<p>et d\u00e9monstration de son utilisation dans toute l&#8217;Italie!!<\/p>\n","protected":false},"excerpt":{"rendered":"<p>Purificateur d&#8217;air Delphin T8 Le DELPHIN T8 cr\u00e9e un environnement sain et respirable en captant la poussi\u00e8re, la salet\u00e9 et les allerg\u00e8nes, am\u00e9liorant ainsi consid\u00e9rablement la qualit\u00e9 de l&#8217;air. Gr\u00e2ce \u00e0 sa technologie innovante, il \u00e9limine aussi bien les gros d\u00e9bris que les particules les plus fines (poussi\u00e8res fines) et les polluants. En rendant les [&hellip;]<\/p>\n","protected":false},"featured_media":47055,"template":"","meta":{"_acf_changed":false},"product_brand":[],"product_cat":[1049],"product_tag":[],"class_list":{"0":"post-47258","1":"product","2":"type-product","3":"status-publish","4":"has-post-thumbnail","6":"product_cat-assainissement","8":"first","9":"instock","10":"taxable","11":"shipping-taxable","12":"purchasable","13":"product-type-variable"},"acf":[],"_links":{"self":[{"href":"https:\/\/www.specialscentshop.com\/fr\/wp-json\/wp\/v2\/product\/47258","targetHints":{"allow":["GET"]}}],"collection":[{"href":"https:\/\/www.specialscentshop.com\/fr\/wp-json\/wp\/v2\/product"}],"about":[{"href":"https:\/\/www.specialscentshop.com\/fr\/wp-json\/wp\/v2\/types\/product"}],"wp:featuredmedia":[{"embeddable":true,"href":"https:\/\/www.specialscentshop.com\/fr\/wp-json\/wp\/v2\/media\/47055"}],"wp:attachment":[{"href":"https:\/\/www.specialscentshop.com\/fr\/wp-json\/wp\/v2\/media?parent=47258"}],"wp:term":[{"taxonomy":"product_brand","embeddable":true,"href":"https:\/\/www.specialscentshop.com\/fr\/wp-json\/wp\/v2\/product_brand?post=47258"},{"taxonomy":"product_cat","embeddable":true,"href":"https:\/\/www.specialscentshop.com\/fr\/wp-json\/wp\/v2\/product_cat?post=47258"},{"taxonomy":"product_tag","embeddable":true,"href":"https:\/\/www.specialscentshop.com\/fr\/wp-json\/wp\/v2\/product_tag?post=47258"}],"curies":[{"name":"wp","href":"https:\/\/api.w.org\/{rel}","templated":true}]}}