{"id":47324,"date":"2025-08-05T18:12:19","date_gmt":"2025-08-05T16:12:19","guid":{"rendered":"https:\/\/www.specialscentshop.com\/product\/distributeur-de-douche-pour-hotel-conforme-aux-normes-ce\/"},"modified":"2025-08-05T18:12:19","modified_gmt":"2025-08-05T16:12:19","slug":"distributeur-de-douche-pour-hotel-conforme-aux-normes-ce","status":"publish","type":"product","link":"https:\/\/www.specialscentshop.com\/fr\/produit\/distributeur-de-douche-pour-hotel-conforme-aux-normes-ce\/","title":{"rendered":"Distributeur de douche pour h\u00f4tel, conforme aux normes CE"},"content":{"rendered":"<h2>Distributeur de savon mural verrouillable pour douche d&#8217;h\u00f4tel, conforme aux normes CE<\/h2>\n<p>Ce distributeur de douche et de shampoing \u00e0 double r\u00e9cipient avec deux r\u00e9cipients de 300 ml chacun en ABS est particuli\u00e8rement adapt\u00e9 aux cabines de douche d&#8217;h\u00f4tel et est \u00e9quip\u00e9 d&#8217;une cl\u00e9 de verrouillage pour le remplissage du flacon.<\/p>\n<p>Installation murale simple et directe, personnalisable \u00e0 votre guise.<\/p>\n<p>Avec la possibilit\u00e9 d&#8217;avoir une \u00e9tiquette adh\u00e9sive transparente personnalis\u00e9e appliqu\u00e9e pour au moins 50 pi\u00e8ces, ou d&#8217;avoir un logo imprim\u00e9 au laser pour une commande minimum de 150 pi\u00e8ces.<\/p>\n<p>Pour des devis personnalis\u00e9s, veuillez \u00e9crire ici.<\/p>\n<p>Il est fabriqu\u00e9 en plastique durable et b\u00e9n\u00e9ficie d&#8217;une garantie de 3 ans et offre des options de personnalisation telles que l&#8217;impression de logo laser.<\/p>\n<p><strong>Certifi\u00e9 CE<\/strong>, <strong>RoHS et FCC<\/strong>, il assure le respect des normes de s\u00e9curit\u00e9 de l&#8217;UE pour garantir le respect de la nouvelle r\u00e9glementation en vigueur \u00e0 partir de janvier 2026.<\/p>\n<p><strong>Installation:<\/strong> Fischer (dans l&#8217;emballage).<\/p>\n","protected":false},"excerpt":{"rendered":"<p>Distributeur de savon mural verrouillable pour douche d&#8217;h\u00f4tel, conforme aux normes CE Ce distributeur de douche et de shampoing \u00e0 double r\u00e9cipient avec deux r\u00e9cipients de 300 ml chacun en ABS est particuli\u00e8rement adapt\u00e9 aux cabines de douche d&#8217;h\u00f4tel et est \u00e9quip\u00e9 d&#8217;une cl\u00e9 de verrouillage pour le remplissage du flacon. Installation murale simple et [&hellip;]<\/p>\n","protected":false},"featured_media":47314,"template":"","meta":{"_acf_changed":false},"product_brand":[],"product_cat":[1049],"product_tag":[],"class_list":{"0":"post-47324","1":"product","2":"type-product","3":"status-publish","4":"has-post-thumbnail","6":"product_cat-assainissement","8":"first","9":"instock","10":"taxable","11":"shipping-taxable","12":"purchasable","13":"product-type-simple"},"acf":[],"_links":{"self":[{"href":"https:\/\/www.specialscentshop.com\/fr\/wp-json\/wp\/v2\/product\/47324","targetHints":{"allow":["GET"]}}],"collection":[{"href":"https:\/\/www.specialscentshop.com\/fr\/wp-json\/wp\/v2\/product"}],"about":[{"href":"https:\/\/www.specialscentshop.com\/fr\/wp-json\/wp\/v2\/types\/product"}],"wp:featuredmedia":[{"embeddable":true,"href":"https:\/\/www.specialscentshop.com\/fr\/wp-json\/wp\/v2\/media\/47314"}],"wp:attachment":[{"href":"https:\/\/www.specialscentshop.com\/fr\/wp-json\/wp\/v2\/media?parent=47324"}],"wp:term":[{"taxonomy":"product_brand","embeddable":true,"href":"https:\/\/www.specialscentshop.com\/fr\/wp-json\/wp\/v2\/product_brand?post=47324"},{"taxonomy":"product_cat","embeddable":true,"href":"https:\/\/www.specialscentshop.com\/fr\/wp-json\/wp\/v2\/product_cat?post=47324"},{"taxonomy":"product_tag","embeddable":true,"href":"https:\/\/www.specialscentshop.com\/fr\/wp-json\/wp\/v2\/product_tag?post=47324"}],"curies":[{"name":"wp","href":"https:\/\/api.w.org\/{rel}","templated":true}]}}