{"id":47325,"date":"2025-08-05T17:30:30","date_gmt":"2025-08-05T15:30:30","guid":{"rendered":"https:\/\/www.specialscentshop.com\/product\/distributeur-de-savon-avec-cle-homologue-ce\/"},"modified":"2025-08-05T17:30:30","modified_gmt":"2025-08-05T15:30:30","slug":"distributeur-de-savon-avec-cle-homologue-ce","status":"publish","type":"product","link":"https:\/\/www.specialscentshop.com\/fr\/produit\/distributeur-de-savon-avec-cle-homologue-ce\/","title":{"rendered":"Distributeur de savon avec cl\u00e9 Homologu\u00e9 CE"},"content":{"rendered":"<h2>Distributeur de savon avec cl\u00e9, Homologu\u00e9 CE<\/h2>\n<p>Ce distributeur de savon manuel de 300 ml en mat\u00e9riau ABS pour les h\u00f4tels et toutes les activit\u00e9s publiques dispose d&#8217;une cl\u00e9 de verrouillage pour ouvrir la bouteille.<\/p>\n<p>Mural et de style contemporain, id\u00e9al pour les salles de bains et les cabines de douche.<\/p>\n<p>Avec la possibilit\u00e9 d&#8217;avoir une \u00e9tiquette adh\u00e9sive transparente personnalis\u00e9e appliqu\u00e9e pour au moins 50 pi\u00e8ces, ou d&#8217;avoir un logo imprim\u00e9 au laser pour une commande minimum de 150 pi\u00e8ces.<\/p>\n<p>Pour des devis personnalis\u00e9s, veuillez \u00e9crire ici.<\/p>\n<p>Il est fabriqu\u00e9 en plastique durable et b\u00e9n\u00e9ficie d&#8217;une garantie de 3 ans et offre des options de personnalisation telles que l&#8217;impression de logo laser.<\/p>\n<p><strong>Certifi\u00e9 CE<\/strong>, <strong>RoHS et FCC<\/strong>, il assure le respect des normes de s\u00e9curit\u00e9 de l&#8217;UE pour garantir le respect de la nouvelle r\u00e9glementation en vigueur \u00e0 partir de janvier 2026.<\/p>\n<p>Installation : Fischer \/ Adh\u00e9sif (les deux inclus).<\/p>\n","protected":false},"excerpt":{"rendered":"<p>Distributeur de savon avec cl\u00e9, Homologu\u00e9 CE Ce distributeur de savon manuel de 300 ml en mat\u00e9riau ABS pour les h\u00f4tels et toutes les activit\u00e9s publiques dispose d&#8217;une cl\u00e9 de verrouillage pour ouvrir la bouteille. Mural et de style contemporain, id\u00e9al pour les salles de bains et les cabines de douche. Avec la possibilit\u00e9 d&#8217;avoir [&hellip;]<\/p>\n","protected":false},"featured_media":47302,"template":"","meta":{"_acf_changed":false},"product_brand":[],"product_cat":[1049],"product_tag":[],"class_list":{"0":"post-47325","1":"product","2":"type-product","3":"status-publish","4":"has-post-thumbnail","6":"product_cat-assainissement","8":"first","9":"instock","10":"taxable","11":"shipping-taxable","12":"purchasable","13":"product-type-simple"},"acf":[],"_links":{"self":[{"href":"https:\/\/www.specialscentshop.com\/fr\/wp-json\/wp\/v2\/product\/47325","targetHints":{"allow":["GET"]}}],"collection":[{"href":"https:\/\/www.specialscentshop.com\/fr\/wp-json\/wp\/v2\/product"}],"about":[{"href":"https:\/\/www.specialscentshop.com\/fr\/wp-json\/wp\/v2\/types\/product"}],"wp:featuredmedia":[{"embeddable":true,"href":"https:\/\/www.specialscentshop.com\/fr\/wp-json\/wp\/v2\/media\/47302"}],"wp:attachment":[{"href":"https:\/\/www.specialscentshop.com\/fr\/wp-json\/wp\/v2\/media?parent=47325"}],"wp:term":[{"taxonomy":"product_brand","embeddable":true,"href":"https:\/\/www.specialscentshop.com\/fr\/wp-json\/wp\/v2\/product_brand?post=47325"},{"taxonomy":"product_cat","embeddable":true,"href":"https:\/\/www.specialscentshop.com\/fr\/wp-json\/wp\/v2\/product_cat?post=47325"},{"taxonomy":"product_tag","embeddable":true,"href":"https:\/\/www.specialscentshop.com\/fr\/wp-json\/wp\/v2\/product_tag?post=47325"}],"curies":[{"name":"wp","href":"https:\/\/api.w.org\/{rel}","templated":true}]}}