{"id":49858,"date":"2026-03-05T19:31:43","date_gmt":"2026-03-05T18:31:43","guid":{"rendered":"https:\/\/www.specialscentshop.com\/?post_type=product&#038;p=49858"},"modified":"2026-04-19T06:25:18","modified_gmt":"2026-04-19T04:25:18","slug":"luxury-tissus","status":"publish","type":"product","link":"https:\/\/www.specialscentshop.com\/fr\/produit\/luxury-tissus\/","title":{"rendered":"Luxury tissus"},"content":{"rendered":"<h2><strong>Effet sur l&#8217;environnement<\/strong><\/h2>\n<p>Luxury tissus <strong>Spray<\/strong> est une fragrance \u00e9l\u00e9gante qui se marie bien avec les environnements exclusifs. Sa fragrance enchante et ses essences pr\u00e9cieuses lui permettent de durer. Particuli\u00e8rement adapt\u00e9 aux environnements<strong> \u00e9l\u00e9gants<\/strong>, \u00e0 vaporiser sur les rideaux, les canap\u00e9s, les tapis, le linge.<br \/>\nD\u00e9couvrez notre nouveau produit pour rendre vos environnements uniques.<\/p>\n<h2><strong>Caract\u00e9ristiques<\/strong><\/h2>\n<p>Dans notre catalogue olfactif, The <strong>Luxury Fragrance<\/strong> se classe parmi les parfums d&#8217;ambiance de luxe. Il est si \u00e9l\u00e9gant qu&#8217;il enchantera et suscitera des \u00e9motions intrigantes et cr\u00e9era des halos de sensualit\u00e9 voil\u00e9e. Il lib\u00e8re une m\u00e9moire olfactive exacerb\u00e9e et le souvenir de l&#8217;exp\u00e9rience d\u00e9clenche le d\u00e9sir de revenir pour \u00e9prouver \u00e0 nouveau des sensations uniques et inoubliables.<\/p>\n<p><strong><em>Nous disposons d&#8217;une large gamme de parfums d&#8217;ambiance, dont notre tout nouveau spray <a href=\"https:\/\/www.specialscentshop.com\/prodotto\/nebula-250gr\/\">Nebula<\/a>, qui fonctionne avec la m\u00eame technique d&#8217;atomisation que nos diffuseurs, une solution parfaite et \u00e9conomique pour ceux qui souhaitent tester nos produits avant d&#8217;acheter une plus grande quantit\u00e9 de parfum ou un diffuseur. Le format Nebula est en aluminium, rechargeable et surtout respectueux de l&#8217;environnement. A l&#8217;achat d&#8217;un parfum de 0,250 g de votre choix, vous recevez Nebula gratuitement. Id\u00e9al pour les petites quantit\u00e9s. <\/em><\/strong><\/p>\n<p><em><strong>D\u00e9couvrez toutes les notes de nos<a href=\"https:\/\/www.specialscentshop.com\/categoria-prodotto\/profumi-per-ambienti\/\"> parfums d&#8217;ambiance<\/a><\/strong><\/em><\/p>\n<p>&nbsp;<\/p>\n","protected":false},"excerpt":{"rendered":"<h3><strong>Parfums Tissus Spray de luxe<\/strong><\/h3>\n<p><strong>Code Ufi : 0710-K0E3-F00S-38DM<\/strong><\/p>\n<h4>Notes olfactives : notes de c\u0153ur &#8211; notes de fond &#8211; notes de t\u00eate<\/h4>\n<p>Luxury est un parfum \u00e0 forte concentration d&#8217;huiles essentielles florales telles que l&#8217;Iris et le bois de santal indien.<br \/>\nnotes de t\u00eate : citron, bergamote de Calabre, mandarine, p\u00eache, abricot<br \/>\nnotes de c\u0153ur : lilas, g\u00e9ranium, lavande, Iris<br \/>\nnotes de fond : bois de santal, ambre, musc<\/p>\n<p>Id\u00e9al pour <strong>parfumer une pi\u00e8ce en exclusivit\u00e9<\/strong>.<\/p>\n","protected":false},"featured_media":49854,"template":"","meta":{"_acf_changed":false},"product_brand":[],"product_cat":[1155],"product_tag":[],"class_list":{"0":"post-49858","1":"product","2":"type-product","3":"status-publish","4":"has-post-thumbnail","6":"product_cat-spray-textile","8":"first","9":"instock","10":"taxable","11":"shipping-taxable","12":"purchasable","13":"product-type-simple"},"acf":[],"_links":{"self":[{"href":"https:\/\/www.specialscentshop.com\/fr\/wp-json\/wp\/v2\/product\/49858","targetHints":{"allow":["GET"]}}],"collection":[{"href":"https:\/\/www.specialscentshop.com\/fr\/wp-json\/wp\/v2\/product"}],"about":[{"href":"https:\/\/www.specialscentshop.com\/fr\/wp-json\/wp\/v2\/types\/product"}],"wp:featuredmedia":[{"embeddable":true,"href":"https:\/\/www.specialscentshop.com\/fr\/wp-json\/wp\/v2\/media\/49854"}],"wp:attachment":[{"href":"https:\/\/www.specialscentshop.com\/fr\/wp-json\/wp\/v2\/media?parent=49858"}],"wp:term":[{"taxonomy":"product_brand","embeddable":true,"href":"https:\/\/www.specialscentshop.com\/fr\/wp-json\/wp\/v2\/product_brand?post=49858"},{"taxonomy":"product_cat","embeddable":true,"href":"https:\/\/www.specialscentshop.com\/fr\/wp-json\/wp\/v2\/product_cat?post=49858"},{"taxonomy":"product_tag","embeddable":true,"href":"https:\/\/www.specialscentshop.com\/fr\/wp-json\/wp\/v2\/product_tag?post=49858"}],"curies":[{"name":"wp","href":"https:\/\/api.w.org\/{rel}","templated":true}]}}