{"id":49881,"date":"2026-02-28T12:54:56","date_gmt":"2026-02-28T11:54:56","guid":{"rendered":"https:\/\/www.specialscentshop.com\/?post_type=product&#038;p=49881"},"modified":"2026-03-05T19:30:04","modified_gmt":"2026-03-05T18:30:04","slug":"gel-de-jasmin","status":"publish","type":"product","link":"https:\/\/www.specialscentshop.com\/fr\/produit\/gel-de-jasmin\/","title":{"rendered":"Gel de jasmin"},"content":{"rendered":"<h2><strong>Effet sur l&#8217;environnement<\/strong><\/h2>\n<p>Si vous recherchez un gel parfum\u00e9 d&#8217;ambiance qui apporte \u00e9l\u00e9gance et d\u00e9licatesse, ce parfum est fait pour vous. Son ar\u00f4me se diffuse agr\u00e9ablement dans les petits espaces.<\/p>\n<p>Un style olfactif qui s&#8217;accorde parfaitement avec la maison, la voiture, la caravane et le bureau.<\/p>\n<h2><strong>Caract\u00e9ristiques<\/strong><\/h2>\n<p>Le jasmin, fleur de l&#8217;\u00e9l\u00e9gance, diffuse avec gr\u00e2ce et subtilit\u00e9 toute sa raffinement et son parfum, gr\u00e2ce \u00e0 ses notes florales incomparables. Si vous aimez les fleurs\u2026<\/p>\n<p>Le march\u00e9 des parfums d&#8217;int\u00e9rieur est en pleine expansion. On prend de plus en plus conscience de l&#8217;importance de cr\u00e9er un environnement qui r\u00e9ponde aux besoins et aux attentes des clients, et de cr\u00e9er un int\u00e9rieur o\u00f9 amis et famille, en partant, laissent un souvenir imp\u00e9rissable, marqu\u00e9s par le parfum qui les a agr\u00e9ablement touch\u00e9s. Un parfum qu&#8217;ils n&#8217;oublieront pas.<\/p>\n<p>De plus, n&#8217;oubliez pas qu&#8217;entretenir une ambiance parfum\u00e9e est un plaisir, pour vous comme pour vos invit\u00e9s. Le gel au jasmin s&#8217;utilise dans de nombreux espaces. Pour les grandes pi\u00e8ces, vous pouvez utiliser le diffuseur S 100.<\/p>\n<p><em>Nous disposons d&#8217;une large gamme de diffuseurs d&#8217;ambiance, y compris notre tout nouveau spray<a href=\"https:\/\/www.specialscentshop.com\/fr\/produit\/nebula-diffuseur-dambiance-rechargeable\/\"> Nebula<\/a>, qui fonctionne avec la m\u00eame technique d&#8217;atomisation que nos diffuseurs, une solution parfaite et \u00e9conomique pour ceux qui souhaitent tester nos produits avant d&#8217;acheter une plus grande quantit\u00e9 de parfum ou un diffuseur. Le format Nebula est en aluminium, rechargeable et surtout respectueux de l&#8217;environnement. A l&#8217;achat d&#8217;un parfum de 0,250 g de votre choix, vous recevez gratuitement Nebula. Id\u00e9al pour les petites quantit\u00e9s. <\/em><\/p>\n<h2 class=\"p1\"><b>Particuli\u00e8rement adapt\u00e9 pour :<\/b><\/h2>\n<p>Le gel au jasmin est id\u00e9al pour les lieux suivants\u00a0:<\/p>\n<ul>\n<li>Chambres<\/li>\n<li>Salons<\/li>\n<li>Bureaux<\/li>\n<li>Vestiaires de salle de sport<\/li>\n<li>Espaces d\u00e9tente<\/li>\n<li>Toilettes<\/li>\n<li>Voitures, caravanes,<\/li>\n<li>Salons de beaut\u00e9<\/li>\n<\/ul>\n<p>L\u2019ar\u00f4me frais et citronn\u00e9 du pamplemousse contribue \u00e0 cr\u00e9er une atmosph\u00e8re rafra\u00eechissante et agr\u00e9able, favorisant la concentration et la productivit\u00e9. Veuillez noter qu\u2019il ne s\u2019agit que de suggestions et que l\u2019utilisation de ce parfum d\u00e9pend des pr\u00e9f\u00e9rences de chacun.<\/p>\n<p><em><strong>Lire la suite : <a href=\"https:\/\/www.specialscentshop.com\/fr\/produit\/parfum-de-chambre-ocean-bleu\/\">Parfum d&#8217;ambiance Oc\u00e9an Bleu<\/a><\/strong><\/em><\/p>\n<p>&nbsp;<\/p>\n","protected":false},"excerpt":{"rendered":"<section class=\"av_textblock_section \">\n<div class=\"avia_textblock \">\n<h2>Notes olfactives : Notes de t\u00eate<\/h2>\n<p>Le gel d&#8217;ambiance au jasmin est une essence aux notes florales riches et d\u00e9licates. Ses notes de c\u0153ur rappellent le miel, en moins sucr\u00e9.<\/p>\n<p>Le jasmin est une plante tr\u00e8s ancienne, originaire d&#8217;Orient et aujourd&#8217;hui cultiv\u00e9e en Italie, o\u00f9 elle est largement utilis\u00e9e en cosm\u00e9tique et en phytoth\u00e9rapie.<\/p>\n<p>Aujourd&#8217;hui, le jasmin est cultiv\u00e9 pour ses fleurs, qui d\u00e9gagent un parfum intense, id\u00e9al pour la cr\u00e9ation de parfums et d&#8217;essences.<\/p>\n<p>L&#8217;essence de jasmin est disponible en solution huileuse.<\/p>\n<\/div>\n<\/section>\n","protected":false},"featured_media":49895,"template":"","meta":{"_acf_changed":false},"product_brand":[],"product_cat":[1160],"product_tag":[868,902,784,786,853],"class_list":{"0":"post-49881","1":"product","2":"type-product","3":"status-publish","4":"has-post-thumbnail","6":"product_cat-gels-desodorisants","7":"product_tag-gymnases-et-sports","8":"product_tag-condominiums","9":"product_tag-domicile","10":"product_tag-hotel-bb-fr","11":"product_tag-voitures-vehicules-a-moteur","13":"first","14":"instock","15":"taxable","16":"shipping-taxable","17":"purchasable","18":"product-type-simple"},"acf":[],"_links":{"self":[{"href":"https:\/\/www.specialscentshop.com\/fr\/wp-json\/wp\/v2\/product\/49881","targetHints":{"allow":["GET"]}}],"collection":[{"href":"https:\/\/www.specialscentshop.com\/fr\/wp-json\/wp\/v2\/product"}],"about":[{"href":"https:\/\/www.specialscentshop.com\/fr\/wp-json\/wp\/v2\/types\/product"}],"wp:featuredmedia":[{"embeddable":true,"href":"https:\/\/www.specialscentshop.com\/fr\/wp-json\/wp\/v2\/media\/49895"}],"wp:attachment":[{"href":"https:\/\/www.specialscentshop.com\/fr\/wp-json\/wp\/v2\/media?parent=49881"}],"wp:term":[{"taxonomy":"product_brand","embeddable":true,"href":"https:\/\/www.specialscentshop.com\/fr\/wp-json\/wp\/v2\/product_brand?post=49881"},{"taxonomy":"product_cat","embeddable":true,"href":"https:\/\/www.specialscentshop.com\/fr\/wp-json\/wp\/v2\/product_cat?post=49881"},{"taxonomy":"product_tag","embeddable":true,"href":"https:\/\/www.specialscentshop.com\/fr\/wp-json\/wp\/v2\/product_tag?post=49881"}],"curies":[{"name":"wp","href":"https:\/\/api.w.org\/{rel}","templated":true}]}}