{"id":49911,"date":"2026-03-05T19:28:55","date_gmt":"2026-03-05T18:28:55","guid":{"rendered":"https:\/\/www.specialscentshop.com\/?post_type=product&#038;p=49911"},"modified":"2026-03-05T19:30:03","modified_gmt":"2026-03-05T18:30:03","slug":"gel-dambiance-parfume-au-lin","status":"publish","type":"product","link":"https:\/\/www.specialscentshop.com\/fr\/produit\/gel-dambiance-parfume-au-lin\/","title":{"rendered":"Gel de Lin"},"content":{"rendered":"<h2><strong>Gel d&#8217;ambiance parfum\u00e9 au lin<\/strong><\/h2>\n<p>Nous vous recommandons ce gel d\u00e9sodorisant au parfum de lin pour votre maison. Une sensation de fra\u00eecheur enveloppera vos invit\u00e9s et les mettra \u00e0 l&#8217;aise.<\/p>\n<p>Gel d&#8217;ambiance parfum\u00e9 au lin \u00e9galement aux espaces o\u00f9 l&#8217;accueil et le s\u00e9jour doivent \u00eatre une exp\u00e9rience agr\u00e9able.<\/p>\n<p>N&#8217;oubliez pas que l&#8217;on a envie de revenir dans un endroit o\u00f9 l&#8217;air est pur. Une exp\u00e9rience olfactive m\u00e9morable laisse une impression durable.<\/p>\n<p>Vous trouverez le gel d\u00e9sodorisant au parfum de lin particuli\u00e8rement relaxant dans tous les espaces o\u00f9 vous aimez passer du temps.<\/p>\n<h2><strong>Caract\u00e9ristiques<\/strong><\/h2>\n<p>Fra\u00eecheur, propret\u00e9, souvenirs du linge qui s\u00e8che au soleil. Quand on parle de parfumer l&#8217;air d&#8217;une senteur de lin, aucun autre adjectif n&#8217;est n\u00e9cessaire.<\/p>\n<p>Gr\u00e2ce \u00e0 une recherche continue, Special Scent a su perfectionner l&#8217;exp\u00e9rience olfactive au fil des ans et la rendre unique, cr\u00e9ant une atmosph\u00e8re harmonieuse et envo\u00fbtante, aussi bien dans les petits que dans les grands espaces.<\/p>\n<p>Profitez des bienfaits de ce parfum en achetant un gel et en l&#8217;utilisant o\u00f9 bon vous semble. Pour une diffusion plus large, ins\u00e9rez le gel de Linen dans le diffuseur de parfum <a href=\"https:\/\/www.specialscentshop.com\/fr\/produit\/diffuseur-de-parfum-gel-s100\/\">S 100<\/a> et trouvez la solution id\u00e9ale\u00a0! Et n&#8217;oubliez pas, notre \u00e9quipe est toujours \u00e0 votre disposition pour r\u00e9pondre \u00e0 vos questions ou demandes.<\/p>\n<p><em>Nous disposons d&#8217;une large gamme de diffuseurs d&#8217;ambiance, y compris notre tout nouveau spray<a href=\"https:\/\/www.specialscentshop.com\/fr\/produit\/nebula-diffuseur-dambiance-rechargeable\/\"> Nebula<\/a>, qui fonctionne avec la m\u00eame technique d&#8217;atomisation que nos diffuseurs, une solution parfaite et \u00e9conomique pour ceux qui souhaitent tester nos produits avant d&#8217;acheter une plus grande quantit\u00e9 de parfum ou un diffuseur. Le format Nebula est en aluminium, rechargeable et surtout respectueux de l&#8217;environnement. A l&#8217;achat d&#8217;un parfum de 0,250 g de votre choix, vous recevez gratuitement Nebula. Id\u00e9al pour les petites quantit\u00e9s. <\/em><\/p>\n<h2 class=\"p1\"><b>Particuli\u00e8rement adapt\u00e9 pour :<\/b><\/h2>\n<p><strong>Le gel parfum\u00e9 au lin<\/strong> est id\u00e9al pour des environnements tels que :<\/p>\n<ul>\n<li>Cabinets m\u00e9dicaux<\/li>\n<li>Domiciles<\/li>\n<li>Penderies<\/li>\n<li>Ascenseurs<\/li>\n<li>Salons de d\u00e9tente<\/li>\n<li>Espaces communs<\/li>\n<li>Voitures, caravanes, camping-cars, camions<\/li>\n<li>Bureaux<\/li>\n<\/ul>\n<p>L\u2019ar\u00f4me relaxant du lin contribue \u00e0 cr\u00e9er une atmosph\u00e8re fra\u00eeche et apaisante, favorisant la concentration et la productivit\u00e9. Veuillez noter qu\u2019il ne s\u2019agit que de suggestions et que l\u2019ad\u00e9quation du parfum d\u00e9pend largement des pr\u00e9f\u00e9rences de chacun.<\/p>\n<p>Envie d\u2019en savoir plus sur nos gels\u00a0?<\/p>\n<p>&nbsp;<\/p>\n","protected":false},"excerpt":{"rendered":"<section class=\"av_textblock_section \">\n<div class=\"avia_textblock \">\n<h2><strong>Notes olfactives : notes de c\u0153ur<\/strong><\/h2>\n<p>Gel d&#8217;ambiance parfum\u00e9 au lin \u00e9voque une vaste prairie fleurie, enivr\u00e9e par le parfum du linge qui s\u00e8che au soleil, caress\u00e9 par une douce brise. Une sensation de fra\u00eecheur qui enveloppe tout d&#8217;une douce caresse. Un parfum simple et raffin\u00e9 qui apporte paix et s\u00e9r\u00e9nit\u00e9.<\/p>\n<p>Il existe \u00e9galement en solution huileuse.<\/p>\n<\/div>\n<\/section>\n","protected":false},"featured_media":49900,"template":"","meta":{"_acf_changed":false},"product_brand":[],"product_cat":[1160],"product_tag":[867,868,902,784,786,853],"class_list":{"0":"post-49911","1":"product","2":"type-product","3":"status-publish","4":"has-post-thumbnail","6":"product_cat-gels-desodorisants","7":"product_tag-salles-de-jeux","8":"product_tag-gymnases-et-sports","9":"product_tag-condominiums","10":"product_tag-domicile","11":"product_tag-hotel-bb-fr","12":"product_tag-voitures-vehicules-a-moteur","14":"first","15":"instock","16":"taxable","17":"shipping-taxable","18":"purchasable","19":"product-type-simple"},"acf":[],"_links":{"self":[{"href":"https:\/\/www.specialscentshop.com\/fr\/wp-json\/wp\/v2\/product\/49911","targetHints":{"allow":["GET"]}}],"collection":[{"href":"https:\/\/www.specialscentshop.com\/fr\/wp-json\/wp\/v2\/product"}],"about":[{"href":"https:\/\/www.specialscentshop.com\/fr\/wp-json\/wp\/v2\/types\/product"}],"wp:featuredmedia":[{"embeddable":true,"href":"https:\/\/www.specialscentshop.com\/fr\/wp-json\/wp\/v2\/media\/49900"}],"wp:attachment":[{"href":"https:\/\/www.specialscentshop.com\/fr\/wp-json\/wp\/v2\/media?parent=49911"}],"wp:term":[{"taxonomy":"product_brand","embeddable":true,"href":"https:\/\/www.specialscentshop.com\/fr\/wp-json\/wp\/v2\/product_brand?post=49911"},{"taxonomy":"product_cat","embeddable":true,"href":"https:\/\/www.specialscentshop.com\/fr\/wp-json\/wp\/v2\/product_cat?post=49911"},{"taxonomy":"product_tag","embeddable":true,"href":"https:\/\/www.specialscentshop.com\/fr\/wp-json\/wp\/v2\/product_tag?post=49911"}],"curies":[{"name":"wp","href":"https:\/\/api.w.org\/{rel}","templated":true}]}}