{"id":49916,"date":"2026-03-05T19:28:54","date_gmt":"2026-03-05T18:28:54","guid":{"rendered":"https:\/\/www.specialscentshop.com\/?post_type=product&#038;p=49916"},"modified":"2026-03-05T19:30:03","modified_gmt":"2026-03-05T18:30:03","slug":"gel-aux-herbes","status":"publish","type":"product","link":"https:\/\/www.specialscentshop.com\/fr\/produit\/gel-aux-herbes\/","title":{"rendered":"Gel aux Herbes"},"content":{"rendered":"<h2><strong>D\u00e9sodorisant gel aux Herbes : Effet sur l&#8217;environnement<\/strong><\/h2>\n<p>Gr\u00e2ce \u00e0 son parfum unique, cette fragrance est id\u00e9ale pour cr\u00e9er une ambiance agr\u00e9able dans tous les espaces.<\/p>\n<p>Recommand\u00e9e pour les espaces de d\u00e9tente, les maisons, les petits bureaux et les voitures.<\/p>\n<p>Particuli\u00e8rement appr\u00e9ci\u00e9e dans les pi\u00e8ces mal ventil\u00e9es, comme les vestiaires et les petites salles de bain, lorsqu&#8217;elle est utilis\u00e9e avec le diffuseur S 100.<\/p>\n<h3><strong>Caract\u00e9ristiques du d\u00e9sodorisant gel Herbe<\/strong><\/h3>\n<p>Notre gel d&#8217;ambiance aux herbes est partiellement extrait d&#8217;herbe fra\u00eechement coup\u00e9e, pour un parfum frais et vivifiant.<\/p>\n<p>Ce parfum, r\u00e9cemment lanc\u00e9 sur le march\u00e9, a d\u00e9j\u00e0 rencontr\u00e9 un vif succ\u00e8s gr\u00e2ce \u00e0 ses notes olfactives dynamiques.<\/p>\n<p>Offrez-vous et offrez \u00e0 vos proches une exp\u00e9rience olfactive in\u00e9dite.<\/p>\n<p>Ne sous-estimez pas l&#8217;impact d&#8217;un bon parfum dans votre int\u00e9rieur.<\/p>\n<p>Nous proposons une large gamme de diffuseurs d&#8217;ambiance, dont notre tout nouveau vaporisateur manuel Nebula, qui utilise la m\u00eame technique de n\u00e9bulisation que nos diffuseurs. C&#8217;est la solution id\u00e9ale et \u00e9conomique pour tester nos produits avant d&#8217;acheter une plus grande quantit\u00e9 de parfum ou un diffuseur. Le Nebula est en aluminium, rechargeable et surtout, \u00e9cologique. Pour l&#8217;achat d&#8217;un flacon de 0,250 g du parfum de votre choix, un Nebula vous est offert. Id\u00e9al pour les petites quantit\u00e9s.<\/p>\n<h2 class=\"p1\"><b>Particuli\u00e8rement adapt\u00e9 pour :<\/b><\/h2>\n<p>Le parfum de pamplemousse s&#8217;adapte bien aux environnements tels que :<\/p>\n<ul>\n<li>Cuisines<\/li>\n<li>Salles de bains<\/li>\n<li>Chambres \u00e0 coucher<\/li>\n<li>Salons<\/li>\n<li>Salles de d\u00e9tente ou de lecture<\/li>\n<li>Salle de yoga ou de m\u00e9ditation<\/li>\n<li>Voiture, Caravane<\/li>\n<\/ul>\n<p>L&#8217;ar\u00f4me frais de l&#8217;herbe coup\u00e9e peut contribuer \u00e0 cr\u00e9er une atmosph\u00e8re rafra\u00eechissante et agr\u00e9able, favorisant la concentration et la productivit\u00e9. Veuillez noter qu&#8217;il ne s&#8217;agit que de suggestions et que le choix du parfum d\u00e9pend en grande partie des pr\u00e9f\u00e9rences de chacun.<\/p>\n<p>En savoir plus\u00a0: D\u00e9sodorisant en gel<\/p>\n<p><em><strong>\u00a0la suite : <a href=\"https:\/\/www.specialscentshop.com\/fr\/produit\/parfum-de-chambre-ocean-bleu\/\">Parfum d&#8217;ambiance Oc\u00e9an Bleu<\/a><\/strong><\/em><\/p>\n<p>&nbsp;<\/p>\n","protected":false},"excerpt":{"rendered":"<section class=\"av_textblock_section \">\n<div class=\"avia_textblock \">\n<h2><strong>Notes olfactives :\u00a0<\/strong><\/h2>\n<p>Gr\u00e2ce \u00e0 ses notes de c\u0153ur, c&#8217;est un parfum \u00e9quilibr\u00e9. Il \u00e9voque le magnifique parfum de l&#8217;herbe printani\u00e8re. Nul besoin d&#8217;\u00eatre enfant pour se souvenir de cette odeur si particuli\u00e8re, de ce parfum si caract\u00e9ristique. Que ce soit par jeu ou par plaisir, chacun d&#8217;entre nous appr\u00e9cie encore aujourd&#8217;hui son odeur piquante.<\/p>\n<\/div>\n<\/section>\n","protected":false},"featured_media":49885,"template":"","meta":{"_acf_changed":false},"product_brand":[],"product_cat":[1160],"product_tag":[867,868,902,784,786,853],"class_list":{"0":"post-49916","1":"product","2":"type-product","3":"status-publish","4":"has-post-thumbnail","6":"product_cat-gels-desodorisants","7":"product_tag-salles-de-jeux","8":"product_tag-gymnases-et-sports","9":"product_tag-condominiums","10":"product_tag-domicile","11":"product_tag-hotel-bb-fr","12":"product_tag-voitures-vehicules-a-moteur","14":"first","15":"instock","16":"taxable","17":"shipping-taxable","18":"purchasable","19":"product-type-simple"},"acf":[],"_links":{"self":[{"href":"https:\/\/www.specialscentshop.com\/fr\/wp-json\/wp\/v2\/product\/49916","targetHints":{"allow":["GET"]}}],"collection":[{"href":"https:\/\/www.specialscentshop.com\/fr\/wp-json\/wp\/v2\/product"}],"about":[{"href":"https:\/\/www.specialscentshop.com\/fr\/wp-json\/wp\/v2\/types\/product"}],"wp:featuredmedia":[{"embeddable":true,"href":"https:\/\/www.specialscentshop.com\/fr\/wp-json\/wp\/v2\/media\/49885"}],"wp:attachment":[{"href":"https:\/\/www.specialscentshop.com\/fr\/wp-json\/wp\/v2\/media?parent=49916"}],"wp:term":[{"taxonomy":"product_brand","embeddable":true,"href":"https:\/\/www.specialscentshop.com\/fr\/wp-json\/wp\/v2\/product_brand?post=49916"},{"taxonomy":"product_cat","embeddable":true,"href":"https:\/\/www.specialscentshop.com\/fr\/wp-json\/wp\/v2\/product_cat?post=49916"},{"taxonomy":"product_tag","embeddable":true,"href":"https:\/\/www.specialscentshop.com\/fr\/wp-json\/wp\/v2\/product_tag?post=49916"}],"curies":[{"name":"wp","href":"https:\/\/api.w.org\/{rel}","templated":true}]}}