{"id":49936,"date":"2026-02-26T09:40:34","date_gmt":"2026-02-26T08:40:34","guid":{"rendered":"https:\/\/www.specialscentshop.com\/product\/vetiver\/"},"modified":"2026-03-04T20:57:41","modified_gmt":"2026-03-04T19:57:41","slug":"vetiver","status":"publish","type":"product","link":"https:\/\/www.specialscentshop.com\/fr\/produit\/vetiver\/","title":{"rendered":"Vetiver"},"content":{"rendered":"<h2><strong>Effet sur l&#8217;environnement<\/strong><\/h2>\n<p>Le <strong>parfum d&#8217;int\u00e9rieur V\u00e9tiver<\/strong> fait partie de la gamme de <strong>parfums d&#8217;int\u00e9rieur de luxe<\/strong> Special Scent. Son sillage envo\u00fbtant, aux notes chaudes et aromatiques, enveloppe vos espaces d&#8217;une fragrance \u00e9l\u00e9gante et discr\u00e8te. Ce parfum vif et raffin\u00e9 convient parfaitement \u00e0 tout environnement o\u00f9 la sobri\u00e9t\u00e9 et l&#8217;\u00e9l\u00e9gance sont recherch\u00e9es, tout en offrant une ambiance accueillante et chaleureuse aux invit\u00e9s.<\/p>\n<h2><strong>Caract\u00e9ristiques<\/strong><\/h2>\n<p><span class=\"diff--UX1Av\"><strong>Parfum V\u00e9tiver<\/strong><\/span>, une essence intense et s\u00e9duisante, o\u00f9 se m\u00ealent les notes s\u00e8ches du bois de c\u00e8dre. offrir d\u00e9licatement avec douceur <span class=\"diff--UX1Av\">del sandalo. Una freschezza umida <\/span>Le patchouli <span class=\"diff--UX1Av\">anticipe<\/span> <span class=\"diff--UX1Av\">l <\/span><span class=\"diff--UX1Av\">&#8216;<\/span><span class=\"diff--UX1Av\">ar\u00f4me<\/span> <span class=\"diff--UX1Av\">caract\u00e9ristique <\/span> du v\u00e9tiver et de la terre humide. L <span class=\"diff--UX1Av\">&#8216;<\/span> ensemble <span class=\"diff--UX1Av\">est<\/span><span class=\"diff--UX1Av\">\u00e9quilibr\u00e9<\/span> <span class=\"diff--UX1Av\">par<\/span> <span class=\"diff--UX1Av\">une<\/span> <span class=\"diff--UX1Av\">base enveloppante <\/span>de muscs <span class=\"diff--UX1Av\">,<\/span> <span class=\"diff--UX1Av\">rendue<\/span> <span class=\"diff--UX1Av\">plus l\u00e9g\u00e8re <\/span>par un <span class=\"diff--UX1Av\">ini<\/span> Bouquet<span class=\"diff--UX1Av\">vif<\/span> <span class=\"diff--UX1Av\">de<\/span> citron et de <span class=\"diff--UX1Av\">nuances<\/span><span class=\"diff--UX1Av\">aromatiques<\/span> <span class=\"diff--UX1Av\">.<\/span><\/p>\n<p><strong><em>Nous disposons d&#8217;une large gamme de diffuseurs d&#8217;ambiance, dont le spray <a href=\"https:\/\/www.specialscentshop.com\/en\/prodotto\/nebula-fragrance-diffuser\/\">Nebula<\/a>, qui fonctionne avec la m\u00eame technique d&#8217;atomisation que nos diffuseurs, une solution parfaite et \u00e9conomique pour ceux qui souhaitent tester nos produits avant d&#8217;acheter une plus grande quantit\u00e9 de parfum ou un diffuseur. Le format Nebula est en aluminium, rechargeable et surtout respectueux de l&#8217;environnement. A l&#8217;achat d&#8217;un parfum de 0,250 g de votre choix, vous recevez Nebula gratuitement. Id\u00e9al pour les petites quantit\u00e9s. <\/em><\/strong><\/p>\n<p><em><strong>D\u00e9couvrez le diffuseur de parfum d&#8217;ambiance de luxe <a href=\"https:\/\/www.specialscentshop.com\/en\/prodotto\/perfume-diffuser-s600\/\">S 600<\/a><\/strong><\/em><\/p>\n<p>&nbsp;<\/p>\n","protected":false},"excerpt":{"rendered":"<h4>Famille olfactive : Bois\u00e9<br \/>\nFacette : Agrumes<\/h4>\n<h4>Note de t\u00eate : citron, pamplemousse, fleur de sauge, camphre, eucalyptus<br \/>\nNote de corps : ambre gris, patchouli, bois de santal, nuances animales<br \/>\nNote de fond : v\u00e9tiver, terre humide, bois de c\u00e8dre, musc<\/h4>\n<p>Id\u00e9al pour cr\u00e9er des atmosph\u00e8res exclusives et luxueuses.<\/p>\n","protected":false},"featured_media":49813,"template":"","meta":{"_acf_changed":false},"product_brand":[],"product_cat":[818],"product_tag":[],"class_list":{"0":"post-49936","1":"product","2":"type-product","3":"status-publish","4":"has-post-thumbnail","6":"product_cat-parfums-dambiance","8":"first","9":"instock","10":"taxable","11":"shipping-taxable","12":"purchasable","13":"product-type-variable"},"acf":[],"_links":{"self":[{"href":"https:\/\/www.specialscentshop.com\/fr\/wp-json\/wp\/v2\/product\/49936","targetHints":{"allow":["GET"]}}],"collection":[{"href":"https:\/\/www.specialscentshop.com\/fr\/wp-json\/wp\/v2\/product"}],"about":[{"href":"https:\/\/www.specialscentshop.com\/fr\/wp-json\/wp\/v2\/types\/product"}],"wp:featuredmedia":[{"embeddable":true,"href":"https:\/\/www.specialscentshop.com\/fr\/wp-json\/wp\/v2\/media\/49813"}],"wp:attachment":[{"href":"https:\/\/www.specialscentshop.com\/fr\/wp-json\/wp\/v2\/media?parent=49936"}],"wp:term":[{"taxonomy":"product_brand","embeddable":true,"href":"https:\/\/www.specialscentshop.com\/fr\/wp-json\/wp\/v2\/product_brand?post=49936"},{"taxonomy":"product_cat","embeddable":true,"href":"https:\/\/www.specialscentshop.com\/fr\/wp-json\/wp\/v2\/product_cat?post=49936"},{"taxonomy":"product_tag","embeddable":true,"href":"https:\/\/www.specialscentshop.com\/fr\/wp-json\/wp\/v2\/product_tag?post=49936"}],"curies":[{"name":"wp","href":"https:\/\/api.w.org\/{rel}","templated":true}]}}