{"id":33372,"date":"2022-07-12T21:45:58","date_gmt":"2022-07-12T19:45:58","guid":{"rendered":"https:\/\/specialscentshop.com\/about-us\/"},"modified":"2025-07-21T19:47:10","modified_gmt":"2025-07-21T17:47:10","slug":"kik-vagyunk","status":"publish","type":"page","link":"https:\/\/www.specialscentshop.com\/hu\/kik-vagyunk\/","title":{"rendered":"R\u00f3lunk"},"content":{"rendered":"<div class=\"wpb-content-wrapper\"><p>[vc_row][vc_column][vc_column_text]<\/p>\n<h3>About<\/h3>\n<p><span style=\"vertical-align: inherit;\"><span style=\"vertical-align: inherit;\"><span style=\"vertical-align: inherit;\"><span style=\"vertical-align: inherit;\">[\/vc_column_text][\/vc_column][\/vc_row][vc_row equal_height=&#8221;yes&#8221; content_placement=&#8221;middle&#8221; css=&#8221;.vc_custom_1662737923177{margin-top: -120px !important;}&#8221;][vc_column css=&#8221;.vc_custom_1659379583400{background-position: center !important;background-repeat: no-repeat !important;background-size: cover !important;}&#8221;][vc_custom_heading text=&#8221;SPECIAL SCENT&#8221; font_container=&#8221;tag:h1|font_size:90px|text_align:center|color:rgba(38%2C141%2C193% 2C0.19)|line_height:90px&#8221; google_fonts=&#8221;font_family:Oswald%3A300%2Cregular%2C700|font_style:700%20bold%20regular%3A700%3Anormal&#8221; css=&#8221;.vc_custom_1659379865966{background-color: #ffffff !important;}&#8221;][vc_empty_space height=&#8221;80px&#8221;][vc_column_text]\u00a0<\/span><\/span><\/span><\/span><\/p>\n<p style=\"font-weight: 400; text-align: left;\"><span style=\"vertical-align: inherit;\"><span style=\"vertical-align: inherit;\"><span style=\"vertical-align: inherit;\"><span style=\"vertical-align: inherit;\">SPECIAL SCENT was founded in 2014 and immediately established itself on the market as one of the few companies particularly attentive to the quality of all its products, biologically controlled and certified IFRA and eco-sustainable, created to satisfy the market of home fragrances. Today, thanks to the wide choice of its products, it is also recognized internationally as a leading company in the field of fragrances and fragrances, especially as <a href=\"https:\/\/www.specialscentshop.com\/en\/scent-marketing\/\">olfactory marketing<\/a>. <\/span><\/span><\/span><\/span><br \/>\n<span style=\"vertical-align: inherit;\"><span style=\"vertical-align: inherit;\"><span style=\"vertical-align: inherit;\"><span style=\"vertical-align: inherit;\">Furthermore, our diffusers nebulize the perfume thanks to an advanced system, able to adapt to any need, transforming the fragrance into aroma, spreading it evenly both in small environments such as cars, offices, large environments such as restaurants, halls. conferences and centers<\/span><\/span><\/span><\/span><\/p>\n<p>\u00a0[\/vc_column_text][\/vc_column][\/vc_row][vc_row full_width=&#8221;stretch_row_content&#8221; equal_height=&#8221;yes&#8221; content_placement=&#8221;middle&#8221;][vc_column css=&#8221;.vc_custom_1663847591071{background-image: url(https:\/\/www. specialscentshop.com\/wp-content\/uploads\/2022\/09\/Immagini-Specialscent-800-\u00d7-600-px.jpg?id=37923) !important;background-position: center !important;background-repeat: no-repeat !important;background-size: cover !important;}&#8221; offset=&#8221;vc_col-lg-6 vc_col-md-6&#8243;][vc_empty_space height=&#8221;500px&#8221;][\/vc_column][vc_column css=&#8221;.vc_custom_1485266194533{padding- right: 10% !important;padding-left: 10% !important;background-color: #f3f3f3 !important;}&#8221; offset=&#8221;vc_col-lg-6 vc_col-md-6&#8243;][vc_empty_space height=&#8221;80px&#8221;][vc_custom_heading text=&#8221;01&#8243; font_container=&#8221;tag:h1|font_size:90px|text_align:left|color:%23ffffff|line_height:90px&#8221; google_fonts=&#8221;font_family:Oswald%3A300%2Cregular%2C700|font_style:700%20bold% 20regular%3A700%3Anormal&#8221;][vc_custom_heading text=&#8221;The best fragrances for small and large environments&#8221; font_container=&#8221;tag:h4|font_size:34px|text_align:left|color:%23000000|line_height:34px&#8221; google_fonts=&#8221;font_family: Dosis%3A200%2C300%2Cregular%2C500%2C600%2C700%2C800|font_style:400%20regular%3A400%3Anormal&#8221; css=&#8221;.vc_custom_1662738393962{margin-top: -40px !important;margin-bottom: 30px !important;padding -top: 5px !important;padding-bottom: 5px !important;background-color: #f3f3f3 !important;}&#8221;][vc_column_text]<\/p>\n<p>I am text block. Click edit button to change this text. Lorem ipsum dolor sit amet, consectetur adipiscing elit. Ut elit tellus, luctus nec ullamcorper mattis, pulvinar dapibus leo.<\/p>\n<p>[\/vc_column_text][vc_empty_space height=&#8221;80px&#8221;][\/vc_column][\/vc_row][vc_row full_width=&#8221;stretch_row_content&#8221; equal_height=&#8221;yes&#8221; content_placement=&#8221;middle&#8221;][vc_column css=&#8221;.vc_custom_1485268651494{padding-right: 10% !important;padding-left: 10% !important;background-color: #f3f3f3 !important;background-position: center !important;background-repeat: no-repeat !important;background-size: cover !important;}&#8221; offset=&#8221;vc_col-lg-6 vc_col-md-6&#8243;][vc_empty_space height=&#8221;80px&#8221;][vc_custom_heading text=&#8221;02&#8243; font_container=&#8221;tag:h1|font_size:90px|text_align:left|color:%23ffffff|line_height :90px&#8221; google_fonts=&#8221;font_family:Oswald%3A300%2Cregular%2C700|font_style:700%20bold%20regular%3A700%3Anormal&#8221;][vc_custom_heading text=&#8221;Attention to detail and innovation&#8221; font_container=&#8221;tag:h4|font_size:30px |text_align:left|color:%23000000|line_height:34px&#8221; google_fonts=&#8221;font_family:Dosis%3A200%2C300%2Cregular%2C500%2C600%2C700%2C800|font_style:400%20regular%3A400%3Anormal&#8221;][vc_column_text]We are dedicated to the enhancement of brands, customizing any environment with dedicated olfactory notes and we develop any project that speaks of elegance, exclusive, commercial and domestic environments.<br \/>\n<span style=\"vertical-align: inherit;\"><span style=\"vertical-align: inherit;\">Our company, always attentive to detail and innovation, puts quality in the first place whether we are talking about fragrances, but also for diffusers that follow a market that is always at the forefront and that responds to the tastes of ours in terms of functionality and design. customers.[\/vc_column_text][vc_empty_space height=&#8221;80px&#8221;][\/vc_column][vc_column css=&#8221;.vc_custom_1659421350714{background: #f3f3f3 url(https:\/\/www.specialscentshop.com\/wp-content\/uploads\/2022\/ 08\/secondo-riquadro.jpeg?id=34311) !important;background-position: center !important;background-repeat: no-repeat !important;background-size: cover !important;}&#8221; offset=&#8221;vc_col-lg- 6 vc_col-md-6&#8243;][vc_empty_space height=&#8221;500px&#8221;][\/vc_column][\/vc_row][vc_row full_width=&#8221;stretch_row_content&#8221; equal_height=&#8221;yes&#8221; content_placement=&#8221;middle&#8221;][vc_column css=&#8221;.vc_custom_1659696360782{ background-image: url(https:\/\/www.specialscentshop.com\/wp-content\/uploads\/2022\/08\/ANNUSARE1920x1280-6.jpg?id=34719) !important;background-position: center !important;background-repeat : no-repeat !important;background-size: cover !important;}&#8221; offset=&#8221;vc_col-lg-6 vc_col-md-6&#8243;][vc_empty_space height=&#8221;500px&#8221;][\/vc_column][vc_column css=&#8221;. vc_custom_1485266194533{padding-right: 10% !important;padding-left: 10% !important;background-color: #f3f3f3 !important;}&#8221; offset=&#8221;vc_col-lg-6 vc_col-md-6&#8243;][vc_empty_space height=&#8221;80px&#8221;][vc_custom_heading text=&#8221;03&#8243; font_container=&#8221;tag:h1|font_size:90px|text_align:left|color:%23ffffff|line_height:90px&#8221; google_fonts=&#8221;font_family:Oswald%3A300%2Cregular%2C700|font_style: 700%20bold%20regular%3A700%3Anormal&#8221;][vc_custom_heading text=&#8221;Pleasure and desire&#8221; font_container=&#8221;tag:h4|font_size:30px|text_align:left|color:%23000000|line_height:34px&#8221; google_fonts=&#8221;font_family:Dosis %3A200%2C300%2Cregular%2C500%2C600%2C700%2C800|font_style:400%20regular%3A400%3Anormal&#8221; css=&#8221;.vc_custom_1662738571033{margin-top: -40px !important;margin-bottom: 30px !important;padding- top: 5px !important;padding-bottom: 5px !important;background-color: #f3f3f3 !important;}&#8221;][vc_column_text]We must not only meet your expectations, but create pleasure around you and a desire to return to a welcoming place.<\/span><\/span><br \/>\n<span style=\"vertical-align: inherit;\"><span style=\"vertical-align: inherit;\">If you were a painter, what would the self-portrait of your personality be like? It is important to be recognizable wherever we go, but if our signature is in the air we will never be forgotten.[\/vc_column_text][vc_empty_space height=&#8221;80px&#8221;][\/vc_column][\/vc_row][vc_row full_width=&#8221;stretch_row_content&#8221; equal_height=&#8221;yes&#8221; content_placement=&#8221;middle&#8221;][vc_column css=&#8221;.vc_custom_1659420809913{padding-right: 10% !important;padding-left: 10% !important;background-color: #d6d6d6 !important;}&#8221; offset=&#8221;vc_col-lg-6 vc_col-md-6&#8243;][vc_empty_space height=&#8221;80px&#8221;][vc_custom_heading text=&#8221;SPECIAL SCENT&#8221; font_container=&#8221;tag:h2|font_size:40px|text_align:left|color:%23ededed| line_height:90px&#8221; google_fonts=&#8221;font_family:Oswald%3A300%2Cregular%2C700|font_style:700%20bold%20regular%3A700%3Anormal&#8221;][vc_custom_heading text=&#8221;EUR\u00d3PAI SZABV\u00c1NYOK&#8221; font_container=&#8221;tag:h4|font_size:34px|text_align :left|color:%23ffffff|line_height:34px&#8221; google_fonts=&#8221;font_family:Dosis%3A200%2C300%2Cregular%2C500%2C600%2C700%2C800|font_style:400%20regular%3A400%3Anormal&#8221;][vc_column_text]<\/span><\/span><\/p>\n<h3 style=\"font-size: 20px; font-weight: 400;\"><span style=\"vertical-align: inherit;\"><span style=\"vertical-align: inherit;\">Special Scent offers Echa certified fragrances for all the languages \u200b\u200bof the 27 countries of the European community. and each of them is accompanied by a Technical and Safety Data Sheet, IFRA certification for all the countries of the world. Our diffusers can be positioned on the ground or can be connected directly to the HVAC ventilation system. An online distribution network on all continents, to make what you want with room fragrance and scent marketing.<\/span><\/span><\/h3>\n<p>[\/vc_column_text][vc_empty_space height=&#8221;80px&#8221;][\/vc_column][vc_column css=&#8221;.vc_custom_1659420821642{background-color: #d6d6d6 !important;background-position: center !important;background-repeat: no-repeat !important;background-size: cover !important;}&#8221; offset=&#8221;vc_col-lg-6 vc_col-md-6&#8243;][vc_empty_space height=&#8221;100px&#8221;][vc_single_image image=&#8221;34286&#8243; img_size=&#8221;large&#8221; alignment=&#8221;center&#8221;][vc_empty_space height=&#8221;100px&#8221;][\/vc_column][\/vc_row][vc_row full_width=&#8221;stretch_row&#8221; equal_height=&#8221;yes&#8221; css=&#8221;.vc_custom_1659416441414{background-color: #e6e7f2 !important;}&#8221;][vc_column css=&#8221;.vc_custom_1485890321478{padding-right: 10% !important;}&#8221;][vc_empty_space height=&#8221;80px&#8221;][vc_custom_heading text=&#8221;TOV\u00c1BBI INFORM\u00c1CI\u00d3K\u00c9RT L\u00c9PJEN KAPCSOLATBA VEL\u00dcNK&#8221; font_container=&#8221;tag:h1|font_size:40px|text_align:left|color:%23333333|line_height:40px&#8221; use_theme_fonts=&#8221;yes&#8221;][vc_empty_space height=&#8221;30px&#8221;][\/vc_column][\/vc_row][vc_row full_width=&#8221;stretch_row&#8221; equal_height=&#8221;yes&#8221; css=&#8221;.vc_custom_1659416450215{background-color: #e6e7f2 !important;}&#8221;][vc_column width=&#8221;2\/3&#8243; css=&#8221;.vc_custom_1485890321478{padding-right: 10% !important;}&#8221;][vc_custom_heading text=&#8221;KAPCSOLATFELV\u00c9TEL&#8221; font_container=&#8221;tag:h2|font_size:33px|text_align:left|color:%23333333|line_height:40px&#8221; use_theme_fonts=&#8221;yes&#8221;][vc_custom_heading text=&#8221;KAPCSOLATKOZ\u00c1S&#8221; font_container=&#8221;tag:h4|font_size:26px|text_align:left|color:%23a8e8e2|line_height:30px&#8221; use_theme_fonts=&#8221;yes&#8221; css=&#8221;.vc_custom_1485270348103{margin-top: -10px !important;margin-bottom: 30px !important;}&#8221;]\n<div class=\"wpcf7 no-js\" id=\"wpcf7-f36717-o1\" lang=\"hu-HU\" dir=\"ltr\" data-wpcf7-id=\"36717\">\n<div class=\"screen-reader-response\"><p role=\"status\" aria-live=\"polite\" aria-atomic=\"true\"><\/p> <ul><\/ul><\/div>\n<form action=\"\/hu\/wp-json\/wp\/v2\/pages\/33372#wpcf7-f36717-o1\" method=\"post\" class=\"wpcf7-form init\" aria-label=\"Kapcsolatfelv\u00e9teli \u0171rlap\" novalidate=\"novalidate\" data-status=\"init\">\n<fieldset class=\"hidden-fields-container\"><input type=\"hidden\" name=\"_wpcf7\" value=\"36717\" \/><input type=\"hidden\" name=\"_wpcf7_version\" value=\"6.1.5\" \/><input type=\"hidden\" name=\"_wpcf7_locale\" value=\"hu_HU\" \/><input type=\"hidden\" name=\"_wpcf7_unit_tag\" value=\"wpcf7-f36717-o1\" \/><input type=\"hidden\" name=\"_wpcf7_container_post\" value=\"0\" \/><input type=\"hidden\" name=\"_wpcf7_posted_data_hash\" value=\"\" \/><input type=\"hidden\" name=\"_wpcf7_recaptcha_response\" value=\"\" \/>\n<\/fieldset>\n<p style=\"width:49%;float:left;margin-right:2%\"><label>Az \u00d6n neve (k\u00f6telez\u0151)<\/label><span class=\"wpcf7-form-control-wrap\" data-name=\"your-name\"><input size=\"40\" maxlength=\"400\" class=\"wpcf7-form-control wpcf7-text wpcf7-validates-as-required\" aria-required=\"true\" aria-invalid=\"false\" value=\"\" type=\"text\" name=\"your-name\" \/><\/span>\n<\/p>\n<p style=\"width:49%;float:left;\"><label>Az \u00d6n e-mail c\u00edme (k\u00f6telez\u0151)<\/label><span class=\"wpcf7-form-control-wrap\" data-name=\"your-email\"><input size=\"40\" maxlength=\"400\" class=\"wpcf7-form-control wpcf7-email wpcf7-validates-as-required wpcf7-text wpcf7-validates-as-email\" aria-required=\"true\" aria-invalid=\"false\" value=\"\" type=\"email\" name=\"your-email\" \/><\/span>\n<\/p>\n<p><label>Tant\u00e1rgy<\/label><span class=\"wpcf7-form-control-wrap\" data-name=\"your-subject\"><input size=\"40\" maxlength=\"400\" class=\"wpcf7-form-control wpcf7-text\" aria-invalid=\"false\" value=\"\" type=\"text\" name=\"your-subject\" \/><\/span>\n<\/p>\n<p><label>Az \u00fczeneted<\/label><span class=\"wpcf7-form-control-wrap\" data-name=\"your-message\"><textarea cols=\"40\" rows=\"10\" maxlength=\"2000\" class=\"wpcf7-form-control wpcf7-textarea\" aria-invalid=\"false\" name=\"your-message\"><\/textarea><\/span>\n<\/p>\n\n<p><input class=\"wpcf7-form-control wpcf7-submit has-spinner btn btn-color-primary\" type=\"submit\" value=\"\u00dcZENETET K\u00dcLDENI\" \/>\n<\/p><div class=\"wpcf7-response-output\" aria-hidden=\"true\"><\/div>\n<\/form>\n<\/div>\n[vc_empty_space height=&#8221;80px&#8221;][\/vc_column][vc_column width=&#8221;1\/3&#8243; css=&#8221;.vc_custom_1456090660314{padding-right: 15% !important;padding-left: 15% !important;background-color: #f5f5f5 !important;}&#8221;][vc_text_separator title=&#8221;SPECIAL SCENT&#8221; title_align=&#8221;separator_align_left&#8221; align=&#8221;align_left&#8221; color=&#8221;custom&#8221; border_width=&#8221;3&#8243; accent_color=&#8221;#0091c6&#8243; css=&#8221;.vc_custom_1742661471141{margin-bottom: 30px !important;}&#8221;][vc_column_text]Special Scent is a trademark owned by Smart Business Company Kft with headquarters and show room in Budapest, address in description. We have been working in the Perfumentation and Olfactory Marketing market since 2014 with several distributors in various parts of Europe and Middle East. Our perfumers spread the scent through an advanced atomisation system, from smaller rooms like cars to larger rooms like halls and corporate offices.<\/p>\n<p><span style=\"vertical-align: inherit;\"><span style=\"vertical-align: inherit;\"><span style=\"vertical-align: inherit;\"><span style=\"vertical-align: inherit;\">Our company can satisfy every particular scenting request and create a pleasant and unique environment. Wellness centers, hotels, home environments, restaurants, offices, gyms and many other environments can be completely renovated thanks to our Fragrances. All our fragrances are made in Italy and certified, their quality has no equal. The olfactory experience that we offer gives a real memory that remains impressed in the mind of those who feel our fragrances.<\/span><\/span><\/span><\/span>[\/vc_column_text][\/vc_column][\/vc_row][vc_row full_width=&#8221;stretch_row&#8221; equal_height=&#8221;yes&#8221; css=&#8221;.vc_custom_1659416441414{background-color: #e6e7f2 !important;}&#8221;][\/vc_row][vc_column css=&#8221;.vc_custom_1485890321478{padding-right: 10% !important;}&#8221;][vc_empty_space height=&#8221;80px&#8221;][\/vc_column]<\/p>\n<\/div>","protected":false},"excerpt":{"rendered":"<p>[vc_row][vc_column][vc_column_text] About [\/vc_column_text][\/vc_column][\/vc_row][vc_row equal_height=&#8221;yes&#8221; content_placement=&#8221;middle&#8221; css=&#8221;.vc_custom_1662737923177{margin-top: -120px !important;}&#8221;][vc_column css=&#8221;.vc_custom_1659379583400{background-position: center !important;background-repeat: no-repeat !important;background-size: cover !important;}&#8221;][vc_custom_heading text=&#8221;SPECIAL SCENT&#8221; font_container=&#8221;tag:h1|font_size:90px|text_align:center|color:rgba(38%2C141%2C193% 2C0.19)|line_height:90px&#8221; google_fonts=&#8221;font_family:Oswald%3A300%2Cregular%2C700|font_style:700%20bold%20regular%3A700%3Anormal&#8221; css=&#8221;.vc_custom_1659379865966{background-color: #ffffff !important;}&#8221;][vc_empty_space height=&#8221;80px&#8221;][vc_column_text]\u00a0 SPECIAL SCENT was founded in 2014 and immediately established itself on the market as one of the few companies particularly attentive to the quality of all its products, biologically controlled and [&hellip;]<\/p>\n","protected":false},"author":5,"featured_media":0,"parent":0,"menu_order":0,"comment_status":"closed","ping_status":"closed","template":"","meta":{"_acf_changed":false,"footnotes":""},"class_list":["post-33372","page","type-page","status-publish","hentry"],"acf":[],"_links":{"self":[{"href":"https:\/\/www.specialscentshop.com\/hu\/wp-json\/wp\/v2\/pages\/33372","targetHints":{"allow":["GET"]}}],"collection":[{"href":"https:\/\/www.specialscentshop.com\/hu\/wp-json\/wp\/v2\/pages"}],"about":[{"href":"https:\/\/www.specialscentshop.com\/hu\/wp-json\/wp\/v2\/types\/page"}],"author":[{"embeddable":true,"href":"https:\/\/www.specialscentshop.com\/hu\/wp-json\/wp\/v2\/users\/5"}],"replies":[{"embeddable":true,"href":"https:\/\/www.specialscentshop.com\/hu\/wp-json\/wp\/v2\/comments?post=33372"}],"version-history":[{"count":0,"href":"https:\/\/www.specialscentshop.com\/hu\/wp-json\/wp\/v2\/pages\/33372\/revisions"}],"wp:attachment":[{"href":"https:\/\/www.specialscentshop.com\/hu\/wp-json\/wp\/v2\/media?parent=33372"}],"curies":[{"name":"wp","href":"https:\/\/api.w.org\/{rel}","templated":true}]}}