{"id":38056,"date":"2022-10-05T08:25:46","date_gmt":"2022-10-05T06:25:46","guid":{"rendered":"http:\/\/www.specialscentshop.com\/?page_id=38056"},"modified":"2026-05-12T11:59:57","modified_gmt":"2026-05-12T09:59:57","slug":"szobai-illat-szolgaltatas","status":"publish","type":"page","link":"https:\/\/www.specialscentshop.com\/hu\/szobai-illat-szolgaltatas\/","title":{"rendered":"Szobai illat szolg\u00e1ltat\u00e1s"},"content":{"rendered":"<div class=\"wpb-content-wrapper\"><p>[vc_row equal_height=&#8221;yes&#8221; content_placement=&#8221;middle&#8221;][vc_column css=&#8221;.vc_custom_1659379583400{background-position: center !important;background-repeat: no-repeat !important;background-size: cover !important;}&#8221;][vc_custom_heading text=&#8221;SPECIAL SCENT&#8221; font_container=&#8221;tag:h1|font_size:90px|text_align:center|color:rgba(38%2C141%2C193%2C0.19)|line_height:140px&#8221; google_fonts=&#8221;font_family:Oswald%3A300%2Cregular%2C700|font_style:700%20bold%20regular%3A700%3Anormal&#8221; css=&#8221;.vc_custom_1659940930211{background-color: #ffffff !important;}&#8221;][vc_custom_heading text=&#8221;Szobai illat szolg\u00e1ltat\u00e1s&#8221; font_container=&#8221;tag:h4|font_size:34px|text_align:center|color:%23000000|line_height:60px&#8221; google_fonts=&#8221;font_family:Dosis%3A200%2C300%2Cregular%2C500%2C600%2C700%2C800|font_style:400%20regular%3A400%3Anormal&#8221; css=&#8221;.vc_custom_1712689472856{margin-top: -40px !important;margin-bottom: 30px !important;padding-top: 5px !important;padding-bottom: 5px !important;background-color: #ffffff !important;}&#8221;][vc_column_text]Manaps\u00e1g egyetlen v\u00e1llalkoz\u00e1s sem engedheti meg mag\u00e1nak, hogy vend\u00e9gei a orrukban kellemetlen szaggal t\u00e1vozzanak p\u00e9ld\u00e1ul az edz\u0151teremb\u0151l, \u00e9tteremb\u0151l, sz\u00e1llod\u00e1b\u00f3l, hostelb\u00f3l .<\/p>\n<p><a href=\"https:\/\/hu.wikipedia.org\/wiki\/Szagl%C3%A1s\" target=\"_blank\" rel=\"noopener\">A szagl\u00e1s<\/a> az egyetlen \u00e9rz\u00e9kel\u00e9s\u00fcnk, amit nem tudunk kikapcsolni, hisz musz\u00e1j leveg\u0151t venn\u00fcnk.<\/p>\n<p>A kereskedelemben kaphat\u00f3 <strong>l\u00e9gfriss\u00edt\u0151<\/strong> k\u00e9sz\u00fcl\u00e9kek sokszor dr\u00e1g\u00e1k, \u00e9s r\u00f6vid ideig szolg\u00e1ltatnak friss illatot, a szem\u00e9lyre szabhat\u00f3s\u00e1g pedig megoldhatatlan.<\/p>\n<p>Hogyan lehet ezt a probl\u00e9m\u00e1t elker\u00fclni? Ezt az \u0171rt a Special scent megoldhatja a <strong>Szobaillatos\u00edt\u00f3<\/strong>, melynek sor\u00e1n egy ingyenes helysz\u00edni felm\u00e9r\u00e9st k\u00f6vet\u0151en kiv\u00e1laszthatj\u00e1k a megfelel\u0151 illatot a l\u00e9gt\u00e9rnek, amelyhez c\u00e9g\u00fcnk biztos\u00edtja a b\u00e9relhet\u0151 <a href=\"https:\/\/www.specialscentshop.com\/hu\/diffuzorok\/\">illat diff\u00fazort<\/a>.[\/vc_column_text][\/vc_column][\/vc_row][vc_row full_width=&#8221;stretch_row_content&#8221; equal_height=&#8221;yes&#8221; content_placement=&#8221;middle&#8221;][vc_column css=&#8221;.vc_custom_1778579840710{background-image: url(https:\/\/www.specialscentshop.com\/wp-content\/uploads\/2026\/05\/szobai-illat-szolgaltatas-img.webp?id=52037) !important;background-position: center !important;background-repeat: no-repeat !important;background-size: cover !important;}&#8221; offset=&#8221;vc_col-lg-6 vc_col-md-6&#8243;][vc_empty_space height=&#8221;500px&#8221;][\/vc_column][vc_column css=&#8221;.vc_custom_1485266194533{padding-right: 10% !important;padding-left: 10% !important;background-color: #f3f3f3 !important;}&#8221; offset=&#8221;vc_col-lg-6 vc_col-md-6&#8243;][vc_empty_space height=&#8221;80px&#8221;][vc_custom_heading text=&#8221;L\u00e9gt\u00e9rillatos\u00edt\u00e1shoz b\u00e9relhet\u0151 g\u00e9pek \u00e9s illatok havi \u00e1rlist\u00e1k&#8221; font_container=&#8221;tag:h4|font_size:34px|text_align:left|color:%23000000|line_height:34px&#8221; google_fonts=&#8221;font_family:Dosis%3A200%2C300%2Cregular%2C500%2C600%2C700%2C800|font_style:400%20regular%3A400%3Anormal&#8221; css=&#8221;.vc_custom_1664950943964{margin-top: -40px !important;margin-bottom: 30px !important;padding-top: 5px !important;padding-bottom: 5px !important;background-color: #f3f3f3 !important;}&#8221;][vc_column_text]<img loading=\"lazy\" decoding=\"async\" class=\"alignnone wp-image-38057 size-full\" src=\"https:\/\/www.specialscentshop.com\/wp-content\/uploads\/2022\/10\/Szobai_illat_szolga\u0301ltata\u0301s___Specialscent_hu.jpg\" alt=\"\" width=\"644\" height=\"163\" srcset=\"https:\/\/www.specialscentshop.com\/wp-content\/uploads\/2022\/10\/Szobai_illat_szolga\u0301ltata\u0301s___Specialscent_hu.jpg 644w, https:\/\/www.specialscentshop.com\/wp-content\/uploads\/2022\/10\/Szobai_illat_szolga\u0301ltata\u0301s___Specialscent_hu-300x76.jpg 300w\" sizes=\"auto, (max-width: 644px) 100vw, 644px\" \/><\/p>\n<p><strong>Az alap \u00e1rlista tartalmazza a k\u00f6vetkez\u0151 illatokat:<\/strong>\u00a0Citrom \u2013\u00a0C\u00e8drus \u2013 Van\u00eclia \u2013 Len \u2013 Levendula \u2013 Femme Saliente \u2013 K\u00e1v\u00e9 \u2013 Keksz<\/p>\n<p><strong>Az alap \u00e1rlista a k\u00f6vetkez\u0151 ker\u00fcletekre vonatkozik:<\/strong>\u00a0XII \u2013 I \u2013 II \u2013 III \u2013 IV \u2013 XIII \u2013 VI \u2013 VII \u2013 VIII \u2013 V[\/vc_column_text][vc_empty_space height=&#8221;80px&#8221;][\/vc_column][\/vc_row][vc_row full_width=&#8221;stretch_row_content&#8221; equal_height=&#8221;yes&#8221; content_placement=&#8221;middle&#8221;][vc_column css=&#8221;.vc_custom_1485268651494{padding-right: 10% !important;padding-left: 10% !important;background-color: #f3f3f3 !important;background-position: center !important;background-repeat: no-repeat !important;background-size: cover !important;}&#8221; offset=&#8221;vc_col-lg-6 vc_col-md-6&#8243;][vc_empty_space height=&#8221;80px&#8221;][vc_custom_heading text=&#8221;EXTR\u00c1K<br \/>\nazok az illatok \u00e9s ker\u00fcletek, amik nem szerepelnek az alap \u00e1rlist\u00e1ban&#8221; font_container=&#8221;tag:h4|font_size:30px|text_align:left|color:%23000000|line_height:34px&#8221; use_theme_fonts=&#8221;yes&#8221; css=&#8221;.vc_custom_1664951842892{margin-top: -40px !important;margin-bottom: 30px !important;padding-top: 5px !important;padding-bottom: 5px !important;background-color: #f3f3f3 !important;}&#8221;][vc_column_text]<img loading=\"lazy\" decoding=\"async\" class=\"alignnone wp-image-38067 size-full\" src=\"https:\/\/www.specialscentshop.com\/wp-content\/uploads\/2022\/10\/Szobai_illat_szolga\u0301ltata\u0301s__f_Specialscent_hu.jpg\" alt=\"\" width=\"749\" height=\"240\" srcset=\"https:\/\/www.specialscentshop.com\/wp-content\/uploads\/2022\/10\/Szobai_illat_szolga\u0301ltata\u0301s__f_Specialscent_hu.jpg 749w, https:\/\/www.specialscentshop.com\/wp-content\/uploads\/2022\/10\/Szobai_illat_szolga\u0301ltata\u0301s__f_Specialscent_hu-300x96.jpg 300w\" sizes=\"auto, (max-width: 749px) 100vw, 749px\" \/>[\/vc_column_text][vc_empty_space height=&#8221;80px&#8221;][\/vc_column][vc_column css=&#8221;.vc_custom_1778579988782{background: #f3f3f3 url(https:\/\/www.specialscentshop.com\/wp-content\/uploads\/2026\/05\/Copia-di-immagini-varie-img.webp?id=52043) !important;background-position: center !important;background-repeat: no-repeat !important;background-size: cover !important;}&#8221; offset=&#8221;vc_col-lg-6 vc_col-md-6&#8243;][vc_empty_space height=&#8221;500px&#8221;][\/vc_column][\/vc_row][vc_row full_width=&#8221;stretch_row&#8221; equal_height=&#8221;yes&#8221; css=&#8221;.vc_custom_1659416441414{background-color: #e6e7f2 !important;}&#8221;][vc_column css=&#8221;.vc_custom_1485890321478{padding-right: 10% !important;}&#8221;][vc_empty_space height=&#8221;80px&#8221;][vc_custom_heading text=&#8221;TOV\u00c1BBI INFORM\u00c1CI\u00d3K\u00c9RT L\u00c9PJEN VEL\u00dcNK KAPCSOLATBA&#8221; font_container=&#8221;tag:h1|font_size:40px|text_align:left|color:%23333333|line_height:40px&#8221; use_theme_fonts=&#8221;yes&#8221;][vc_empty_space height=&#8221;30px&#8221;][\/vc_column][\/vc_row][vc_row full_width=&#8221;stretch_row&#8221; equal_height=&#8221;yes&#8221; css=&#8221;.vc_custom_1659416450215{background-color: #e6e7f2 !important;}&#8221;][vc_column width=&#8221;2\/3&#8243; css=&#8221;.vc_custom_1485890321478{padding-right: 10% !important;}&#8221;][vc_custom_heading text=&#8221;L\u00c9PJEN KAPCSOLATBA VEL\u00dcNK&#8221; font_container=&#8221;tag:h2|font_size:33px|text_align:left|color:%23333333|line_height:40px&#8221; use_theme_fonts=&#8221;yes&#8221;][vc_custom_heading text=&#8221;FELVESZI A KAPCSOLATOT&#8221; font_container=&#8221;tag:h4|font_size:26px|text_align:left|color:%23a8e8e2|line_height:30px&#8221; use_theme_fonts=&#8221;yes&#8221; css=&#8221;.vc_custom_1662928419087{margin-top: -10px !important;margin-bottom: 30px !important;}&#8221;]\n<div class=\"wpcf7 no-js\" id=\"wpcf7-f36717-o1\" lang=\"hu-HU\" dir=\"ltr\" data-wpcf7-id=\"36717\">\n<div class=\"screen-reader-response\"><p role=\"status\" aria-live=\"polite\" aria-atomic=\"true\"><\/p> <ul><\/ul><\/div>\n<form action=\"\/hu\/wp-json\/wp\/v2\/pages\/38056#wpcf7-f36717-o1\" method=\"post\" class=\"wpcf7-form init\" aria-label=\"Kapcsolatfelv\u00e9teli \u0171rlap\" novalidate=\"novalidate\" data-status=\"init\">\n<fieldset class=\"hidden-fields-container\"><input type=\"hidden\" name=\"_wpcf7\" value=\"36717\" \/><input type=\"hidden\" name=\"_wpcf7_version\" value=\"6.1.5\" \/><input type=\"hidden\" name=\"_wpcf7_locale\" value=\"hu_HU\" \/><input type=\"hidden\" name=\"_wpcf7_unit_tag\" value=\"wpcf7-f36717-o1\" \/><input type=\"hidden\" name=\"_wpcf7_container_post\" value=\"0\" \/><input type=\"hidden\" name=\"_wpcf7_posted_data_hash\" value=\"\" \/><input type=\"hidden\" name=\"_wpcf7_recaptcha_response\" value=\"\" \/>\n<\/fieldset>\n<p style=\"width:49%;float:left;margin-right:2%\"><label>Az \u00d6n neve (k\u00f6telez\u0151)<\/label><span class=\"wpcf7-form-control-wrap\" data-name=\"your-name\"><input size=\"40\" maxlength=\"400\" class=\"wpcf7-form-control wpcf7-text wpcf7-validates-as-required\" aria-required=\"true\" aria-invalid=\"false\" value=\"\" type=\"text\" name=\"your-name\" \/><\/span>\n<\/p>\n<p style=\"width:49%;float:left;\"><label>Az \u00d6n e-mail c\u00edme (k\u00f6telez\u0151)<\/label><span class=\"wpcf7-form-control-wrap\" data-name=\"your-email\"><input size=\"40\" maxlength=\"400\" class=\"wpcf7-form-control wpcf7-email wpcf7-validates-as-required wpcf7-text wpcf7-validates-as-email\" aria-required=\"true\" aria-invalid=\"false\" value=\"\" type=\"email\" name=\"your-email\" \/><\/span>\n<\/p>\n<p><label>Tant\u00e1rgy<\/label><span class=\"wpcf7-form-control-wrap\" data-name=\"your-subject\"><input size=\"40\" maxlength=\"400\" class=\"wpcf7-form-control wpcf7-text\" aria-invalid=\"false\" value=\"\" type=\"text\" name=\"your-subject\" \/><\/span>\n<\/p>\n<p><label>Az \u00fczeneted<\/label><span class=\"wpcf7-form-control-wrap\" data-name=\"your-message\"><textarea cols=\"40\" rows=\"10\" maxlength=\"2000\" class=\"wpcf7-form-control wpcf7-textarea\" aria-invalid=\"false\" name=\"your-message\"><\/textarea><\/span>\n<\/p>\n\n<p><input class=\"wpcf7-form-control wpcf7-submit has-spinner btn btn-color-primary\" type=\"submit\" value=\"\u00dcZENETET K\u00dcLDENI\" \/>\n<\/p><div class=\"wpcf7-response-output\" aria-hidden=\"true\"><\/div>\n<\/form>\n<\/div>\n[vc_empty_space height=&#8221;80px&#8221;][\/vc_column][vc_column width=&#8221;1\/3&#8243; css=&#8221;.vc_custom_1456090660314{padding-right: 15% !important;padding-left: 15% !important;background-color: #f5f5f5 !important;}&#8221;][vc_text_separator title=&#8221;SPECIAL SCENT&#8221; title_align=&#8221;separator_align_left&#8221; align=&#8221;align_left&#8221; color=&#8221;custom&#8221; border_width=&#8221;3&#8243; accent_color=&#8221;#0091c6&#8243; css=&#8221;.vc_custom_1733551001028{margin-bottom: 30px !important;}&#8221;][vc_column_text]Illat diff\u00fazoraink, helyis\u00e9g illatos\u00edt\u00f3 g\u00e9peink v\u00e1laszt\u00e9ka minden ig\u00e9nyt kiel\u00e9g\u00edt a l\u00e9gterek illatos\u00edt\u00e1sa, \u00e9s az illatmarketing ter\u00fclet\u00e9n.<br \/>\nFalra r\u00f6gz\u00edthet\u0151, vagy f\u00f6ldre, asztalra helyezhet\u0151 elektromos diff\u00fazorok k\u00f6z\u00fcl v\u00e1logathat, ig\u00e9nyeinek megfelel\u0151en. Leveg\u0151ztet\u0151 berendez\u00e9sekhez csatlakoztathat\u00f3, nagy teljes\u00edtm\u00e9ny\u0171 k\u00e9sz\u00fcl\u00e9keink seg\u00edts\u00e9g\u00e9vel egyform\u00e1n \u00e9rezheti az illatot minden helyis\u00e9gben, teremben, vagy irod\u00e1ban.<\/p>\n<p>Diff\u00fazoraink fejlett porlaszt\u00e1si technol\u00f3gi\u00e1t alkalmaznak, mely az illatos olajat mikror\u00e9szekcsk\u00e9kre bontva juttatja a leveg\u0151be, ami egyenletesen oszlik el a l\u00e9gt\u00e9rben. Ezzel az elj\u00e1r\u00e1ssal nagyon kev\u00e9s illatos olaj fogy, \u00e9s hosszabb ideig illatos\u00edthat alacsonyabb k\u00f6lts\u00e9ggel.<br \/>\nN\u00e9h\u00e1ny kisebb m\u00e9ret\u0171 diff\u00fazor elemmel m\u0171k\u00f6dik, ezek kis helyis\u00e9gek illatos\u00edt\u00e1s\u00e1ra alkalmasak, haszn\u00e1latuk \u00e9s programoz\u00e1suk, egyszer\u0171.[\/vc_column_text][\/vc_column][\/vc_row][vc_row full_width=&#8221;stretch_row&#8221; equal_height=&#8221;yes&#8221; css=&#8221;.vc_custom_1659416441414{background-color: #e6e7f2 !important;}&#8221;][vc_column css=&#8221;.vc_custom_1485890321478{padding-right: 10% !important;}&#8221;][vc_empty_space height=&#8221;80px&#8221;][\/vc_column][\/vc_row]<\/p>\n<\/div>","protected":false},"excerpt":{"rendered":"<p>[vc_row equal_height=&#8221;yes&#8221; content_placement=&#8221;middle&#8221;][vc_column css=&#8221;.vc_custom_1659379583400{background-position: center !important;background-repeat: no-repeat !important;background-size: cover !important;}&#8221;][vc_custom_heading text=&#8221;SPECIAL SCENT&#8221; font_container=&#8221;tag:h1|font_size:90px|text_align:center|color:rgba(38%2C141%2C193%2C0.19)|line_height:140px&#8221; google_fonts=&#8221;font_family:Oswald%3A300%2Cregular%2C700|font_style:700%20bold%20regular%3A700%3Anormal&#8221; css=&#8221;.vc_custom_1659940930211{background-color: #ffffff !important;}&#8221;][vc_custom_heading text=&#8221;Szobai illat szolg\u00e1ltat\u00e1s&#8221; font_container=&#8221;tag:h4|font_size:34px|text_align:center|color:%23000000|line_height:60px&#8221; google_fonts=&#8221;font_family:Dosis%3A200%2C300%2Cregular%2C500%2C600%2C700%2C800|font_style:400%20regular%3A400%3Anormal&#8221; css=&#8221;.vc_custom_1712689472856{margin-top: -40px !important;margin-bottom: 30px !important;padding-top: 5px !important;padding-bottom: 5px !important;background-color: #ffffff !important;}&#8221;][vc_column_text]Manaps\u00e1g egyetlen v\u00e1llalkoz\u00e1s sem engedheti meg mag\u00e1nak, hogy vend\u00e9gei a orrukban kellemetlen szaggal t\u00e1vozzanak p\u00e9ld\u00e1ul az edz\u0151teremb\u0151l, \u00e9tteremb\u0151l, sz\u00e1llod\u00e1b\u00f3l, hostelb\u00f3l . A szagl\u00e1s [&hellip;]<\/p>\n","protected":false},"author":5,"featured_media":0,"parent":0,"menu_order":0,"comment_status":"closed","ping_status":"closed","template":"","meta":{"_acf_changed":false,"footnotes":""},"class_list":["post-38056","page","type-page","status-publish","hentry"],"acf":[],"_links":{"self":[{"href":"https:\/\/www.specialscentshop.com\/hu\/wp-json\/wp\/v2\/pages\/38056","targetHints":{"allow":["GET"]}}],"collection":[{"href":"https:\/\/www.specialscentshop.com\/hu\/wp-json\/wp\/v2\/pages"}],"about":[{"href":"https:\/\/www.specialscentshop.com\/hu\/wp-json\/wp\/v2\/types\/page"}],"author":[{"embeddable":true,"href":"https:\/\/www.specialscentshop.com\/hu\/wp-json\/wp\/v2\/users\/5"}],"replies":[{"embeddable":true,"href":"https:\/\/www.specialscentshop.com\/hu\/wp-json\/wp\/v2\/comments?post=38056"}],"version-history":[{"count":4,"href":"https:\/\/www.specialscentshop.com\/hu\/wp-json\/wp\/v2\/pages\/38056\/revisions"}],"predecessor-version":[{"id":52048,"href":"https:\/\/www.specialscentshop.com\/hu\/wp-json\/wp\/v2\/pages\/38056\/revisions\/52048"}],"wp:attachment":[{"href":"https:\/\/www.specialscentshop.com\/hu\/wp-json\/wp\/v2\/media?parent=38056"}],"curies":[{"name":"wp","href":"https:\/\/api.w.org\/{rel}","templated":true}]}}