{"id":33374,"date":"2020-06-09T15:32:13","date_gmt":"2020-06-09T13:32:13","guid":{"rendered":"https:\/\/specialscentshop.com\/product\/aloe-ambient-scent\/"},"modified":"2025-03-07T20:53:12","modified_gmt":"2025-03-07T19:53:12","slug":"aloe-otthoni-illat","status":"publish","type":"product","link":"https:\/\/www.specialscentshop.com\/hu\/termek\/aloe-otthoni-illat\/","title":{"rendered":"Aloe"},"content":{"rendered":"<h2><strong>K\u00f6rnyezetre gyakorolt hat\u00e1sa<\/strong><\/h2>\n<p>K\u00f6nny\u0171, szinte \u00e1tl\u00e1tsz\u00f3, hossz\u00fa ideig a k\u00f6rnyezetben marad, kellemes z\u00f6ld jegyeket szabad\u00edt fel, amelyek a n\u00f6v\u00e9ny frissess\u00e9g\u00e9t id\u00e9zik.<br \/>\nAz alternat\u00edv gy\u00f3gy\u00e1szatban sz\u00e9les k\u00f6rben elterjedt, k\u00fcl\u00f6n\u00f6sen alkalmas \u00e9s aj\u00e1nlott olyan k\u00f6rnyezetekben, ahol \u00e1pol\u00e1si \u00e9s sz\u00e9ps\u00e9g\u00e1pol\u00e1si kezel\u00e9seket v\u00e9geznek, valamint a kikapcsol\u00f3d\u00e1sra.<br \/>\nEgyre t\u00f6bb tev\u00e9kenys\u00e9g t\u00e1maszkodik a Special Scentre a terek meg\u00faj\u00edt\u00e1s\u00e1ban, mint p\u00e9ld\u00e1ul: <strong>gy\u00f3gyf\u00fcrd\u0151k, wellness- \u00e9s massz\u00e1zsk\u00f6zpontok, sz\u00e9ps\u00e9gszalonok<\/strong> \u00e9s m\u00e9g sok m\u00e1s.<\/p>\n<h2><strong>Jellemz\u0151k<\/strong><\/h2>\n<p>Hozzon l\u00e9tre illatos eml\u00e9ket vend\u00e9gei szagl\u00f3mem\u00f3ri\u00e1j\u00e1ban az endorfinok stimul\u00e1l\u00e1s\u00e1val \u00e9s az eg\u00e9sz test ellaz\u00edt\u00e1s\u00e1val.<br \/>\nAz Aloe illat egyed\u00fcl\u00e1ll\u00f3 t\u00f6rt\u00e9nelmet hordoz mag\u00e1ban, mert \u0151sid\u0151k \u00f3ta haszn\u00e1lt\u00e1k gy\u00f3gyn\u00f6v\u00e9nyk\u00e9nt. Ennek az arom\u00e1nak az egyszer\u0171s\u00e9ge a kulcsa. \u00dcgyfelei kellemesen fognak lep\u0151dni.<\/p>\n<p>&nbsp;<\/p>\n<h2><strong>K\u00fcl\u00f6n\u00f6sen alkalmas:<\/strong><\/h2>\n<p>\u00cdme egy lista azokr\u00f3l a k\u00f6rnyezetekr\u0151l, ahol az Aloe illat alkalmas lehet:<\/p>\n<ul>\n<li>\u00dasz\u00f3medenc\u00e9k \u00e9s strandok<\/li>\n<li>Hegyvid\u00e9ki helyek<\/li>\n<li>Ny\u00e1ri helyis\u00e9gek, kioszkok<\/li>\n<li>J\u00f3ga \u00e9s medit\u00e1ci\u00f3s szob\u00e1k<\/li>\n<li>Kempingez\u00e9s<\/li>\n<li>Gy\u00f3gyf\u00fcrd\u0151k \u00e9s wellness k\u00f6zpontok<\/li>\n<li>Hotelek<\/li>\n<li>Kert\u00e9szeti \u00e9s n\u00f6v\u00e9nytermeszt\u00e9si boltok<\/li>\n<li>\u00c9ttermek, klubok, \u00fczletek \u00e9s nagy rendezv\u00e9nyhelysz\u00ednek<\/li>\n<\/ul>\n<p><em><strong>tudjon meg t\u00f6bbet: \u00a0<a href=\"https:\/\/www.specialscentshop.com\/hu\/termek\/fenyo\/\">Feny\u0151 illat<\/a><\/strong><\/em><\/p>\n<p><strong><a href=\"https:\/\/www.specialscentshop.com\/hu\/diffuzorok\/\"><em>Elektromos diff\u00fazorok<\/em><\/a><em> sz\u00e9les v\u00e1laszt\u00e9ka \u00e1ll rendelkez\u00e9sre, bele\u00e9rtve a vadonat\u00faj <a href=\"https:\/\/www.specialscentshop.com\/hu\/termek\/nebula-illatosito-spray\/\">Nebula k\u00e9zi spray-t<\/a>, amely ugyanazzal a porlaszt\u00e1si technik\u00e1val m\u0171k\u00f6dik, mint a diff\u00fazoraink, t\u00f6k\u00e9letes \u00e9s praktikus megold\u00e1s azok sz\u00e1m\u00e1ra, akik szeretn\u00e9k kipr\u00f3b\u00e1lni term\u00e9keinket nagyobb mennyis\u00e9g\u0171 v\u00e1s\u00e1rl\u00e1s el\u0151tt. A Nebula alum\u00edniumb\u00f3l k\u00e9sz\u00fclt, \u00fajrat\u00f6lthet\u0151 \u00e9s k\u00f6rnyezetbar\u00e1t. Az \u00d6n \u00e1ltal v\u00e1lasztott 0,250 g-os illat v\u00e1s\u00e1rl\u00e1sa mell\u00e9 ingyenesen adjuk a Nebula illatszert.<\/em><\/strong><\/p>\n","protected":false},"excerpt":{"rendered":"<h3>Aloe illat illatjegyei: fejjegyek<\/h3>\n<p>Az Aloe az egyik legismertebb \u00e9s legjellemz\u0151bb n\u00f6v\u00e9ny a ter\u00fclet\u00fcnk\u00f6n. Az Aloe illat ennek a n\u00f6v\u00e9nynek minden energi\u00e1j\u00e1t \u00e1tadja, friss \u00e9s regener\u00e1l\u00f3, ak\u00e1r a v\u00edz. Illatjegyei finomak \u00e9s sok\u00e1ig megmaradnak a k\u00f6rnyezetben, l\u00e9gt\u00e9rben, csodaszer a testnek \u00e9s a l\u00e9leknek.<br \/>\nT\u00f6k\u00e9letes m\u00f3dja annak, hogy a term\u00e9szet mindig k\u00e9zn\u00e9l legyen.<\/p>\n","protected":false},"featured_media":48869,"template":"","meta":{"_acf_changed":false},"product_brand":[],"product_cat":[78],"product_tag":[671,674,675,676,677,678,679,680,681,668,682,670,683],"class_list":{"0":"post-33374","1":"product","2":"type-product","3":"status-publish","4":"has-post-thumbnail","6":"product_cat-illatok","7":"product_tag-tarsashazak","8":"product_tag-szallodak-es-panziok","9":"product_tag-eskuvok","10":"product_tag-uzletek-bevasarlo-kozpontok","11":"product_tag-edzotermek","12":"product_tag-ettermek-barok-klubok","13":"product_tag-jatek-termek","14":"product_tag-orvosi-rendelok-klinikak","15":"product_tag-iroda","16":"product_tag-kulso-legterek","17":"product_tag-orvosi-rendelok-klinikak-hu","18":"product_tag-hazak","19":"product_tag-rendezvenyek","21":"first","22":"instock","23":"taxable","24":"shipping-taxable","25":"purchasable","26":"product-type-variable"},"acf":[],"_links":{"self":[{"href":"https:\/\/www.specialscentshop.com\/hu\/wp-json\/wp\/v2\/product\/33374","targetHints":{"allow":["GET"]}}],"collection":[{"href":"https:\/\/www.specialscentshop.com\/hu\/wp-json\/wp\/v2\/product"}],"about":[{"href":"https:\/\/www.specialscentshop.com\/hu\/wp-json\/wp\/v2\/types\/product"}],"wp:featuredmedia":[{"embeddable":true,"href":"https:\/\/www.specialscentshop.com\/hu\/wp-json\/wp\/v2\/media\/48869"}],"wp:attachment":[{"href":"https:\/\/www.specialscentshop.com\/hu\/wp-json\/wp\/v2\/media?parent=33374"}],"wp:term":[{"taxonomy":"product_brand","embeddable":true,"href":"https:\/\/www.specialscentshop.com\/hu\/wp-json\/wp\/v2\/product_brand?post=33374"},{"taxonomy":"product_cat","embeddable":true,"href":"https:\/\/www.specialscentshop.com\/hu\/wp-json\/wp\/v2\/product_cat?post=33374"},{"taxonomy":"product_tag","embeddable":true,"href":"https:\/\/www.specialscentshop.com\/hu\/wp-json\/wp\/v2\/product_tag?post=33374"}],"curies":[{"name":"wp","href":"https:\/\/api.w.org\/{rel}","templated":true}]}}