{"id":33522,"date":"2020-07-22T13:29:23","date_gmt":"2020-07-22T11:29:23","guid":{"rendered":"https:\/\/specialscentshop.com\/product\/hand-sanitizing-gel-50-ml\/"},"modified":"2025-02-26T08:14:52","modified_gmt":"2025-02-26T07:14:52","slug":"hand-sanitizing-gel-50-ml","status":"publish","type":"product","link":"https:\/\/www.specialscentshop.com\/hu\/termek\/hand-sanitizing-gel-50-ml\/","title":{"rendered":"k\u00e9zfert\u0151tlen\u00edt\u0151 g\u00e9l 50 Ml"},"content":{"rendered":"<h2><strong>K\u00e9zfert\u0151tlen\u00edt\u0151 G\u00e9l &#8211; 50 ml<\/strong><\/h2>\n<h3><strong>K\u00e9nyelmes kiszerel\u00e9s, azonnali haszn\u00e1latra k\u00e9szen!<\/strong><\/h3>\n<p>Ez az alkoholos k\u00e9zfert\u0151tlen\u00edt\u0151 g\u00e9l ide\u00e1lis megold\u00e1s a v\u00edrusokkal szembeni v\u00e9delemhez. Haszn\u00e1lata rendk\u00edv\u00fcl egyszer\u0171:<\/p>\n<ol>\n<li><strong>Alkalmaz\u00e1s<\/strong>: Tegyen a kez\u00e9re annyit, mintha kezet mosna.<\/li>\n<li><strong>D\u00f6rzs\u00f6l\u00e9s<\/strong>: Alaposan d\u00f6rzs\u00f6lje \u00f6ssze a kez\u00e9t, am\u00edg a b\u0151re teljesen sz\u00e1raz nem lesz.<\/li>\n<\/ol>\n<p>Ez\u00e1ltal tiszt\u00e1n \u00e9s v\u00e9detten tarthatja kezeit, t\u00e1vol a v\u00edrusokt\u00f3l.<\/p>\n<p><strong>Ide\u00e1lis haszn\u00e1latra<\/strong> utaz\u00e1skor vagy munkahely\u00e9n: naponta t\u00f6bbsz\u00f6r is alkalmazza, hogy minimaliz\u00e1lja a v\u00edrusok \u00e9rint\u00e9s \u00e1ltali \u00e1tvitel\u00e9t.<\/p>\n<h2><strong>Term\u00e9kjellemz\u0151k k\u00e9zfert\u0151tlen\u00edt\u0151 g\u00e9l:<\/strong><\/h2>\n<ul>\n<li><strong>Kiszerel\u00e9s<\/strong>: 50 ml<\/li>\n<li><strong>Alkohol Tartalom<\/strong>: 75%<\/li>\n<li><strong>\u00c1r<\/strong>: 19 Ft \/ 1 ml<\/li>\n<\/ul>\n<p>Tartsa kez\u00e9t biztons\u00e1gban \u00e9s tiszt\u00e1n ezzel a hat\u00e9kony k\u00e9zfert\u0151tlen\u00edt\u0151 g\u00e9llel!<\/p>\n<p><em><strong>tudjon meg t\u00f6bbet: <a href=\"https:\/\/www.specialscentshop.com\/hu\/termek\/hand-sanitizer-with-sensor\/\">Automata k\u00e9zfert\u0151tlen\u00edt\u0151 adagol\u00f3<\/a><\/strong><\/em><\/p>\n","protected":false},"excerpt":{"rendered":"<p>K\u00e9zfert\u0151tlen\u00edt\u0151 G\u00e9l &#8211; 50 ml K\u00e9nyelmes kiszerel\u00e9s, azonnali haszn\u00e1latra k\u00e9szen! Ez az alkoholos k\u00e9zfert\u0151tlen\u00edt\u0151 g\u00e9l ide\u00e1lis megold\u00e1s a v\u00edrusokkal szembeni v\u00e9delemhez. Haszn\u00e1lata rendk\u00edv\u00fcl egyszer\u0171: Alkalmaz\u00e1s: Tegyen a kez\u00e9re annyit, mintha kezet mosna. D\u00f6rzs\u00f6l\u00e9s: Alaposan d\u00f6rzs\u00f6lje \u00f6ssze a kez\u00e9t, am\u00edg a b\u0151re teljesen sz\u00e1raz nem lesz. Ez\u00e1ltal tiszt\u00e1n \u00e9s v\u00e9detten tarthatja kezeit, t\u00e1vol a v\u00edrusokt\u00f3l. Ide\u00e1lis [&hellip;]<\/p>\n","protected":false},"featured_media":32940,"template":"","meta":{"_acf_changed":false},"product_brand":[],"product_cat":[116],"product_tag":[],"class_list":{"0":"post-33522","1":"product","2":"type-product","3":"status-publish","4":"has-post-thumbnail","6":"product_cat-fertotlenites","8":"first","9":"instock","10":"taxable","11":"shipping-taxable","12":"purchasable","13":"product-type-simple"},"acf":[],"_links":{"self":[{"href":"https:\/\/www.specialscentshop.com\/hu\/wp-json\/wp\/v2\/product\/33522","targetHints":{"allow":["GET"]}}],"collection":[{"href":"https:\/\/www.specialscentshop.com\/hu\/wp-json\/wp\/v2\/product"}],"about":[{"href":"https:\/\/www.specialscentshop.com\/hu\/wp-json\/wp\/v2\/types\/product"}],"wp:featuredmedia":[{"embeddable":true,"href":"https:\/\/www.specialscentshop.com\/hu\/wp-json\/wp\/v2\/media\/32940"}],"wp:attachment":[{"href":"https:\/\/www.specialscentshop.com\/hu\/wp-json\/wp\/v2\/media?parent=33522"}],"wp:term":[{"taxonomy":"product_brand","embeddable":true,"href":"https:\/\/www.specialscentshop.com\/hu\/wp-json\/wp\/v2\/product_brand?post=33522"},{"taxonomy":"product_cat","embeddable":true,"href":"https:\/\/www.specialscentshop.com\/hu\/wp-json\/wp\/v2\/product_cat?post=33522"},{"taxonomy":"product_tag","embeddable":true,"href":"https:\/\/www.specialscentshop.com\/hu\/wp-json\/wp\/v2\/product_tag?post=33522"}],"curies":[{"name":"wp","href":"https:\/\/api.w.org\/{rel}","templated":true}]}}