{"id":33544,"date":"2020-06-18T15:52:31","date_gmt":"2020-06-18T13:52:31","guid":{"rendered":"https:\/\/specialscentshop.com\/product\/gingerbread-christmas-flavors\/"},"modified":"2025-03-14T18:09:37","modified_gmt":"2025-03-14T17:09:37","slug":"mezeskalacs","status":"publish","type":"product","link":"https:\/\/www.specialscentshop.com\/hu\/termek\/mezeskalacs\/","title":{"rendered":"M\u00e9zeskal\u00e1cs"},"content":{"rendered":"<h2><strong>Hat\u00e1s a k\u00f6rnyezetben<\/strong><\/h2>\n<p>A M\u00e9zekal\u00e1cs amit szeret\u2026<\/p>\n<p>A M\u00e9zeskal\u00e1cs illat melegg\u00e9 \u00e9s otthonoss\u00e1 var\u00e1zsolja minden helyis\u00e9g\u00e9t, nem fog csal\u00f3dni az eredm\u00e9nyben, amit ez az illat k\u00edn\u00e1l. Ak\u00e1r otthon, ak\u00e1r egy \u00e9dess\u00e9gboltban, a M\u00e1zeskal\u00e1cs illat vonzza az utc\u00e1n elhalad\u00f3 v\u00e1s\u00e1rl\u00f3kat, akiket arra k\u00e9sztet, hogy bel\u00e9pjenek, \u00e9s ugyanezt az illatot tal\u00e1lj\u00e1k a helyis\u00e9gben. Mindenesetre mindenkit bebor\u00edt, aki a l\u00e9tes\u00edtm\u00e9nye k\u00f6zel\u00e9ben tart\u00f3zkodik. Ha szereti a Kar\u00e1csony b\u00e9k\u00e9s nyugalm\u00e1t, ez a megfelel\u0151 v\u00e1laszt\u00e1s!<\/p>\n<h2><strong>Jellemz\u0151k<\/strong><\/h2>\n<p>Az \u00f6sszes Kar\u00e1csonyi s\u00fctem\u00e9ny k\u00f6z\u00fcl a <a href=\"https:\/\/hu.wikipedia.org\/wiki\/M%C3%A9zeskal%C3%A1cs_(s%C3%BCtem%C3%A9ny)\" target=\"_blank\" rel=\"noopener\">M\u00e9zeskal\u00e1cs<\/a> az, ami legink\u00e1bb kifejezi a Kar\u00e1csony var\u00e1zs\u00e1t.<br \/>\nSpecial Scent szeretn\u00e9 v\u00e1s\u00e1rl\u00f3it az \u00edzeken kereszt\u00fcl is \u201emegfogni\u201d, ez\u00e9rt b\u0151v\u00edtett\u00fck \u00e9lelmiszer illataink palett\u00e1j\u00e1t. A M\u00e9zekal\u00e1cs illatban felfedezheti az eredeti receptben szerepl\u0151 \u00f6sszes \u00f6sszetev\u0151 illat\u00e1t, melyek egy\u00fcttese alkotja ennek a csod\u00e1latos s\u00fctem\u00e9nynek az egyedi illat\u00e1t. T\u00e9len m\u00e9g a tereken fel\u00e1ll\u00edtott, kekszet \u00e1rus\u00edt\u00f3 kioszkok is el\u0151nyt \u00e9lveznek, ha a M\u00e9zeskal\u00e1cs illat\u00e1t haszn\u00e1lj\u00e1k.<\/p>\n<h2><strong>K\u00fcl\u00f6n\u00f6sen alkalmas:<\/strong><\/h2>\n<ul>\n<li>Konyh\u00e1k \u00e9s \u00e9tkez\u0151k<\/li>\n<li>Cukr\u00e1szd\u00e1k \u00e9s fagylaltoz\u00f3k<\/li>\n<li>\u00c9ttermek \u00e9s k\u00e1v\u00e9z\u00f3k<\/li>\n<li>H\u00e1ztart\u00e1si \u00e9s konyhai eszk\u00f6z\u00f6k boltjai<\/li>\n<li>\u00c9lelmiszer- \u00e9s gasztron\u00f3miai v\u00e1s\u00e1rok \u00e9s ki\u00e1ll\u00edt\u00e1sok<\/li>\n<li>Kulin\u00e1ris t\u00e9m\u00e1j\u00fa rendezv\u00e9ny- \u00e9s esk\u00fcv\u0151i termek<\/li>\n<li>\u00c9lelmiszer\u00fczletek \u00e9s szupermarketek desszertr\u00e9szleggel<\/li>\n<li>Kar\u00e1csonyi piacok \u00e9s t\u00e9li v\u00e1s\u00e1rok<\/li>\n<li>Kar\u00e1csonyi t\u00e9m\u00e1j\u00fa rendezv\u00e9ny- \u00e9s esk\u00fcv\u0151i csarnokok<\/li>\n<li>Aj\u00e1nd\u00e9k- \u00e9s \u00fcnnepi boltok<\/li>\n<li>\u00c9ttermek, klubok, \u00fczletek \u00e9s nagy rendezv\u00e9nyhelysz\u00ednek<\/li>\n<\/ul>\n<p><em><strong>tudjon meg t\u00f6bbet: <a href=\"https:\/\/www.specialscentshop.com\/hu\/termek\/vanilia-es-fahej\/\">Van\u00edlia \u00e9s a Fah\u00e9j<\/a><\/strong><\/em><\/p>\n<p><strong><a href=\"https:\/\/www.specialscentshop.com\/hu\/diffuzorok\/\"><em>Elektromos diff\u00fazorok<\/em><\/a><em> sz\u00e9les v\u00e1laszt\u00e9ka \u00e1ll rendelkez\u00e9sre, bele\u00e9rtve a vadonat\u00faj <a href=\"https:\/\/www.specialscentshop.com\/hu\/termek\/nebula-illatosito-spray\/\">Nebula k\u00e9zi spray-t M\u00e9zeskal\u00e1cs illat<\/a>, amely ugyanazzal a porlaszt\u00e1si technik\u00e1val m\u0171k\u00f6dik, mint a diff\u00fazoraink, t\u00f6k\u00e9letes \u00e9s praktikus megold\u00e1s azok sz\u00e1m\u00e1ra, akik szeretn\u00e9k kipr\u00f3b\u00e1lni term\u00e9keinket nagyobb mennyis\u00e9g\u0171 v\u00e1s\u00e1rl\u00e1s el\u0151tt. A Nebula alum\u00edniumb\u00f3l k\u00e9sz\u00fclt, \u00fajrat\u00f6lthet\u0151 \u00e9s k\u00f6rnyezetbar\u00e1t. Az \u00d6n \u00e1ltal v\u00e1lasztott 0,250 g-os illat v\u00e1s\u00e1rl\u00e1sa mell\u00e9 ingyenesen adjuk a Nebula illatszert.<\/em><\/strong><\/p>\n","protected":false},"excerpt":{"rendered":"<h3>M\u00e9zeskal\u00e1cs illat illatjegyei: Sz\u00edvjegyek<\/h3>\n<p>Egy egyedi illattal \u00e9des\u00edtheti be minden helyis\u00e9g\u00e9t az \u00fcnnepeket v\u00e1rva! Ez a s\u00fctem\u00e9ny az eg\u00e9sz vil\u00e1gon h\u00edres, ha m\u00e9g nem k\u00f3stolt\u00e1k, csak aj\u00e1nlani tudjuk, hogy pr\u00f3b\u00e1lj\u00e1k ki! Ha nem \u00e1ll m\u00f3dj\u00e1ban megs\u00fctni, \u00e9s kidekor\u00e1lni a s\u00fctem\u00e9nyeket- ami egy\u00e9bk\u00e9nt nagyszer\u0171 program lehet a legkisebbeknek is-, egy kis &#8220;csal\u00e1ssal&#8221; m\u00e9gis elvar\u00e1zsolhatja szeretteit.<\/p>\n<p>Special Scent szeretn\u00e9 a leg\u00e9desebb Kar\u00e1csonyi hangulattal megaj\u00e1nd\u00e9kozni \u00d6n\u00f6ket, erre val\u00f3 tekintettel b\u0151v\u00edtett\u00fck k\u00edn\u00e1latunkat ezzel a mennyei illattal.<\/p>\n<p>Hogy jobban meg\u00e9rts\u00fck az illat \u00f6sszetev\u0151ket, egy t\u00e1lca frissen kis\u00fclt s\u00fctem\u00e9ny f\u00f6l\u00e9 kellene hajolnunk, \u00e9s bel\u00e9legezn\u00fcnk ezt a mennyei illatot. Egyszerre \u00e9rezni a gy\u00f6mb\u00e9r, a fah\u00e9j, a m\u00e9z illat\u00e1t, amint belengi a teret, egy igaz\u00e1n felemel\u0151 \u00e9rz\u00e9s.<\/p>\n<p><strong>Ide\u00e1lis az <a href=\"https:\/\/www.specialscentshop.com\/hu\/illatmarketing\/\">illatmarketinghez<\/a>, ahol a kar\u00e1csony illata az illatjegyek r\u00e9v\u00e9n r\u00f6gz\u00fcl az eml\u00e9kezetben, \u00e9s az eml\u00e9k az id\u0151ben megmarad.<\/strong><\/p>\n","protected":false},"featured_media":47639,"template":"","meta":{"_acf_changed":false},"product_brand":[],"product_cat":[78,87,510],"product_tag":[668,674,676,678,679,683],"class_list":{"0":"post-33544","1":"product","2":"type-product","3":"status-publish","4":"has-post-thumbnail","6":"product_cat-illatok","7":"product_cat-elelmiszer-illatok","8":"product_cat-karacsony","9":"product_tag-kulso-legterek","10":"product_tag-szallodak-es-panziok","11":"product_tag-uzletek-bevasarlo-kozpontok","12":"product_tag-ettermek-barok-klubok","13":"product_tag-jatek-termek","14":"product_tag-rendezvenyek","16":"first","17":"instock","18":"taxable","19":"shipping-taxable","20":"purchasable","21":"product-type-variable"},"acf":[],"_links":{"self":[{"href":"https:\/\/www.specialscentshop.com\/hu\/wp-json\/wp\/v2\/product\/33544","targetHints":{"allow":["GET"]}}],"collection":[{"href":"https:\/\/www.specialscentshop.com\/hu\/wp-json\/wp\/v2\/product"}],"about":[{"href":"https:\/\/www.specialscentshop.com\/hu\/wp-json\/wp\/v2\/types\/product"}],"wp:featuredmedia":[{"embeddable":true,"href":"https:\/\/www.specialscentshop.com\/hu\/wp-json\/wp\/v2\/media\/47639"}],"wp:attachment":[{"href":"https:\/\/www.specialscentshop.com\/hu\/wp-json\/wp\/v2\/media?parent=33544"}],"wp:term":[{"taxonomy":"product_brand","embeddable":true,"href":"https:\/\/www.specialscentshop.com\/hu\/wp-json\/wp\/v2\/product_brand?post=33544"},{"taxonomy":"product_cat","embeddable":true,"href":"https:\/\/www.specialscentshop.com\/hu\/wp-json\/wp\/v2\/product_cat?post=33544"},{"taxonomy":"product_tag","embeddable":true,"href":"https:\/\/www.specialscentshop.com\/hu\/wp-json\/wp\/v2\/product_tag?post=33544"}],"curies":[{"name":"wp","href":"https:\/\/api.w.org\/{rel}","templated":true}]}}