{"id":33547,"date":"2020-06-18T15:48:42","date_gmt":"2020-06-18T13:48:42","guid":{"rendered":"https:\/\/specialscentshop.com\/product\/panettone-christmas-flavors\/"},"modified":"2024-12-14T21:57:55","modified_gmt":"2024-12-14T20:57:55","slug":"panettone","status":"publish","type":"product","link":"https:\/\/www.specialscentshop.com\/hu\/termek\/panettone\/","title":{"rendered":"Panettone"},"content":{"rendered":"<h2><strong>K\u00f6rnyezetre gyakorolt hat\u00e1sa<\/strong><\/h2>\n<p>A kar\u00e1csonyi id\u0151szakban mindenki arra k\u00e9sz\u00fcl, hogy k\u00fcl\u00f6nlegess\u00e9 tegye k\u00f6rnyezet\u00e9t: <strong><a href=\"https:\/\/www.specialscentshop.com\/hu\/elektromos-illatositok-es-illatok-hotelek-szamara\/\">sz\u00e1llod\u00e1kat<\/a>, panzi\u00f3kat, cukr\u00e1szd\u00e1kat, te\u00e1z\u00f3kat<\/strong> \u00e9s mindazokat a helyeket, ahol az \u00e9v legszebb id\u0151szak\u00e1t t\u00f6ltik bar\u00e1tokkal, rokonokkal, koll\u00e9g\u00e1kkal. A Panettone illat erre az ide\u00e1lis megold\u00e1s.<br \/>\nLehetetlen nem szeretni a kar\u00e1csonyt!<\/p>\n<h2><strong>Jellemz\u0151k<\/strong><\/h2>\n<p>A Panettone a vil\u00e1g egyik legh\u00edresebb kar\u00e1csonyi \u00e9dess\u00e9ge. Olaszorsz\u00e1gban ebben az id\u0151szakban nagyon nagy mennyis\u00e9gben, minden fajt\u00e1ban \u00e9s sokf\u00e9le v\u00e1ltozatban fogyasztj\u00e1k. De ma az \u00fczletvezet\u0151k tudj\u00e1k, milyen fontos, hogy melegs\u00e9ggel \u00e9s profizmussal fogadj\u00e1k vend\u00e9geit. Special Scent t\u00f6r\u0151dik v\u00e1s\u00e1rl\u00f3ival, ez\u00e9rt a t\u00f6bb \u00e9ves tapasztalatunkat kihaszn\u00e1lva k\u00edn\u00e1ljuk a legjobb illatokat, amelyekkel illatos\u00edthatja otthon\u00e1t, sz\u00e1llod\u00e1j\u00e1t, vagy \u00e9tterm\u00e9t. Sohasem volt m\u00e9g ilyen kellemes illata a Kar\u00e1csonynak a Panettone illattal!<\/p>\n<p><strong><a href=\"https:\/\/www.specialscentshop.com\/hu\/diffuzorok\/\"><em>Elektromos diff\u00fazorok<\/em><\/a><em> sz\u00e9les v\u00e1laszt\u00e9ka \u00e1ll rendelkez\u00e9sre, bele\u00e9rtve a vadonat\u00faj <a href=\"https:\/\/www.specialscentshop.com\/hu\/termek\/nebula-illatosito-spray\/\">Nebula k\u00e9zi spray-t<\/a>, amely ugyanazzal a porlaszt\u00e1si technik\u00e1val m\u0171k\u00f6dik, mint a diff\u00fazoraink, t\u00f6k\u00e9letes \u00e9s praktikus megold\u00e1s azok sz\u00e1m\u00e1ra, akik szeretn\u00e9k kipr\u00f3b\u00e1lni term\u00e9keinket nagyobb mennyis\u00e9g\u0171 v\u00e1s\u00e1rl\u00e1s el\u0151tt. A Nebula alum\u00edniumb\u00f3l k\u00e9sz\u00fclt, \u00fajrat\u00f6lthet\u0151 \u00e9s k\u00f6rnyezetbar\u00e1t. Az \u00d6n \u00e1ltal v\u00e1lasztott 0,250 g-os illat v\u00e1s\u00e1rl\u00e1sa mell\u00e9 ingyenesen adjuk a Nebula illatszert.<\/em><\/strong><\/p>\n<h2><strong>K\u00fcl\u00f6n\u00f6sen alkalmas:<\/strong><\/h2>\n<ul>\n<li>Konyh\u00e1k \u00e9s \u00e9tkez\u0151k<\/li>\n<li>Cukr\u00e1szd\u00e1k \u00e9s fagylaltoz\u00f3k<\/li>\n<li>\u00c9ttermek \u00e9s k\u00e1v\u00e9z\u00f3k<\/li>\n<li>H\u00e1ztart\u00e1si \u00e9s konyhai eszk\u00f6z\u00f6k boltjai<\/li>\n<li>\u00c9lelmiszer- \u00e9s gasztron\u00f3miai v\u00e1s\u00e1rok \u00e9s ki\u00e1ll\u00edt\u00e1sok<\/li>\n<li>Kulin\u00e1ris t\u00e9m\u00e1j\u00fa rendezv\u00e9ny- \u00e9s esk\u00fcv\u0151i termek<\/li>\n<li>\u00c9lelmiszer\u00fczletek \u00e9s szupermarketek desszertr\u00e9szleggel<\/li>\n<li>Kar\u00e1csonyi piacok \u00e9s t\u00e9li v\u00e1s\u00e1rok<\/li>\n<li>Kar\u00e1csonyi t\u00e9m\u00e1j\u00fa rendezv\u00e9nycsarnokok<\/li>\n<li>Aj\u00e1nd\u00e9k- \u00e9s \u00fcnnepi boltok<\/li>\n<li>\u00c9ttermek, klubok, \u00fczletek \u00e9s nagy rendezv\u00e9nyhelysz\u00ednek<\/li>\n<\/ul>\n<p><em><strong>tudjon meg t\u00f6bbet: <a href=\"https:\/\/www.specialscentshop.com\/hu\/termek\/mezeskalacs\/\">M\u00e9zeskal\u00e1cs<\/a><\/strong><\/em><\/p>\n","protected":false},"excerpt":{"rendered":"<h3>Panettone illat illatjegyei:<\/h3>\n<p>A pillek\u00f6nny\u0171 t\u00e9szta mazsol\u00e1t, kand\u00edrozott narancsot, citromot rejt, ez a klasszikus Panettone s\u00fctem\u00e9ny. Nemcsak finom, hanem sz\u00e9p is, de m\u00e1ra m\u00e1r sok v\u00e1ltozata ismert. Van csokol\u00e1d\u00e9s, lik\u0151r\u00f6s, mogyor\u00f3kr\u00e9mes, kinek mi a kedvence&#8230;.. De nem kell t\u00f6rni\u00fck a fej\u00fcket az elk\u00e9sz\u00edt\u00e9s\u00e9n (hossz\u00fa, \u00e9s bonyolult folyamat), hisz Specialscent seg\u00edts\u00e9g\u00e9vel az illat\u00e1nak \u00e9lm\u00e9ny\u00e9vel megaj\u00e1nd\u00e9kozhatja csal\u00e1dj\u00e1t \u00d6n is.<\/p>\n<p>A <strong>Panettone<\/strong> illatunk \u00e9des illatot var\u00e1zsol majd otthon\u00e1ba! A citrusos, van\u00edli\u00e1s illat biztosan meghozza mindenki \u00e9tv\u00e1gy\u00e1t, \u00e9s nyugodt, csal\u00e1dias, \u00fcnnepi l\u00e9gk\u00f6rt teremt majd.<\/p>\n<p>M\u00e9g kar\u00e1csonykor is haszn\u00e1lja ki az <a href=\"https:\/\/www.specialscentshop.com\/hu\/illatmarketing\/\">illatmarketing<\/a> el\u0151nyeit. Meg fog lep\u0151dni, hogy ez hogyan n\u00f6veli a v\u00e1s\u00e1rl\u00f3i b\u00e1zis\u00e1t.<\/p>\n<p>&nbsp;<\/p>\n","protected":false},"featured_media":47732,"template":"","meta":{"_acf_changed":false},"product_brand":[],"product_cat":[78,87,510],"product_tag":[668,670,674,676,678,683],"class_list":{"0":"post-33547","1":"product","2":"type-product","3":"status-publish","4":"has-post-thumbnail","6":"product_cat-illatok","7":"product_cat-elelmiszer-illatok","8":"product_cat-karacsony","9":"product_tag-kulso-legterek","10":"product_tag-hazak","11":"product_tag-szallodak-es-panziok","12":"product_tag-uzletek-bevasarlo-kozpontok","13":"product_tag-ettermek-barok-klubok","14":"product_tag-rendezvenyek","16":"first","17":"instock","18":"taxable","19":"shipping-taxable","20":"purchasable","21":"product-type-variable"},"acf":[],"_links":{"self":[{"href":"https:\/\/www.specialscentshop.com\/hu\/wp-json\/wp\/v2\/product\/33547","targetHints":{"allow":["GET"]}}],"collection":[{"href":"https:\/\/www.specialscentshop.com\/hu\/wp-json\/wp\/v2\/product"}],"about":[{"href":"https:\/\/www.specialscentshop.com\/hu\/wp-json\/wp\/v2\/types\/product"}],"wp:featuredmedia":[{"embeddable":true,"href":"https:\/\/www.specialscentshop.com\/hu\/wp-json\/wp\/v2\/media\/47732"}],"wp:attachment":[{"href":"https:\/\/www.specialscentshop.com\/hu\/wp-json\/wp\/v2\/media?parent=33547"}],"wp:term":[{"taxonomy":"product_brand","embeddable":true,"href":"https:\/\/www.specialscentshop.com\/hu\/wp-json\/wp\/v2\/product_brand?post=33547"},{"taxonomy":"product_cat","embeddable":true,"href":"https:\/\/www.specialscentshop.com\/hu\/wp-json\/wp\/v2\/product_cat?post=33547"},{"taxonomy":"product_tag","embeddable":true,"href":"https:\/\/www.specialscentshop.com\/hu\/wp-json\/wp\/v2\/product_tag?post=33547"}],"curies":[{"name":"wp","href":"https:\/\/api.w.org\/{rel}","templated":true}]}}