{"id":33611,"date":"2020-09-29T00:02:00","date_gmt":"2020-09-28T22:02:00","guid":{"rendered":"https:\/\/specialscentshop.com\/product\/s100-electric-room-perfumer\/"},"modified":"2025-05-20T08:44:07","modified_gmt":"2025-05-20T06:44:07","slug":"automata-legfrissito-scent-100","status":"publish","type":"product","link":"https:\/\/www.specialscentshop.com\/hu\/termek\/automata-legfrissito-scent-100\/","title":{"rendered":"Illatos\u00edt\u00f3 S100"},"content":{"rendered":"<section class=\"av_textblock_section \">\n<div class=\"avia_textblock \">\n<h2><strong>Hol \u00e9s hogyan haszn\u00e1ljuk az Automata l\u00e9gfriss\u00edt\u0151 Scent 100?<\/strong><\/h2>\n<ul>\n<li>Ez az <strong>otthoni illatos\u00edt\u00f3 <\/strong>Scent 100 aj\u00e1nlott a kellemetlen szag\u00fa helyis\u00e9gek illatos\u00edt\u00e1s\u00e1ra.<\/li>\n<li>Egy g\u00e9les kapszul\u00e1val \u00e9s egy G\u00f3li\u00e1t elemmel ak\u00e1r 5-6 h\u00e9tig illatos\u00edthatja helyis\u00e9g\u00e9t.<\/li>\n<li>\u00d6lt\u00f6z\u0151kbe, f\u00fcrd\u0151szob\u00e1kba, mosd\u00f3kba, folyos\u00f3kba, lak\u00e1sokba \u00e9s kis \u00fczletekbe aj\u00e1nljuk.<\/li>\n<li>Az S100 k\u00f6nnyen telep\u00edthet\u0151, A be\u00e9p\u00edtett ventil\u00e1tora maxim\u00e1lis teljes\u00edtm\u00e9nyt \u00e9s homog\u00e9n, folyamatos illatos\u00edt\u00e1st biztos\u00edt.<\/li>\n<li>Akkumul\u00e1torokkal m\u0171k\u00f6dik, amelyek napi 24 \u00f3r\u00e1s haszn\u00e1lat\u00e1nak id\u0151tartama 60 nap.<\/li>\n<\/ul>\n<\/div>\n<\/section>\n<ul>\n<li>H\u00e1ny k\u00f6bm\u00e9terre alkalmas az S100? ak\u00e1r 80 m3<\/li>\n<li>Hogyan kell telep\u00edteni?\u00a0 Polcra \u00e1ll\u00edtva vagy falra felszerelve a megfelel\u0151 csavarral vagy ragaszt\u00f3val.<\/li>\n<li>Lehet beprogramozni az illat intenzit\u00e1s\u00e1t?\u00a0 Nem, az S 100-val csak a g\u00e9p m\u0171k\u00f6d\u00e9si \u00e9s sz\u00fcneteltet\u00e9si id\u0151t lehet \u00e1ll\u00edtani de nem az illat intenzit\u00e1s\u00e1t, mert a bels\u0151 ventil\u00e1tora ugyan azzal a sebess\u00e9ggel forog.<\/li>\n<li>Sz\u00fcks\u00e9ges az \u00e1ramhoz \u00f6sszek\u00f6ttet\u00e9se? Nem, a g\u00e9p elemmel m\u0171k\u00f6dik.<\/li>\n<li>Meddig tart az elem \/ az illat? Az S 100 nagyon alacsony fogyaszt\u00e1s\u00fa g\u00e9p, napi 24 \u00f3r\u00e1s haszn\u00e1lat eset\u00e9n 60 napig m\u0171k\u00f6dik. Az illat pedig t\u00f6bb mint egy h\u00f3napig tart ugyan azzal az intenzit\u00e1ssal.<\/li>\n<li>Milyen helyis\u00e9gekre alkalmas? Minden kis m\u00e9ret\u0171 helyis\u00e9gre, de a mosd\u00f3k illatos\u00edt\u00e1s\u00e1ra kifejezetten aj\u00e1nlott.<\/li>\n<li>Milyen illatokat lehet haszn\u00e1lni az S 100-val?\u00a0 <span style=\"color: #ff0000;\"><strong>FIGYELEM!<\/strong><\/span> a Scent 100 modellekkel csak <a href=\"https:\/\/www.specialscentshop.com\/hu\/legfrissitok-gel\/\"><strong>G\u00c9L illatokat<\/strong><\/a> lehet haszn\u00e1lni.<\/li>\n<\/ul>\n<section class=\"av_textblock_section \">\n<div class=\"avia_textblock \">\n<h2><b>Automata l\u00e9gfriss\u00edt\u0151 Scent 100 technikai jellemz\u0151k<\/b><\/h2>\n<ul>\n<li>M\u00e9rete 185 mm x 85 mm x 85 mm<\/li>\n<li>K\u00e9toldalas ragaszt\u00f3val \u00e9s fischerrel felszerelt k\u00e9szlettel<\/li>\n<li>Maxim\u00e1lis illatos\u00edthat\u00f3 helyis\u00e9g: 50 m3<\/li>\n<li>Csak G\u00c9L illatanyaggal t\u00f6lthet\u0151 fel<\/li>\n<li>Napi \/ heti programozhat\u00f3 id\u0151z\u00edt\u0151<\/li>\n<li>2 db 1,5 V-os elem, az \u00fagynevezett zsebl\u00e1mpa haszn\u00e1lata sz\u00fcks\u00e9ges.<\/li>\n<li>A csomagol\u00e1s tartalmaz: 1db Scent 100, 1db kulcs, csavar, tipli, ragaszt\u00f3.<\/li>\n<\/ul>\n<\/div>\n<\/section>\n<div>\n<div dir=\"ltr\" data-smartmail=\"gmail_signature\"><em><strong>tudjon meg t\u00f6bbet: <a href=\"https:\/\/www.specialscentshop.com\/hu\/termek\/elektromos-autoillatosito-s60\/\">Elektromos aut\u00f3illatos\u00edt\u00f3 S60<\/a><\/strong><\/em><\/div>\n<\/div>\n","protected":false},"excerpt":{"rendered":"<section class=\"av_textblock_section \">\n<div class=\"avia_textblock \"><\/div>\n<\/section>\n<p>Az \u00faj S100-as <strong>automata l\u00e9gfriss\u00edt\u0151 <\/strong>k\u00f6nnyed\u00e9n felszerelhet\u0151. Az id\u0151z\u00edt\u0151 seg\u00edts\u00e9g\u00e9vel beprogramozhatj\u00e1k a k\u00e9sz\u00fcl\u00e9k be- \u00e9s kikapcsol\u00e1s\u00e1nak id\u0151pontj\u00e1t, \u00e9s a h\u00e9t napjaira lebontva m\u0171k\u00f6d\u00e9s\u00e9nek \u00e9s sz\u00fcnetel\u00e9s\u00e9nek intervallumait.<\/p>\n<p><span style=\"color: #ff0000;\">FIGYELEM: Automata l\u00e9gfriss\u00edt\u0151 S 100 csak g\u00e9l oldat esszenci\u00e1val m\u0171k\u00f6dik!<\/span><\/p>\n<p>A g\u00e9l illatokat <a href=\"https:\/\/www.specialscentshop.com\/hu\/termekkategoria\/gel-hu-2\/\">ezen<\/a> a linket tekintheti meg!<\/p>\n<p>&nbsp;<\/p>\n","protected":false},"featured_media":35053,"template":"","meta":{"_acf_changed":false},"product_brand":[],"product_cat":[84],"product_tag":[670,671,674,677,681],"class_list":{"0":"post-33611","1":"product","2":"type-product","3":"status-publish","4":"has-post-thumbnail","6":"product_cat-illatositok","7":"product_tag-hazak","8":"product_tag-tarsashazak","9":"product_tag-szallodak-es-panziok","10":"product_tag-edzotermek","11":"product_tag-iroda","13":"first","14":"instock","15":"taxable","16":"shipping-taxable","17":"purchasable","18":"product-type-variable","19":"has-default-attributes"},"acf":[],"_links":{"self":[{"href":"https:\/\/www.specialscentshop.com\/hu\/wp-json\/wp\/v2\/product\/33611","targetHints":{"allow":["GET"]}}],"collection":[{"href":"https:\/\/www.specialscentshop.com\/hu\/wp-json\/wp\/v2\/product"}],"about":[{"href":"https:\/\/www.specialscentshop.com\/hu\/wp-json\/wp\/v2\/types\/product"}],"wp:featuredmedia":[{"embeddable":true,"href":"https:\/\/www.specialscentshop.com\/hu\/wp-json\/wp\/v2\/media\/35053"}],"wp:attachment":[{"href":"https:\/\/www.specialscentshop.com\/hu\/wp-json\/wp\/v2\/media?parent=33611"}],"wp:term":[{"taxonomy":"product_brand","embeddable":true,"href":"https:\/\/www.specialscentshop.com\/hu\/wp-json\/wp\/v2\/product_brand?post=33611"},{"taxonomy":"product_cat","embeddable":true,"href":"https:\/\/www.specialscentshop.com\/hu\/wp-json\/wp\/v2\/product_cat?post=33611"},{"taxonomy":"product_tag","embeddable":true,"href":"https:\/\/www.specialscentshop.com\/hu\/wp-json\/wp\/v2\/product_tag?post=33611"}],"curies":[{"name":"wp","href":"https:\/\/api.w.org\/{rel}","templated":true}]}}