{"id":33752,"date":"2020-06-11T13:56:47","date_gmt":"2020-06-11T11:56:47","guid":{"rendered":"https:\/\/specialscentshop.com\/product\/ginger-ambient-scent\/"},"modified":"2025-02-16T16:31:03","modified_gmt":"2025-02-16T15:31:03","slug":"gyomber-szoba-illata","status":"publish","type":"product","link":"https:\/\/www.specialscentshop.com\/hu\/termek\/gyomber-szoba-illata\/","title":{"rendered":"Gy\u00f6mb\u00e9r"},"content":{"rendered":"<h2><strong>K\u00f6rnyezetre gyakorolt hat\u00e1sa<\/strong><\/h2>\n<p>Egzotikus illat\u00e1nak k\u00f6sz\u00f6nhet\u0151en a Gy\u00f6mb\u00e9r illat k\u00fcl\u00f6nleges hat\u00e1ssal van a k\u00f6rnyezetre, egyediv\u00e9 t\u00e9ve azt. Az illata er\u0151s, de nem zavar\u00f3, egyenletesen ter\u00fcl el.<br \/>\nEgy ilyen illat nagyon hasznos lehet p\u00e9ld\u00e1ul egy \u00e9tteremben a konyha szagait elfed\u00e9s\u00e9re, \u00e9s egy\u00fattal minden tulajdons\u00e1g\u00e1nak kihaszn\u00e1l\u00e1s\u00e1ra. Egyre t\u00f6bb helyis\u00e9g v\u00e1lasztja ezt az illatot sokoldal\u00fas\u00e1ga miatt.<br \/>\nNe hagyja ki a lehet\u0151s\u00e9get, hogy fel\u00faj\u00edtsa a l\u00e9gter\u00e9t, extra hat\u00e1st adhat a hely\u00e9nek, \u00e9s megbecs\u00fclik majd \u00fcgyfelei<\/p>\n<h2><strong>Jellemz\u0151k<\/strong><\/h2>\n<p>Fejjegyeinek k\u00f6sz\u00f6nhet\u0151en er\u0151s \u00e9s hat\u00e1rozott illat. Az er\u0151s arom\u00e1k kedvel\u0151i biztosan szeretni fogj\u00e1k ezt az esszenci\u00e1t, amely ugyanakkor finom jegyekkel rendelkezik.<br \/>\nHozzon l\u00e9tre egy \u00faj szagl\u00e1si \u00e9lm\u00e9nyt!<br \/>\nA Gy\u00f6mb\u00e9r illat a sz\u00f6vets\u00e9gese lesz, nemcsak a kev\u00e9sb\u00e9 kellemes szagok elfed\u00e9s\u00e9re, hanem arra is, hogy k\u00f6rnyezet\u00e9t \u00e9s l\u00e9gter\u00e9t egy nem mindennapi esszenci\u00e1val illatos\u00edtsa.<br \/>\nNe feledje azt is, hogy az illatos k\u00f6rnyezet fenntart\u00e1sa kellemes az \u00e9tterm\u00e9be l\u00e1togat\u00f3 \u00fcgyfelek, de a szem\u00e9lyzet sz\u00e1m\u00e1ra is, az elemek harm\u00f3ni\u00e1ja, amely meglep\u0151 eredm\u00e9nyekhez vezet.<\/p>\n<p><strong><a href=\"https:\/\/www.specialscentshop.com\/hu\/diffuzorok\/\"><em>Elektromos diff\u00fazorok<\/em><\/a><em> sz\u00e9les v\u00e1laszt\u00e9ka \u00e1ll rendelkez\u00e9sre, bele\u00e9rtve a vadonat\u00faj <a href=\"https:\/\/www.specialscentshop.com\/hu\/termek\/nebula-illatosito-spray\/\">Nebula k\u00e9zi spray-t<\/a>, amely ugyanazzal a porlaszt\u00e1si technik\u00e1val m\u0171k\u00f6dik, mint a diff\u00fazoraink, t\u00f6k\u00e9letes \u00e9s praktikus megold\u00e1s azok sz\u00e1m\u00e1ra, akik szeretn\u00e9k kipr\u00f3b\u00e1lni term\u00e9keinket nagyobb mennyis\u00e9g\u0171 v\u00e1s\u00e1rl\u00e1s el\u0151tt. A Nebula alum\u00edniumb\u00f3l k\u00e9sz\u00fclt, \u00fajrat\u00f6lthet\u0151 \u00e9s k\u00f6rnyezetbar\u00e1t. Az \u00d6n \u00e1ltal v\u00e1lasztott 0,250 g-os illat v\u00e1s\u00e1rl\u00e1sa mell\u00e9 ingyenesen adjuk a Nebula illatszert.<\/em><\/strong><\/p>\n<h2><strong>K\u00fcl\u00f6n\u00f6sen alkalmas<\/strong><\/h2>\n<ul>\n<li>Konyh\u00e1k<\/li>\n<li>F\u00fcrd\u0151szob\u00e1k<\/li>\n<li>H\u00e1l\u00f3szob\u00e1k<\/li>\n<li>Edz\u0151termek<\/li>\n<li>Modern berendez\u00e9s\u0171 nappalik<\/li>\n<li>Eleg\u00e1ns hangulat\u00fa \u00e9tkez\u0151szob\u00e1k<\/li>\n<li>Kerti t\u00e1rsalg\u00f3k vagy szabadt\u00e9ri teraszok<\/li>\n<li>Irod\u00e1k vagy t\u00e1rgyal\u00f3k h\u0171v\u00f6s, pihentet\u0151 l\u00e9gk\u00f6rrel<\/li>\n<li>Pihen\u0151- vagy olvas\u00f3szob\u00e1k<\/li>\n<li>J\u00f3ga- vagy medit\u00e1ci\u00f3s szob\u00e1k<\/li>\n<li>Parkok vagy term\u00e9szetes kertek<\/li>\n<\/ul>\n<p>A gy\u00f6mb\u00e9r friss \u00e9s f\u0171szeres arom\u00e1ja seg\u00edthet h\u0171v\u00f6s \u00e9s friss\u00edt\u0151 l\u00e9gk\u00f6rt teremteni, jav\u00edtva a koncentr\u00e1ci\u00f3t \u00e9s a termel\u00e9kenys\u00e9get. Vegye figyelembe, hogy ezek csak javaslatok, \u00e9s az illat megfelel\u0151s\u00e9ge nagyban f\u00fcgg az egy\u00e9n szem\u00e9lyes preferenci\u00e1it\u00f3l.<\/p>\n<p><em><strong>tudjon meg t\u00f6bbet: <a href=\"https:\/\/www.specialscentshop.com\/hu\/termek\/illat-citromos-kornyezet\/\">Citrom Illat<\/a><\/strong><\/em><\/p>\n","protected":false},"excerpt":{"rendered":"<h3>Gy\u00f6mb\u00e9r illat illatjegyei: fejjegyek<\/h3>\n<p>A n\u00f6v\u00e9ny gy\u00f6ker\u00e9b\u0151l kivonva a citromh\u00e9jhoz hasonl\u00f3, de egzotikusabb illat\u00fa.<br \/>\nIllatjegyei ez\u00e9rt cs\u00edp\u0151sebbek, mint a citrom\u00e9, ugyanakkor arom\u00e1sabbak \u00e9s hat\u00e1rozottabbak is.<\/p>\n","protected":false},"featured_media":48497,"template":"","meta":{"_acf_changed":false},"product_brand":[],"product_cat":[78],"product_tag":[671,674,675,678,679,668,670],"class_list":{"0":"post-33752","1":"product","2":"type-product","3":"status-publish","4":"has-post-thumbnail","6":"product_cat-illatok","7":"product_tag-tarsashazak","8":"product_tag-szallodak-es-panziok","9":"product_tag-eskuvok","10":"product_tag-ettermek-barok-klubok","11":"product_tag-jatek-termek","12":"product_tag-kulso-legterek","13":"product_tag-hazak","15":"first","16":"instock","17":"taxable","18":"shipping-taxable","19":"purchasable","20":"product-type-variable"},"acf":[],"_links":{"self":[{"href":"https:\/\/www.specialscentshop.com\/hu\/wp-json\/wp\/v2\/product\/33752","targetHints":{"allow":["GET"]}}],"collection":[{"href":"https:\/\/www.specialscentshop.com\/hu\/wp-json\/wp\/v2\/product"}],"about":[{"href":"https:\/\/www.specialscentshop.com\/hu\/wp-json\/wp\/v2\/types\/product"}],"wp:featuredmedia":[{"embeddable":true,"href":"https:\/\/www.specialscentshop.com\/hu\/wp-json\/wp\/v2\/media\/48497"}],"wp:attachment":[{"href":"https:\/\/www.specialscentshop.com\/hu\/wp-json\/wp\/v2\/media?parent=33752"}],"wp:term":[{"taxonomy":"product_brand","embeddable":true,"href":"https:\/\/www.specialscentshop.com\/hu\/wp-json\/wp\/v2\/product_brand?post=33752"},{"taxonomy":"product_cat","embeddable":true,"href":"https:\/\/www.specialscentshop.com\/hu\/wp-json\/wp\/v2\/product_cat?post=33752"},{"taxonomy":"product_tag","embeddable":true,"href":"https:\/\/www.specialscentshop.com\/hu\/wp-json\/wp\/v2\/product_tag?post=33752"}],"curies":[{"name":"wp","href":"https:\/\/api.w.org\/{rel}","templated":true}]}}