{"id":33819,"date":"2020-06-09T15:14:54","date_gmt":"2020-06-09T13:14:54","guid":{"rendered":"https:\/\/specialscentshop.com\/product\/sea-flowers-ambient-scent\/"},"modified":"2025-03-02T22:26:29","modified_gmt":"2025-03-02T21:26:29","slug":"hawaii-rozsa","status":"publish","type":"product","link":"https:\/\/www.specialscentshop.com\/hu\/termek\/hawaii-rozsa\/","title":{"rendered":"Hawaii r\u00f3zsa"},"content":{"rendered":"<div class=\"av-special-heading av-special-heading-h3 custom-color-heading blockquote modern-quote avia-builder-el-27 el_before_av_textblock avia-builder-el-first av-inherit-size \">\n<h2><strong>K\u00f6rnyezetre gyakorolt hat\u00e1sa<\/strong><\/h2>\n<p>A Special Scent gondoskodik v\u00e1s\u00e1rl\u00f3ir\u00f3l, \u00e9s odafigyel az ig\u00e9nyeikre, ez\u00e9rt alkotott meg egy olyan illatot, amely finom \u00e9s bar\u00e1ts\u00e1gos illatot \u00e1raszt a szob\u00e1kban.<br \/>\nA Hawaii R\u00f3zsa illatnak a pazar \u00e9s eleg\u00e1ns <a href=\"https:\/\/essentialheal.hu\/felso-kozepso-es-alap-illatjegyek-atfogo-lista\/\" target=\"_blank\" rel=\"noopener\">jegyeit<\/a> aj\u00e1nljuk <strong>ruha\u00fczletekbe, professzion\u00e1lis st\u00fadi\u00f3kba, v\u00e1s\u00e1ri standokba \u00e9s csarnokokba, <a href=\"https:\/\/www.specialscentshop.com\/hu\/legter-illatok-kulonleges-alkalmakra\/\">rendezv\u00e9nyekre<\/a><\/strong>, de minimalista lak\u00e1sokba is, ahol kiemelten fontos a n\u00e9ma nyugalom pillanatainak elt\u00f6lt\u00e9se.<br \/>\nHagyja mag\u00e1t elragadni a Hawaii R\u00f3zsa illat\u00e1t\u00f3l a lag\u00fan\u00e1k k\u00f6nnyed \u00e9s nyugodt viz\u00e9ben, ahol csak a csend \u00e9s a b\u00e9ke uralkodik.<\/p>\n<h2><strong>Jellemz\u0151k<\/strong><\/h2>\n<p>A Hawaii R\u00f3zsa a tengerim\u00e1d\u00f3knak az illata!<br \/>\nEgy illat, amely mag\u00e1ba foglalja a partok v\u00e9gtelens\u00e9g\u00e9t, csillog\u00f3 sz\u00edneit \u00e9s egzotikus illatait.<br \/>\nHozzon l\u00e9tre eml\u00e9keket vend\u00e9gei szagl\u00f3mem\u00f3ri\u00e1j\u00e1ban.<br \/>\nA tengeri vir\u00e1gok vagy hawaii r\u00f3zs\u00e1knak tarka sz\u00ednei egyediv\u00e9 teszik ezt az illatot, \u00e9s b\u00fcszk\u00e9k vagyunk r\u00e1, hogy az egyik legn\u00e9pszer\u0171bb illatunkat ennek a csod\u00e1latos vir\u00e1gnak szentelt\u00fck.<\/p>\n<p><strong><a href=\"https:\/\/www.specialscentshop.com\/hu\/diffuzorok\/\"><em>Elektromos diff\u00fazorok<\/em><\/a><em> sz\u00e9les v\u00e1laszt\u00e9ka \u00e1ll rendelkez\u00e9sre, bele\u00e9rtve a vadonat\u00faj <a href=\"https:\/\/www.specialscentshop.com\/prodotto\/nebula-250gr\/\">Nebula k\u00e9zi spray-t<\/a>, amely ugyanazzal a porlaszt\u00e1si technik\u00e1val m\u0171k\u00f6dik, mint a diff\u00fazoraink, t\u00f6k\u00e9letes \u00e9s praktikus megold\u00e1s azok sz\u00e1m\u00e1ra, akik szeretn\u00e9k kipr\u00f3b\u00e1lni term\u00e9keinket nagyobb mennyis\u00e9g\u0171 v\u00e1s\u00e1rl\u00e1s el\u0151tt. A Nebula alum\u00edniumb\u00f3l k\u00e9sz\u00fclt, \u00fajrat\u00f6lthet\u0151 \u00e9s k\u00f6rnyezetbar\u00e1t. Az \u00d6n \u00e1ltal v\u00e1lasztott 0,250 g-os illat v\u00e1s\u00e1rl\u00e1sa mell\u00e9 ingyenesen adjuk a Nebula illatszert.<\/em><\/strong><\/p>\n<h2><strong>K\u00fcl\u00f6n\u00f6sen alkalmas:<\/strong><\/h2>\n<p>\u00cdme egy lista azokr\u00f3l a helyis\u00e9gekr\u0151l, ahol a Hawaii R\u00f3zsa illat j\u00f3l alkalmazhat\u00f3<\/p>\n<ul>\n<li>F\u00fcrd\u0151szoba<\/li>\n<li>H\u00e1l\u00f3szoba<\/li>\n<li>Nappali<\/li>\n<li>Iroda<\/li>\n<li>Spa \u00e9s gy\u00f3gyf\u00fcrd\u0151k<\/li>\n<li>J\u00f3ga vagy medit\u00e1ci\u00f3s helyis\u00e9gek<\/li>\n<li>Sz\u00e9ps\u00e9g\u00e1pol\u00e1sra szolg\u00e1l\u00f3 helyis\u00e9gek<\/li>\n<li>Massz\u00e1zsszob\u00e1k<\/li>\n<li>Strandok, szaun\u00e1k, Wellnessk\u00f6zpontok<\/li>\n<li>Tengeri st\u00edlus\u00fa vagy tematik\u00e1j\u00fa rendezv\u00e9nytermek<\/li>\n<li>\u00c9ttermek, klubok, \u00fczletek \u00e9s nagytermek<\/li>\n<\/ul>\n<p><em><strong>tudjon meg t\u00f6bbet: <a href=\"https:\/\/www.specialscentshop.com\/hu\/termek\/ambient-fragrance-feher-pezsma\/\">Feh\u00e9r P\u00e9zsma<\/a><\/strong><\/em><\/p>\n<\/div>\n","protected":false},"excerpt":{"rendered":"<h3>Hawaii R\u00f3zsa illat illatjegyei: fejjegyek<\/h3>\n<p>A Hawaii R\u00f3zsa illat illatjegyeit az a k\u00f6nnyeds\u00e9g \u00e9s finoms\u00e1g jellemzi, amellyel a leveg\u0151ben terjednek.<br \/>\nAz illatpiramis tetej\u00e9n vagyunk, ami azt jelenti, hogy a fejjegyek, azaz az els\u0151k\u00e9nt \u00e9rz\u00e9keltek, finomak \u00e9s eleg\u00e1nsak.<\/p>\n","protected":false},"featured_media":48642,"template":"","meta":{"_acf_changed":false},"product_brand":[],"product_cat":[78],"product_tag":[671,674,675,676,679,680,681,682,683,668,670],"class_list":{"0":"post-33819","1":"product","2":"type-product","3":"status-publish","4":"has-post-thumbnail","6":"product_cat-illatok","7":"product_tag-tarsashazak","8":"product_tag-szallodak-es-panziok","9":"product_tag-eskuvok","10":"product_tag-uzletek-bevasarlo-kozpontok","11":"product_tag-jatek-termek","12":"product_tag-orvosi-rendelok-klinikak","13":"product_tag-iroda","14":"product_tag-orvosi-rendelok-klinikak-hu","15":"product_tag-rendezvenyek","16":"product_tag-kulso-legterek","17":"product_tag-hazak","19":"first","20":"instock","21":"taxable","22":"shipping-taxable","23":"purchasable","24":"product-type-variable"},"acf":[],"_links":{"self":[{"href":"https:\/\/www.specialscentshop.com\/hu\/wp-json\/wp\/v2\/product\/33819","targetHints":{"allow":["GET"]}}],"collection":[{"href":"https:\/\/www.specialscentshop.com\/hu\/wp-json\/wp\/v2\/product"}],"about":[{"href":"https:\/\/www.specialscentshop.com\/hu\/wp-json\/wp\/v2\/types\/product"}],"wp:featuredmedia":[{"embeddable":true,"href":"https:\/\/www.specialscentshop.com\/hu\/wp-json\/wp\/v2\/media\/48642"}],"wp:attachment":[{"href":"https:\/\/www.specialscentshop.com\/hu\/wp-json\/wp\/v2\/media?parent=33819"}],"wp:term":[{"taxonomy":"product_brand","embeddable":true,"href":"https:\/\/www.specialscentshop.com\/hu\/wp-json\/wp\/v2\/product_brand?post=33819"},{"taxonomy":"product_cat","embeddable":true,"href":"https:\/\/www.specialscentshop.com\/hu\/wp-json\/wp\/v2\/product_cat?post=33819"},{"taxonomy":"product_tag","embeddable":true,"href":"https:\/\/www.specialscentshop.com\/hu\/wp-json\/wp\/v2\/product_tag?post=33819"}],"curies":[{"name":"wp","href":"https:\/\/api.w.org\/{rel}","templated":true}]}}