{"id":33825,"date":"2020-06-09T14:55:28","date_gmt":"2020-06-09T12:55:28","guid":{"rendered":"https:\/\/specialscentshop.com\/product\/green-apple-ambient-scent\/"},"modified":"2024-10-03T10:08:41","modified_gmt":"2024-10-03T08:08:41","slug":"illatosito-gel-zoldalma","status":"publish","type":"product","link":"https:\/\/www.specialscentshop.com\/hu\/termek\/illatosito-gel-zoldalma\/","title":{"rendered":"Z\u00f6ldalma illatos\u00edt\u00f3 g\u00e9l"},"content":{"rendered":"<div class=\"av-special-heading av-special-heading-h3 custom-color-heading blockquote modern-quote avia-builder-el-23 el_before_av_textblock avia-builder-el-first av-inherit-size \">\n<h2><strong>K\u00f6rnyezetre gyakorolt hat\u00e1sa<\/strong><\/h2>\n<p>A Z\u00f6ldalma illatos\u00edt\u00f3 g\u00e9l alkalmas az eg\u00e9sz szem\u00e9lyzet motiv\u00e1l\u00e1s\u00e1ra \u00e9s kellemes illat\u00e1nak k\u00f6sz\u00f6nhet\u0151en a v\u00e1s\u00e1rl\u00f3k megtart\u00e1s\u00e1nak n\u00f6vel\u00e9s\u00e9re.<br \/>\nAz <strong>illat<\/strong> frissess\u00e9ge azonnal \u00e9szrevehet\u0151, \u00e9s h\u00e1tt\u00e9rzene \u00e9s meleg sz\u00ednek k\u00eds\u00e9ret\u00e9ben t\u00f6k\u00e9letes hangulatot tud alkotni vend\u00e9gei sz\u00e1m\u00e1ra.<br \/>\nA tavasz \u00e9s a ny\u00e1r, de az \u0151sz is a kedvenc h\u00f3napjai ennek az illatnak, amely k\u00f6nnyen alkalmazkodik b\u00e1rmilyen k\u00f6rnyezethez, mint p\u00e9ld\u00e1ul: <strong>\u00dczletek, b\u00e1rok, kioszkok, ki\u00e1ll\u00edt\u00e1si standok<\/strong> \u00e9s <strong>kereskedelmi k\u00f6rnyezetek<\/strong>.<\/p>\n<h2><strong>Jellemz\u0151k<\/strong><\/h2>\n<p>A Z\u00f6ldalma illatos\u00edt\u00f3 g\u00e9l nagyon r\u00f6vid id\u0151 alatt k\u00e9pes illatos\u00edtani a k\u00f6rnyezet\u00e9t illatos jegyeivel! Teremtsen csod\u00e1latos l\u00e9gk\u00f6rt, amelyet minden \u00fcgyfele \u00e9s munkat\u00e1rsa \u00e9rt\u00e9kelni fog. Ennek az illatnak k\u00f6sz\u00f6nhet\u0151en sz\u00e1mos el\u0151nnyel rendelkezhet, \u00e9s innovat\u00edv m\u00f3don illatos\u00edthatja k\u00f6rnyezet\u00e9t.<br \/>\nHozzon l\u00e9tre eml\u00e9ket vend\u00e9gei szagl\u00f3mem\u00f3ri\u00e1j\u00e1ban egy \u00faj illatos \u00e9lm\u00e9nnyel!<\/p>\n<p>A Z\u00f6ldalma illatos\u00edt\u00f3 g\u00e9l nem csak egy illat, hanem egy m\u00f3dja annak, hogy meg\u00faj\u00edtsuk \u00e9s minden szempontb\u00f3l jobb\u00e1 tegy\u00fck a helyis\u00e9geinket! Frissess\u00e9ge k\u00e9pes kihozni azt a pozitivit\u00e1st, amit n\u00e9ha elvesz\u00edthet\u00fcnk a hossz\u00fa munkamenetek sor\u00e1n.<\/p>\n<p><strong><a href=\"https:\/\/www.specialscentshop.com\/hu\/diffuzorok\/\"><em>Elektromos diff\u00fazorok<\/em><\/a><em> sz\u00e9les v\u00e1laszt\u00e9ka \u00e1ll rendelkez\u00e9sre, bele\u00e9rtve a vadonat\u00faj <a href=\"https:\/\/www.specialscentshop.com\/hu\/termek\/illatositok\/nebula-illatosito-spray\/\">Nebula k\u00e9zi spray-t<\/a>, amely ugyanazzal a porlaszt\u00e1si technik\u00e1val m\u0171k\u00f6dik, mint a diff\u00fazoraink, t\u00f6k\u00e9letes \u00e9s praktikus megold\u00e1s azok sz\u00e1m\u00e1ra, akik szeretn\u00e9k kipr\u00f3b\u00e1lni term\u00e9keinket nagyobb mennyis\u00e9g\u0171 v\u00e1s\u00e1rl\u00e1s el\u0151tt. A Nebula alum\u00edniumb\u00f3l k\u00e9sz\u00fclt, \u00fajrat\u00f6lthet\u0151 \u00e9s k\u00f6rnyezetbar\u00e1t. Az \u00d6n \u00e1ltal v\u00e1lasztott 0,250 g-os illat v\u00e1s\u00e1rl\u00e1sa mell\u00e9 ingyenesen adjuk a Nebula illatszert.<\/em><\/strong><\/p>\n<h2><strong>K\u00fcl\u00f6n\u00f6sen alkalmas:<\/strong><\/h2>\n<p>\u00cdme egy lista azokr\u00f3l a k\u00f6rnyezetekr\u0151l, ahol a Z\u00f6ldalma illatos\u00edt\u00f3 g\u00e9l j\u00f3l illeszkedik:<\/p>\n<ul>\n<li>Konyha<\/li>\n<li>\u00c9tkez\u0151<\/li>\n<li>Nappali<\/li>\n<li>H\u00e1l\u00f3szoba<\/li>\n<li>Iroda<\/li>\n<li>Gyermekek j\u00e1tsz\u00f3szob\u00e1ja<\/li>\n<li>Sz\u00e9ps\u00e9g\u00e1pol\u00f3 helyis\u00e9gek<\/li>\n<li>Massz\u00e1zsszob\u00e1k<\/li>\n<li>Vid\u00e9ki vagy rusztikus t\u00e9m\u00e1j\u00fa rendezv\u00e9nytermek<\/li>\n<li>T\u00e9likertek vagy \u00fcvegh\u00e1zak<\/li>\n<li>\u00c9ttermek, klubok, \u00fczletek \u00e9s nagytermek<\/li>\n<\/ul>\n<p><em><strong>tudjon meg t\u00f6bbet: <a href=\"https:\/\/www.specialscentshop.com\/hu\/product\/hawaii-rozsa\/\">Hawaii r\u00f3zsa<\/a><\/strong><\/em><\/p>\n<\/div>\n","protected":false},"excerpt":{"rendered":"<section class=\"av_textblock_section \">\n<div class=\"avia_textblock \">\n<h3>Z\u00f6ldalma illatos\u00edt\u00f3 g\u00e9l illatjegyei: fejjegyek<\/h3>\n<p>Az alma \u00f6sszes fajt\u00e1i k\u00f6z\u00fcl minden bizonnyal a Z\u00f6ldalma az, amely kiemelkedik savany\u00fa illat\u00e1val. Kellemes \u00e9s balzsamos, amikor terjed a leveg\u0151be eg\u00e9sz nap tart\u00f3 energi\u00e1t ad. Gy\u00fcm\u00f6lcs\u00f6s illata serkenti a testet, de az elm\u00e9t is, hogy nyugodtan tudjon szemben\u00e9zni egy mozgalmas napnak.<br \/>\nA z\u00f6ldalm\u00e1nak az esszenci\u00e1j\u00e1t kem\u00e9ny <strong>ILLATOS\u00cdT\u00d3 G\u00c9L <\/strong>form\u00e1ban k\u00edn\u00e1ljuk, mely haszn\u00e1lhat\u00f3 az \u00e1ltalunk k\u00edn\u00e1lt <strong><a href=\"https:\/\/www.specialscentshop.com\/hu\/termek\/illatositok\/automata-legfrissito-scent-100\/\">Scent 100 diff\u00fazorban<\/a><\/strong>.<\/p>\n<\/div>\n<\/section>\n","protected":false},"featured_media":35339,"template":"","meta":{"_acf_changed":false},"product_brand":[],"product_cat":[78,508],"product_tag":[669,670,674,677,681],"class_list":{"0":"post-33825","1":"product","2":"type-product","3":"status-publish","4":"has-post-thumbnail","6":"product_cat-illatok","7":"product_cat-gel-hu-2","8":"product_tag-autok","9":"product_tag-hazak","10":"product_tag-szallodak-es-panziok","11":"product_tag-edzotermek","12":"product_tag-iroda","14":"first","15":"outofstock","16":"taxable","17":"shipping-taxable","18":"purchasable","19":"product-type-variable"},"acf":[],"_links":{"self":[{"href":"https:\/\/www.specialscentshop.com\/hu\/wp-json\/wp\/v2\/product\/33825","targetHints":{"allow":["GET"]}}],"collection":[{"href":"https:\/\/www.specialscentshop.com\/hu\/wp-json\/wp\/v2\/product"}],"about":[{"href":"https:\/\/www.specialscentshop.com\/hu\/wp-json\/wp\/v2\/types\/product"}],"wp:featuredmedia":[{"embeddable":true,"href":"https:\/\/www.specialscentshop.com\/hu\/wp-json\/wp\/v2\/media\/35339"}],"wp:attachment":[{"href":"https:\/\/www.specialscentshop.com\/hu\/wp-json\/wp\/v2\/media?parent=33825"}],"wp:term":[{"taxonomy":"product_brand","embeddable":true,"href":"https:\/\/www.specialscentshop.com\/hu\/wp-json\/wp\/v2\/product_brand?post=33825"},{"taxonomy":"product_cat","embeddable":true,"href":"https:\/\/www.specialscentshop.com\/hu\/wp-json\/wp\/v2\/product_cat?post=33825"},{"taxonomy":"product_tag","embeddable":true,"href":"https:\/\/www.specialscentshop.com\/hu\/wp-json\/wp\/v2\/product_tag?post=33825"}],"curies":[{"name":"wp","href":"https:\/\/api.w.org\/{rel}","templated":true}]}}