{"id":37112,"date":"2022-10-03T00:00:00","date_gmt":"2022-10-02T22:00:00","guid":{"rendered":"https:\/\/specialscentshop.com\/product\/nebula-erogatore-nebulizzatore-fragranze-ambienti-2\/"},"modified":"2025-02-22T09:11:07","modified_gmt":"2025-02-22T08:11:07","slug":"nebula-illatosito-spray","status":"publish","type":"product","link":"https:\/\/www.specialscentshop.com\/hu\/termek\/nebula-illatosito-spray\/","title":{"rendered":"Nebula illatos\u00edt\u00f3"},"content":{"rendered":"<h2><strong>Hol haszn\u00e1lhat\u00f3 a Nebula illatos\u00edt\u00f3 spray 250 Gr?<\/strong><\/h2>\n<ul>\n<li>B\u00e1rmilyen z\u00e1rt k\u00f6rnyezetben porlaszthat\u00f3 illat, ami sok\u00e1ig megmarad.<\/li>\n<li>Eloszlathatja kereskedelmi egys\u00e9g\u00e9ben, hogy azonnal professzion\u00e1lis m\u00f3don illatos\u00edthassa a k\u00f6rnyezetet.<\/li>\n<li>Ide\u00e1lis b\u00e1rok, cukr\u00e1szd\u00e1k, sz\u00e1llod\u00e1k sz\u00e1m\u00e1ra, hogy kihaszn\u00e1lj\u00e1k az illatmarketingben rejl\u0151 lehet\u0151s\u00e9geket az \u00e9lelmiszer-illatanyagainkkal.<\/li>\n<li>Sz\u00e1llod\u00e1kban, hogy hangulatoss\u00e1 tegye a szob\u00e1t, amikor a vend\u00e9gek meg\u00e9rkeznek, a Nebula porlaszt\u00e1s\u00e1val takar\u00edt\u00e1s ut\u00e1n.<\/li>\n<li>Illatos\u00edtsa otthon\u00e1t, hogy k\u00e9nyelmess\u00e9 tegye azt a <strong>Special scent illatos\u00edt\u00f3k<\/strong> kiv\u00e1laszt\u00e1s\u00e1val.<\/li>\n<li>A Nebula-t haszn\u00e1lhatja, miel\u0151tt p\u00e9nzt fektetne be <a href=\"https:\/\/www.specialscentshop.com\/hu\/diffuzorok\/\">elektromos illatos\u00edt\u00f3ba<\/a>, hogy kipr\u00f3b\u00e1lja a szobaillatos\u00edt\u00e1sban rejl\u0151 lehet\u0151s\u00e9geket.<\/li>\n<\/ul>\n<h2><strong>M\u0171szaki adatok Nebula <\/strong><strong>illatos\u00edt\u00f3 spray\u00a0 <\/strong><strong>250 Gr<\/strong><\/h2>\n<ul>\n<li>250 Gr alum\u00ednium tart\u00e1ly, k\u00f6nnyen \u00fajrahasznos\u00edthat\u00f3. A Nebula egy z\u00f6ld term\u00e9k. Tiszteletben tartja a k\u00f6rnyezetet \u00e9s \u00fajrat\u00f6lthet\u0151.<\/li>\n<li>Az alum\u00ednium biztos\u00edtja, hogy az illat id\u0151vel nem v\u00e1ltozik, \u00e9s minden alkalommal, amikor a benne l\u00e9v\u0151 term\u00e9k elfogy, \u00fajrat\u00f6ltheti egy m\u00e1sik illattal.<\/li>\n<li>Ugyanazzal a porlaszt\u00e1si technik\u00e1val m\u0171k\u00f6dik, mint a k\u00f6zepes \u00e9s nagy elektromos illatos\u00edt\u00f3ink, t\u00f6k\u00e9letes \u00e9s gazdas\u00e1gos megold\u00e1s azok sz\u00e1m\u00e1ra, akik a g\u00e9p megv\u00e1s\u00e1rl\u00e1sa el\u0151tt szeretn\u00e9k kipr\u00f3b\u00e1lni term\u00e9keinket.<\/li>\n<li>Az igazi \u00e9rt\u00e9k a belet\u00f6lt\u00f6tt illatban rejlik, abban az illatban, amelyik a legk\u00f6zelebb \u00e1ll az \u00d6n \u00edzl\u00e9s\u00e9hez. <strong>Nebula<\/strong> a legjobb megold\u00e1s a <strong>l\u00e9gterek illatos\u00edt\u00e1s\u00e1hoz<\/strong><\/li>\n<\/ul>\n<p><strong><u>V\u00e1lassza ki az \u00d6n \u00e1ltal prefer\u00e1lt illatot, \u00e9s kapja meg a Nebula 250 Gr illatos\u00edt\u00f3t ingyenesen<\/u><\/strong><\/p>\n<p>Ne t\u00e9vesszen meg az egyszer\u0171 megjelen\u00e9s. A <strong>Nebula<\/strong> egy z\u00f6ld term\u00e9k. Tiszteletben tartja a k\u00f6rnyezetet \u00e9s \u00fajrat\u00f6lthet\u0151.<\/p>\n<p>\u00dagy d\u00f6nt\u00f6tt\u00fcnk, hogy csak k\u00f6rnyezetk\u00edm\u00e9l\u0151 term\u00e9keket hozunk l\u00e9tre \u00e9s n\u00e9pszer\u0171s\u00edt\u00fcnk.\u00a0 Megjelen\u00e9se egyszer\u0171 \u00e9s l\u00e9nyeges, kev\u00e9sb\u00e9 figyelemfelkelt\u0151, de hat\u00e1rozottan a fenntarthat\u00f3s\u00e1g mellett sz\u00f3l.<\/p>\n<p>Az igazi \u00e9rt\u00e9k a belet\u00f6lt\u00f6tt illatban rejlik, abban az illatban, amelyik a legk\u00f6zelebb \u00e1ll az \u00d6n \u00edzl\u00e9s\u00e9hez. <strong>Nebula<\/strong> a legjobb megold\u00e1s a\u00a0<u>l\u00e9gterek illatos\u00edt\u00e1s\u00e1hoz<\/u>.<\/p>\n<p>&nbsp;<\/p>\n<p><em><strong>tudjon meg t\u00f6bbet: <a href=\"https:\/\/www.specialscentshop.com\/hu\/illatok\/\">Illatok<\/a><\/strong><\/em><\/p>\n","protected":false},"excerpt":{"rendered":"<h3><strong>Illatos\u00edt\u00f3 spray Nebula<\/strong><\/h3>\n<p>Egy kis befektet\u00e9ssel megtal\u00e1lta az ide\u00e1lis professzion\u00e1lis megold\u00e1st, amellyel bar\u00e1ts\u00e1gosabb\u00e1 teheti k\u00f6rnyezet\u00e9t.<\/p>\n<p><strong><u>A NEBULA ingyenes az \u00d6n \u00e1ltal v\u00e1lasztott illatanyag megv\u00e1s\u00e1rl\u00e1s\u00e1val.<\/u><\/strong><\/p>\n","protected":false},"featured_media":35143,"template":"","meta":{"_acf_changed":false},"product_brand":[],"product_cat":[84],"product_tag":[676,677,678,679,680,681,670,671,674],"class_list":{"0":"post-37112","1":"product","2":"type-product","3":"status-publish","4":"has-post-thumbnail","6":"product_cat-illatositok","7":"product_tag-uzletek-bevasarlo-kozpontok","8":"product_tag-edzotermek","9":"product_tag-ettermek-barok-klubok","10":"product_tag-jatek-termek","11":"product_tag-orvosi-rendelok-klinikak","12":"product_tag-iroda","13":"product_tag-hazak","14":"product_tag-tarsashazak","15":"product_tag-szallodak-es-panziok","17":"first","18":"instock","19":"taxable","20":"shipping-taxable","21":"purchasable","22":"product-type-variable"},"acf":[],"_links":{"self":[{"href":"https:\/\/www.specialscentshop.com\/hu\/wp-json\/wp\/v2\/product\/37112","targetHints":{"allow":["GET"]}}],"collection":[{"href":"https:\/\/www.specialscentshop.com\/hu\/wp-json\/wp\/v2\/product"}],"about":[{"href":"https:\/\/www.specialscentshop.com\/hu\/wp-json\/wp\/v2\/types\/product"}],"wp:featuredmedia":[{"embeddable":true,"href":"https:\/\/www.specialscentshop.com\/hu\/wp-json\/wp\/v2\/media\/35143"}],"wp:attachment":[{"href":"https:\/\/www.specialscentshop.com\/hu\/wp-json\/wp\/v2\/media?parent=37112"}],"wp:term":[{"taxonomy":"product_brand","embeddable":true,"href":"https:\/\/www.specialscentshop.com\/hu\/wp-json\/wp\/v2\/product_brand?post=37112"},{"taxonomy":"product_cat","embeddable":true,"href":"https:\/\/www.specialscentshop.com\/hu\/wp-json\/wp\/v2\/product_cat?post=37112"},{"taxonomy":"product_tag","embeddable":true,"href":"https:\/\/www.specialscentshop.com\/hu\/wp-json\/wp\/v2\/product_tag?post=37112"}],"curies":[{"name":"wp","href":"https:\/\/api.w.org\/{rel}","templated":true}]}}